{"id":28089,"date":"2024-12-20T18:34:39","date_gmt":"2024-12-20T18:34:39","guid":{"rendered":"https:\/\/thuisbatterijoutlet.eu\/?post_type=product&#038;p=28089"},"modified":"2025-03-08T07:38:19","modified_gmt":"2025-03-08T07:38:19","slug":"tigo-ei-link-3ph-tss-3ps","status":"publish","type":"product","link":"https:\/\/thuisbatterijoutlet.eu\/de\/produkt\/tigo-ei-link-3ph-tss-3ps\/","title":{"rendered":"Tigo EI Link 3PH TSS-3PS"},"content":{"rendered":"<p>Der EI Link bringt alle Komponenten der Tigo EI Residential Solution zusammen. Er verbindet den EI-Wechselrichter physisch mit der EI-Batterie mit einem Minimum an Kabeln. Er kommuniziert drahtlos mit den an jedem Modul angeschlossenen Tigo TS4s und kommuniziert mit der Cloud f\u00fcr eine einfache Inbetriebnahme, Fern\u00fcberwachung, drahtlose Updates und mehr.<br \/> Merkmale und Vorteile - Zentralisierte Verkabelung verbindet den EI-Wechselrichter mit der EI-Batterie. - Eingebautes CCA erm\u00f6glicht die \u00dcberwachung auf System- und Modulebene - Anschluss an Tigo TS4s \u00fcber einen Tigo Access Point (TAP) - Im Lieferumfang enthalten - 60 Monate Garantie<br \/> ESTG ist ein Gro\u00dfh\u00e4ndler f\u00fcr Solarmodule und andere langlebige Elektroartikel wie Wechselrichter, Ladestationen, Hausbatterien und Infrarotheizungen. Mit einer breiten Palette von A-Marken beliefert ESTG Installateure in ganz Europa.<br \/> Alle anzeigen<\/p>","protected":false},"excerpt":{"rendered":"<p>EI Link f\u00fcr 3-phasige TIGO EI-Wechselrichter<\/p>","protected":false},"featured_media":28172,"comment_status":"open","ping_status":"closed","template":"","meta":[],"pwb-brand":[],"product_brand":[],"product_cat":[77],"product_tag":[],"class_list":{"0":"post-28089","1":"product","2":"type-product","3":"status-publish","4":"has-post-thumbnail","6":"product_cat-thuisbatterijen","8":"first","9":"instock","10":"shipping-taxable","11":"purchasable","12":"product-type-simple"},"brands":[],"_links":{"self":[{"href":"https:\/\/thuisbatterijoutlet.eu\/de\/wp-json\/wp\/v2\/product\/28089","targetHints":{"allow":["GET"]}}],"collection":[{"href":"https:\/\/thuisbatterijoutlet.eu\/de\/wp-json\/wp\/v2\/product"}],"about":[{"href":"https:\/\/thuisbatterijoutlet.eu\/de\/wp-json\/wp\/v2\/types\/product"}],"replies":[{"embeddable":true,"href":"https:\/\/thuisbatterijoutlet.eu\/de\/wp-json\/wp\/v2\/comments?post=28089"}],"version-history":[{"count":1,"href":"https:\/\/thuisbatterijoutlet.eu\/de\/wp-json\/wp\/v2\/product\/28089\/revisions"}],"predecessor-version":[{"id":28173,"href":"https:\/\/thuisbatterijoutlet.eu\/de\/wp-json\/wp\/v2\/product\/28089\/revisions\/28173"}],"wp:featuredmedia":[{"embeddable":true,"href":"https:\/\/thuisbatterijoutlet.eu\/de\/wp-json\/wp\/v2\/media\/28172"}],"wp:attachment":[{"href":"https:\/\/thuisbatterijoutlet.eu\/de\/wp-json\/wp\/v2\/media?parent=28089"}],"wp:term":[{"taxonomy":"pwb-brand","embeddable":true,"href":"https:\/\/thuisbatterijoutlet.eu\/de\/wp-json\/wp\/v2\/pwb-brand?post=28089"},{"taxonomy":"product_brand","embeddable":true,"href":"https:\/\/thuisbatterijoutlet.eu\/de\/wp-json\/wp\/v2\/product_brand?post=28089"},{"taxonomy":"product_cat","embeddable":true,"href":"https:\/\/thuisbatterijoutlet.eu\/de\/wp-json\/wp\/v2\/product_cat?post=28089"},{"taxonomy":"product_tag","embeddable":true,"href":"https:\/\/thuisbatterijoutlet.eu\/de\/wp-json\/wp\/v2\/product_tag?post=28089"}],"curies":[{"name":"wp","href":"https:\/\/api.w.org\/{rel}","templated":true}]}}