{"id":28162,"date":"2024-12-20T18:35:23","date_gmt":"2024-12-20T18:35:23","guid":{"rendered":"https:\/\/thuisbatterijoutlet.eu\/?post_type=product&#038;p=28162"},"modified":"2025-03-08T07:38:13","modified_gmt":"2025-03-08T07:38:13","slug":"enphase-iq-batterij-10t","status":"publish","type":"product","link":"https:\/\/thuisbatterijoutlet.eu\/de\/produkt\/enphase-iq-batterie-10t-2\/","title":{"rendered":"Enphase IQ Batterie 10T"},"content":{"rendered":"<p>Hinweis: Dieses Produkt ist nur f\u00fcr den DACH-Markt (Frankreich, Belgien und die Niederlande) geeignet.<br \/> Das Enphase Encharge 10T\u2122 All-in-One-Speichersystem mit AC-Anschluss ist zuverl\u00e4ssig, intelligent, einfach und sicher. Es besteht aus drei Encharge 3T\u2122 Basiseinheiten und verf\u00fcgt \u00fcber eine nutzbare Gesamtspeicherkapazit\u00e4t von 10,5 kWh und zw\u00f6lf integrierte Mikro-Wechselrichter mit einer Leistung von 3,84 kW. Installateure k\u00f6nnen schnell die richtige Systemgr\u00f6\u00dfe f\u00fcr die Bed\u00fcrfnisse von Neukunden und Kunden, die bereits Solarmodule besitzen, zusammenstellen.<br \/> Nur von Enphase zertifizierte Installateure k\u00f6nnen IQ Battery aktivieren. Um zertifiziert zu werden, m\u00fcssen Installateure die folgenden drei Schritte befolgen:<\/p>\n<p>Vollst\u00e4ndiges E-Learning der Enphase Universit\u00e4t<br \/> Teilen Sie Ihren ersten Systementwurf mit dem Enphase FAE (Kevin Duerloo f\u00fcr Belgien)<br \/> Planen Sie die erste Installation mit dem Enphase FAE (White Glove Service)<\/p>","protected":false},"excerpt":{"rendered":"<p>Nur f\u00fcr die DACH-Region, Frankreich, Belgien und die Niederlande<\/p>","protected":false},"featured_media":28260,"comment_status":"open","ping_status":"closed","template":"","meta":[],"pwb-brand":[151],"product_brand":[],"product_cat":[77],"product_tag":[],"class_list":{"0":"post-28162","1":"product","2":"type-product","3":"status-publish","4":"has-post-thumbnail","6":"pwb-brand-enphase","7":"product_cat-thuisbatterijen","9":"first","10":"instock","11":"shipping-taxable","12":"purchasable","13":"product-type-simple"},"brands":[{"id":151,"name":"Enphase","slug":"enphase"}],"_links":{"self":[{"href":"https:\/\/thuisbatterijoutlet.eu\/de\/wp-json\/wp\/v2\/product\/28162","targetHints":{"allow":["GET"]}}],"collection":[{"href":"https:\/\/thuisbatterijoutlet.eu\/de\/wp-json\/wp\/v2\/product"}],"about":[{"href":"https:\/\/thuisbatterijoutlet.eu\/de\/wp-json\/wp\/v2\/types\/product"}],"replies":[{"embeddable":true,"href":"https:\/\/thuisbatterijoutlet.eu\/de\/wp-json\/wp\/v2\/comments?post=28162"}],"version-history":[{"count":1,"href":"https:\/\/thuisbatterijoutlet.eu\/de\/wp-json\/wp\/v2\/product\/28162\/revisions"}],"predecessor-version":[{"id":28261,"href":"https:\/\/thuisbatterijoutlet.eu\/de\/wp-json\/wp\/v2\/product\/28162\/revisions\/28261"}],"wp:featuredmedia":[{"embeddable":true,"href":"https:\/\/thuisbatterijoutlet.eu\/de\/wp-json\/wp\/v2\/media\/28260"}],"wp:attachment":[{"href":"https:\/\/thuisbatterijoutlet.eu\/de\/wp-json\/wp\/v2\/media?parent=28162"}],"wp:term":[{"taxonomy":"pwb-brand","embeddable":true,"href":"https:\/\/thuisbatterijoutlet.eu\/de\/wp-json\/wp\/v2\/pwb-brand?post=28162"},{"taxonomy":"product_brand","embeddable":true,"href":"https:\/\/thuisbatterijoutlet.eu\/de\/wp-json\/wp\/v2\/product_brand?post=28162"},{"taxonomy":"product_cat","embeddable":true,"href":"https:\/\/thuisbatterijoutlet.eu\/de\/wp-json\/wp\/v2\/product_cat?post=28162"},{"taxonomy":"product_tag","embeddable":true,"href":"https:\/\/thuisbatterijoutlet.eu\/de\/wp-json\/wp\/v2\/product_tag?post=28162"}],"curies":[{"name":"wp","href":"https:\/\/api.w.org\/{rel}","templated":true}]}}