{"id":28251,"date":"2024-12-20T18:37:00","date_gmt":"2024-12-20T18:37:00","guid":{"rendered":"https:\/\/thuisbatterijoutlet.eu\/?post_type=product&#038;p=28251"},"modified":"2025-03-08T07:38:00","modified_gmt":"2025-03-08T07:38:00","slug":"sungrow-single-phase-hybrid-ess-3-0kw-9-6kwh-storage","status":"publish","type":"product","link":"https:\/\/thuisbatterijoutlet.eu\/de\/produkt\/sungrow-einphasiger-hybrid-ess-3-0kw-9-6kwh-speicher\/","title":{"rendered":"Sungrow - Einphasiger Hybrid ESS 3,0kW, 9,6kWh Speicher"},"content":{"rendered":"<p>Sungrow - 1-phasiger 3.0kW Hybrid-Wechselrichter mit 9.6kWh Batterie Ein komplettes Hybrid-Batteriesystem f\u00fcr Heimanwendungen.  Dieses Komplettset enth\u00e4lt die folgenden Komponenten: Sungrow - SH3.0RS Wechselrichter 223301 Sungrow - SBR 9,6kWh-HV-Batterie 223353 Inklusive Energiez\u00e4hler und Ethernet\/Wi-Fi-Dongle Sungrow - Residential Hybrid 1-phasiges Energiespeichersystem Flexible Anwendung Ideal f\u00fcr Nachr\u00fcstung und Neuinstallation Kompakt und leicht, geeignet f\u00fcr Ein-Personen-Installation Erweiterbare Batteriekapazit\u00e4t \u00fcber die gesamte Lebensdauer, unterst\u00fctzt 3 bis 6 Batteriemodule pro ESS Bis zu 4 Speichersysteme parallel in einem System, bis zu 40 kW Leistung und 76 kWh Kapazit\u00e4t Energieunabh\u00e4ngigkeit Nahtloser \u00dcbergang zum Back-up-Modus, zum Schutz vor Netzausfall. Eingebautes EMS mit fortschrittlichen Anpassungsm\u00f6glichkeiten Intelligente Verwaltung iSolarCloud-\u00dcberwachung \u00fcber App und Web Echtzeitdaten (Aktualisierungsabfrage alle 10 Sekunden) Online-IV-Kurvenscan und Diagnose Sichere Lithium-Eisenphosphat-Batteriezellen Mehrstufiger Schutz und Zertifizierung Hoher Wirkungsgrad Bis zu 30 A Dauerlade- und Entladestrom mit hohem Wirkungsgrad 100% DoD<\/p>","protected":false},"excerpt":{"rendered":"<p>Komplettset | inklusive Energiez\u00e4hler und \u00dcberwachungsdongle<\/p>","protected":false},"featured_media":28365,"comment_status":"open","ping_status":"closed","template":"","meta":[],"pwb-brand":[391],"product_brand":[],"product_cat":[77],"product_tag":[],"class_list":{"0":"post-28251","1":"product","2":"type-product","3":"status-publish","4":"has-post-thumbnail","6":"pwb-brand-sungrow","7":"product_cat-thuisbatterijen","9":"first","10":"instock","11":"shipping-taxable","12":"purchasable","13":"product-type-simple"},"brands":[{"id":391,"name":"Sungrow","slug":"sungrow"}],"_links":{"self":[{"href":"https:\/\/thuisbatterijoutlet.eu\/de\/wp-json\/wp\/v2\/product\/28251","targetHints":{"allow":["GET"]}}],"collection":[{"href":"https:\/\/thuisbatterijoutlet.eu\/de\/wp-json\/wp\/v2\/product"}],"about":[{"href":"https:\/\/thuisbatterijoutlet.eu\/de\/wp-json\/wp\/v2\/types\/product"}],"replies":[{"embeddable":true,"href":"https:\/\/thuisbatterijoutlet.eu\/de\/wp-json\/wp\/v2\/comments?post=28251"}],"version-history":[{"count":1,"href":"https:\/\/thuisbatterijoutlet.eu\/de\/wp-json\/wp\/v2\/product\/28251\/revisions"}],"predecessor-version":[{"id":28366,"href":"https:\/\/thuisbatterijoutlet.eu\/de\/wp-json\/wp\/v2\/product\/28251\/revisions\/28366"}],"wp:featuredmedia":[{"embeddable":true,"href":"https:\/\/thuisbatterijoutlet.eu\/de\/wp-json\/wp\/v2\/media\/28365"}],"wp:attachment":[{"href":"https:\/\/thuisbatterijoutlet.eu\/de\/wp-json\/wp\/v2\/media?parent=28251"}],"wp:term":[{"taxonomy":"pwb-brand","embeddable":true,"href":"https:\/\/thuisbatterijoutlet.eu\/de\/wp-json\/wp\/v2\/pwb-brand?post=28251"},{"taxonomy":"product_brand","embeddable":true,"href":"https:\/\/thuisbatterijoutlet.eu\/de\/wp-json\/wp\/v2\/product_brand?post=28251"},{"taxonomy":"product_cat","embeddable":true,"href":"https:\/\/thuisbatterijoutlet.eu\/de\/wp-json\/wp\/v2\/product_cat?post=28251"},{"taxonomy":"product_tag","embeddable":true,"href":"https:\/\/thuisbatterijoutlet.eu\/de\/wp-json\/wp\/v2\/product_tag?post=28251"}],"curies":[{"name":"wp","href":"https:\/\/api.w.org\/{rel}","templated":true}]}}