{"id":28275,"date":"2024-12-20T18:37:28","date_gmt":"2024-12-20T18:37:28","guid":{"rendered":"https:\/\/thuisbatterijoutlet.eu\/?post_type=product&#038;p=28275"},"modified":"2025-03-08T07:37:59","modified_gmt":"2025-03-08T07:37:59","slug":"byd-combiner-box-for-battery-box-premium-hvs-hvm","status":"publish","type":"product","link":"https:\/\/thuisbatterijoutlet.eu\/de\/produkt\/byd-kombinationskasten-fur-batteriekasten-premium-hvs-hvm\/","title":{"rendered":"BYD Combiner Box f\u00fcr Battery-Box Premium HVS &amp; HVM"},"content":{"rendered":"<p>Wir freuen uns, Ihnen mitteilen zu k\u00f6nnen, dass die Combiner Box f\u00fcr die BYD Battery-Box Premium HVS &amp; HVM ab sofort bestellbar ist. die Premium HV Combiner Box ist f\u00fcr die Parallelschaltung von 2 oder 3 Battery-Box Premium HVS\/HVM T\u00fcrmen geeignet und bietet eine einfache und sichere L\u00f6sung f\u00fcr die DC-Verkabelung. alle zugeh\u00f6rigen Dokumente finden Sie im Download-Center, hier finden Sie die notwendigen Informationen f\u00fcr die Installation und Konfiguration. Bitte \u00fcberpr\u00fcfen Sie vor der Installation die BYD Battery-Box Premium HVS &amp; HVM kompatible Wechselrichterliste-v2.2 und stellen Sie sicher, dass die geplante Konfiguration mit der BYD Premium HVS kompatiblen Wechselrichterliste \u00fcbereinstimmt und die T\u00fcrme die gleiche Modulmenge haben.<\/p>","protected":false},"excerpt":{"rendered":"<p>Wir freuen uns, Ihnen mitteilen zu k\u00f6nnen, dass die Combiner Box f\u00fcr BYD Battery-Box Premium HVS &amp; HVM fertig ist.<\/p>","protected":false},"featured_media":28389,"comment_status":"open","ping_status":"closed","template":"","meta":[],"pwb-brand":[150],"product_brand":[],"product_cat":[77],"product_tag":[],"class_list":{"0":"post-28275","1":"product","2":"type-product","3":"status-publish","4":"has-post-thumbnail","6":"pwb-brand-byd","7":"product_cat-thuisbatterijen","9":"first","10":"instock","11":"shipping-taxable","12":"purchasable","13":"product-type-simple"},"brands":[{"id":150,"name":"BYD","slug":"byd"}],"_links":{"self":[{"href":"https:\/\/thuisbatterijoutlet.eu\/de\/wp-json\/wp\/v2\/product\/28275","targetHints":{"allow":["GET"]}}],"collection":[{"href":"https:\/\/thuisbatterijoutlet.eu\/de\/wp-json\/wp\/v2\/product"}],"about":[{"href":"https:\/\/thuisbatterijoutlet.eu\/de\/wp-json\/wp\/v2\/types\/product"}],"replies":[{"embeddable":true,"href":"https:\/\/thuisbatterijoutlet.eu\/de\/wp-json\/wp\/v2\/comments?post=28275"}],"version-history":[{"count":1,"href":"https:\/\/thuisbatterijoutlet.eu\/de\/wp-json\/wp\/v2\/product\/28275\/revisions"}],"predecessor-version":[{"id":28390,"href":"https:\/\/thuisbatterijoutlet.eu\/de\/wp-json\/wp\/v2\/product\/28275\/revisions\/28390"}],"wp:featuredmedia":[{"embeddable":true,"href":"https:\/\/thuisbatterijoutlet.eu\/de\/wp-json\/wp\/v2\/media\/28389"}],"wp:attachment":[{"href":"https:\/\/thuisbatterijoutlet.eu\/de\/wp-json\/wp\/v2\/media?parent=28275"}],"wp:term":[{"taxonomy":"pwb-brand","embeddable":true,"href":"https:\/\/thuisbatterijoutlet.eu\/de\/wp-json\/wp\/v2\/pwb-brand?post=28275"},{"taxonomy":"product_brand","embeddable":true,"href":"https:\/\/thuisbatterijoutlet.eu\/de\/wp-json\/wp\/v2\/product_brand?post=28275"},{"taxonomy":"product_cat","embeddable":true,"href":"https:\/\/thuisbatterijoutlet.eu\/de\/wp-json\/wp\/v2\/product_cat?post=28275"},{"taxonomy":"product_tag","embeddable":true,"href":"https:\/\/thuisbatterijoutlet.eu\/de\/wp-json\/wp\/v2\/product_tag?post=28275"}],"curies":[{"name":"wp","href":"https:\/\/api.w.org\/{rel}","templated":true}]}}