{"id":28354,"date":"2024-12-20T18:38:33","date_gmt":"2024-12-20T18:38:33","guid":{"rendered":"https:\/\/thuisbatterijoutlet.eu\/?post_type=product&#038;p=28354"},"modified":"2025-03-08T07:37:47","modified_gmt":"2025-03-08T07:37:47","slug":"pylon-us3000-3-55kwh-lithium-battery","status":"publish","type":"product","link":"https:\/\/thuisbatterijoutlet.eu\/de\/produkt\/pylon-us3000-3-55kwh-lithium-batterie\/","title":{"rendered":"Pylon US3000 3,55kWh Lithium-Batterie"},"content":{"rendered":"<p>US3000 Our ist das neueste HESS-Batteriesystem von Pylontech, das auf der Grundlage unserer langj\u00e4hrigen Erfahrung in mehr als 20000 Haushalten entwickelt wurde. Die lange Lebensdauer, die h\u00f6chste Energie- und Leistungsdichte in der Branche, das modische Design, die einfache Installation und Erweiterung spiegeln die tats\u00e4chlichen Anforderungen der Endnutzer und die st\u00e4rksten technischen F\u00e4higkeiten von Pylontech wider.- Vertikale Industrieintegration gew\u00e4hrleistet \u00fcber 6000 Zyklen mit 90% DOD - Kompaktes und modisches Design passt in Ihr trautes Heim - Modulares Design gibt dem Endkunden die M\u00f6glichkeit, die Kapazit\u00e4t zu w\u00e4hlen - Kompatibel mit den meisten verf\u00fcgbaren Hybrid-Wechselrichtern - Einfache SchnallenbefestigungMinimieren Sie Installationszeit und -kosten - Sicherheitszertifikat CE UN38.3<\/p>","protected":false},"excerpt":{"rendered":"<p>US3000 Unser ist das neueste HESS-Batteriesystem von Pylontech mit unserer reichen Erfahrung, unser Produkt in mehr als 20000<\/p>","protected":false},"featured_media":28445,"comment_status":"open","ping_status":"closed","template":"","meta":[],"pwb-brand":[155],"product_brand":[],"product_cat":[77],"product_tag":[],"class_list":{"0":"post-28354","1":"product","2":"type-product","3":"status-publish","4":"has-post-thumbnail","6":"pwb-brand-pylontech","7":"product_cat-thuisbatterijen","9":"first","10":"instock","11":"shipping-taxable","12":"purchasable","13":"product-type-simple"},"brands":[{"id":155,"name":"Pylontech","slug":"pylontech"}],"_links":{"self":[{"href":"https:\/\/thuisbatterijoutlet.eu\/de\/wp-json\/wp\/v2\/product\/28354","targetHints":{"allow":["GET"]}}],"collection":[{"href":"https:\/\/thuisbatterijoutlet.eu\/de\/wp-json\/wp\/v2\/product"}],"about":[{"href":"https:\/\/thuisbatterijoutlet.eu\/de\/wp-json\/wp\/v2\/types\/product"}],"replies":[{"embeddable":true,"href":"https:\/\/thuisbatterijoutlet.eu\/de\/wp-json\/wp\/v2\/comments?post=28354"}],"version-history":[{"count":1,"href":"https:\/\/thuisbatterijoutlet.eu\/de\/wp-json\/wp\/v2\/product\/28354\/revisions"}],"predecessor-version":[{"id":28446,"href":"https:\/\/thuisbatterijoutlet.eu\/de\/wp-json\/wp\/v2\/product\/28354\/revisions\/28446"}],"wp:featuredmedia":[{"embeddable":true,"href":"https:\/\/thuisbatterijoutlet.eu\/de\/wp-json\/wp\/v2\/media\/28445"}],"wp:attachment":[{"href":"https:\/\/thuisbatterijoutlet.eu\/de\/wp-json\/wp\/v2\/media?parent=28354"}],"wp:term":[{"taxonomy":"pwb-brand","embeddable":true,"href":"https:\/\/thuisbatterijoutlet.eu\/de\/wp-json\/wp\/v2\/pwb-brand?post=28354"},{"taxonomy":"product_brand","embeddable":true,"href":"https:\/\/thuisbatterijoutlet.eu\/de\/wp-json\/wp\/v2\/product_brand?post=28354"},{"taxonomy":"product_cat","embeddable":true,"href":"https:\/\/thuisbatterijoutlet.eu\/de\/wp-json\/wp\/v2\/product_cat?post=28354"},{"taxonomy":"product_tag","embeddable":true,"href":"https:\/\/thuisbatterijoutlet.eu\/de\/wp-json\/wp\/v2\/product_tag?post=28354"}],"curies":[{"name":"wp","href":"https:\/\/api.w.org\/{rel}","templated":true}]}}