{"id":28357,"date":"2024-12-20T18:38:33","date_gmt":"2024-12-20T18:38:33","guid":{"rendered":"https:\/\/thuisbatterijoutlet.eu\/?post_type=product&#038;p=28357"},"modified":"2025-03-08T07:37:49","modified_gmt":"2025-03-08T07:37:49","slug":"pylon-force-h2-3-55kwh-lithium-battery","status":"publish","type":"product","link":"https:\/\/thuisbatterijoutlet.eu\/de\/produkt\/pylon-force-h2-3-55kwh-lithium-batterie\/","title":{"rendered":"Pylon Force-H2 3,55kWh Lithium-Batterie"},"content":{"rendered":"<p>Das neu entwickelte Pylontech-System bietet einen einfachen Anschluss, um wertvolle Zeit f\u00fcr Installateure zu sparen, und bietet flexible Konfigurationen von 96 V bis 384 V Spannung und 7,1 kWh bis 14,21 kWh Kapazit\u00e4t. Die kompatible Innen-\/Au\u00dfenfunktion bietet mehr Installationsoptionen, ideal f\u00fcr gro\u00dfe Haushalte und kleine gewerbliche Anwendungen.<\/p>\n<p>Sie ben\u00f6tigen au\u00dferdem ein BMS: Artikelcode: FC0500M-40S-FH2<\/p>","protected":false},"excerpt":{"rendered":"<p>Das neu konzipierte Pylontech-System bietet eine einfache Verbindung, die den Installateuren wertvolle Zeit spart, und bietet flexible Konfigurationen von<\/p>","protected":false},"featured_media":28451,"comment_status":"open","ping_status":"closed","template":"","meta":[],"pwb-brand":[155],"product_brand":[],"product_cat":[77],"product_tag":[],"class_list":{"0":"post-28357","1":"product","2":"type-product","3":"status-publish","4":"has-post-thumbnail","6":"pwb-brand-pylontech","7":"product_cat-thuisbatterijen","9":"first","10":"instock","11":"shipping-taxable","12":"purchasable","13":"product-type-simple"},"brands":[{"id":155,"name":"Pylontech","slug":"pylontech"}],"_links":{"self":[{"href":"https:\/\/thuisbatterijoutlet.eu\/de\/wp-json\/wp\/v2\/product\/28357","targetHints":{"allow":["GET"]}}],"collection":[{"href":"https:\/\/thuisbatterijoutlet.eu\/de\/wp-json\/wp\/v2\/product"}],"about":[{"href":"https:\/\/thuisbatterijoutlet.eu\/de\/wp-json\/wp\/v2\/types\/product"}],"replies":[{"embeddable":true,"href":"https:\/\/thuisbatterijoutlet.eu\/de\/wp-json\/wp\/v2\/comments?post=28357"}],"version-history":[{"count":1,"href":"https:\/\/thuisbatterijoutlet.eu\/de\/wp-json\/wp\/v2\/product\/28357\/revisions"}],"predecessor-version":[{"id":28452,"href":"https:\/\/thuisbatterijoutlet.eu\/de\/wp-json\/wp\/v2\/product\/28357\/revisions\/28452"}],"wp:featuredmedia":[{"embeddable":true,"href":"https:\/\/thuisbatterijoutlet.eu\/de\/wp-json\/wp\/v2\/media\/28451"}],"wp:attachment":[{"href":"https:\/\/thuisbatterijoutlet.eu\/de\/wp-json\/wp\/v2\/media?parent=28357"}],"wp:term":[{"taxonomy":"pwb-brand","embeddable":true,"href":"https:\/\/thuisbatterijoutlet.eu\/de\/wp-json\/wp\/v2\/pwb-brand?post=28357"},{"taxonomy":"product_brand","embeddable":true,"href":"https:\/\/thuisbatterijoutlet.eu\/de\/wp-json\/wp\/v2\/product_brand?post=28357"},{"taxonomy":"product_cat","embeddable":true,"href":"https:\/\/thuisbatterijoutlet.eu\/de\/wp-json\/wp\/v2\/product_cat?post=28357"},{"taxonomy":"product_tag","embeddable":true,"href":"https:\/\/thuisbatterijoutlet.eu\/de\/wp-json\/wp\/v2\/product_tag?post=28357"}],"curies":[{"name":"wp","href":"https:\/\/api.w.org\/{rel}","templated":true}]}}