{"id":28359,"date":"2024-12-20T18:38:33","date_gmt":"2024-12-20T18:38:33","guid":{"rendered":"https:\/\/thuisbatterijoutlet.eu\/?post_type=product&#038;p=28359"},"modified":"2025-03-08T07:37:51","modified_gmt":"2025-03-08T07:37:51","slug":"dyness-a48100-4-8kwh-lithium-battery-2","status":"publish","type":"product","link":"https:\/\/thuisbatterijoutlet.eu\/de\/produkt\/dyness-a48100-4-8kwh-lithium-batterie-2\/","title":{"rendered":"Dyness A48100 4.8kWh Lithium-Batterie"},"content":{"rendered":"<p>Dyness A48100 4.8kWh Lithium-BatterieZelltechnologie: Li-ion(LFP) - Batteriemodulkapazit\u00e4t: 4.8KWHBatteriemodulspannung: 48VDC - Batteriemodulkapazit\u00e4t: 100AHBatteriemodulzellenmenge: 15 Zellen - Batteriezellenkapazit\u00e4t: 320WHBatteriezellenspannung: 3.2VDC - Batteriezellenkapazit\u00e4t: 100AHBatteriemodulzellenmenge in Serie: 15 PCSBatteriemodul-Ladespannung: 54.75VDCBatterie-Parallelkapazit\u00e4t: 40 Einheiten - Kommunikation: CANBUS \/ RS485Montage: Wandmontage &amp; RackmontageLade-\/Entladestrom50A empfohlen - 75A maximal100A Spitzenwert bei 15S UmgebungsbedingungenLadebedingungen: 0\u00b0C bis 55\u00b0CEntladebedingungen: -20\u00b0C bis 55\u00b0CRelative Luftfeuchtigkeit: 5% bis 85% (nicht kondensierend)Geh\u00e4useschutz: IP20<\/p>","protected":false},"excerpt":{"rendered":"<p>Dyness A48100 4.8kWh Lithium-BatterieZelltechnologie: Li-ion(LFP) - Batteriemodulkapazit\u00e4t: 4.8KWHBatteriemodulspannung: 48VDC - Batteriemodulkapazit\u00e4t: 100AHBatterie<\/p>","protected":false},"featured_media":28460,"comment_status":"open","ping_status":"closed","template":"","meta":[],"pwb-brand":[],"product_brand":[],"product_cat":[77],"product_tag":[],"class_list":{"0":"post-28359","1":"product","2":"type-product","3":"status-publish","4":"has-post-thumbnail","6":"product_cat-thuisbatterijen","8":"first","9":"instock","10":"shipping-taxable","11":"purchasable","12":"product-type-simple"},"brands":[],"_links":{"self":[{"href":"https:\/\/thuisbatterijoutlet.eu\/de\/wp-json\/wp\/v2\/product\/28359","targetHints":{"allow":["GET"]}}],"collection":[{"href":"https:\/\/thuisbatterijoutlet.eu\/de\/wp-json\/wp\/v2\/product"}],"about":[{"href":"https:\/\/thuisbatterijoutlet.eu\/de\/wp-json\/wp\/v2\/types\/product"}],"replies":[{"embeddable":true,"href":"https:\/\/thuisbatterijoutlet.eu\/de\/wp-json\/wp\/v2\/comments?post=28359"}],"version-history":[{"count":1,"href":"https:\/\/thuisbatterijoutlet.eu\/de\/wp-json\/wp\/v2\/product\/28359\/revisions"}],"predecessor-version":[{"id":28461,"href":"https:\/\/thuisbatterijoutlet.eu\/de\/wp-json\/wp\/v2\/product\/28359\/revisions\/28461"}],"wp:featuredmedia":[{"embeddable":true,"href":"https:\/\/thuisbatterijoutlet.eu\/de\/wp-json\/wp\/v2\/media\/28460"}],"wp:attachment":[{"href":"https:\/\/thuisbatterijoutlet.eu\/de\/wp-json\/wp\/v2\/media?parent=28359"}],"wp:term":[{"taxonomy":"pwb-brand","embeddable":true,"href":"https:\/\/thuisbatterijoutlet.eu\/de\/wp-json\/wp\/v2\/pwb-brand?post=28359"},{"taxonomy":"product_brand","embeddable":true,"href":"https:\/\/thuisbatterijoutlet.eu\/de\/wp-json\/wp\/v2\/product_brand?post=28359"},{"taxonomy":"product_cat","embeddable":true,"href":"https:\/\/thuisbatterijoutlet.eu\/de\/wp-json\/wp\/v2\/product_cat?post=28359"},{"taxonomy":"product_tag","embeddable":true,"href":"https:\/\/thuisbatterijoutlet.eu\/de\/wp-json\/wp\/v2\/product_tag?post=28359"}],"curies":[{"name":"wp","href":"https:\/\/api.w.org\/{rel}","templated":true}]}}