{"id":28424,"date":"2024-12-20T18:38:55","date_gmt":"2024-12-20T18:38:55","guid":{"rendered":"https:\/\/thuisbatterijoutlet.eu\/?post_type=product&#038;p=28424"},"modified":"2025-03-08T07:37:36","modified_gmt":"2025-03-08T07:37:36","slug":"byd-battery-box-premium-lvs-8-0-thuisbatterij","status":"publish","type":"product","link":"https:\/\/thuisbatterijoutlet.eu\/de\/produkt\/byd-batteriebox-premium-lvs-8-0-batterie-fur-zuhause\/","title":{"rendered":"BYD - Batterie Box Premium LVS 8.0 Hausbatterie"},"content":{"rendered":"<p>Die BYD Battery Box Premium LVS 8.0 ist eine komplette Hausbatterie.<br \/>     Dank BYDs modularem Design ist die Kapazit\u00e4t der Batterie leicht erweiterbar. Das Hinzuf\u00fcgen von Batteriemodulen (662003) erh\u00f6ht die Kapazit\u00e4t.<br \/>     So l\u00e4sst sich f\u00fcr jeden Leistungsbereich\/Haushalt ein passendes Batteriesystem zusammenstellen, ideal f\u00fcr PV-Anlagen im Wohnbereich.<br \/>  Dieses Set ist mit folgenden Wechselrichtern kompatibel: SolarEdge 3-phasig StorEdge SE(5-10)K-RWS48BEN4 Serie Solis 1-phasig RHI-(3-6)K-48ES-5G Serie Solis 1-phasig RAI-3K-48ES-5G Die Vorteile der BYD Battery Box Premium LVS:  Einfache Installation Durch eine verf\u00fcgbare Internetverbindung bietet BYD die M\u00f6glichkeit des Offsite-Supports Geeignet f\u00fcr Hochleistungs-Notstromversorgung Modularer Aufbau, pro Batteriemodul 4 kWh Kapazit\u00e4t Maximale Sicherheit durch eine kobaltfreie Lithium-Eisenphosphat-Zelle und erf\u00fcllt den h\u00f6chsten Sicherheitsstandard (VDE 2510-50) Dieses Komplettset enth\u00e4lt folgende Komponenten: BYD - LVS Power Distribution Unit + Sockel 662004 2x BYD - LVS Batteriemodul 4kWh 662003 BYD - LVS Battery Management Unit 662005 BYD - LVS Kabelsatz 50mm\u00b2 2,5m 430126<\/p>","protected":false},"excerpt":{"rendered":"<p>Kompletter Batteriesatz | 8.0kWh<\/p>","protected":false},"featured_media":28502,"comment_status":"open","ping_status":"closed","template":"","meta":[],"pwb-brand":[150],"product_brand":[],"product_cat":[77],"product_tag":[],"class_list":{"0":"post-28424","1":"product","2":"type-product","3":"status-publish","4":"has-post-thumbnail","6":"pwb-brand-byd","7":"product_cat-thuisbatterijen","9":"first","10":"instock","11":"shipping-taxable","12":"purchasable","13":"product-type-simple"},"brands":[{"id":150,"name":"BYD","slug":"byd"}],"_links":{"self":[{"href":"https:\/\/thuisbatterijoutlet.eu\/de\/wp-json\/wp\/v2\/product\/28424","targetHints":{"allow":["GET"]}}],"collection":[{"href":"https:\/\/thuisbatterijoutlet.eu\/de\/wp-json\/wp\/v2\/product"}],"about":[{"href":"https:\/\/thuisbatterijoutlet.eu\/de\/wp-json\/wp\/v2\/types\/product"}],"replies":[{"embeddable":true,"href":"https:\/\/thuisbatterijoutlet.eu\/de\/wp-json\/wp\/v2\/comments?post=28424"}],"version-history":[{"count":1,"href":"https:\/\/thuisbatterijoutlet.eu\/de\/wp-json\/wp\/v2\/product\/28424\/revisions"}],"predecessor-version":[{"id":28503,"href":"https:\/\/thuisbatterijoutlet.eu\/de\/wp-json\/wp\/v2\/product\/28424\/revisions\/28503"}],"wp:featuredmedia":[{"embeddable":true,"href":"https:\/\/thuisbatterijoutlet.eu\/de\/wp-json\/wp\/v2\/media\/28502"}],"wp:attachment":[{"href":"https:\/\/thuisbatterijoutlet.eu\/de\/wp-json\/wp\/v2\/media?parent=28424"}],"wp:term":[{"taxonomy":"pwb-brand","embeddable":true,"href":"https:\/\/thuisbatterijoutlet.eu\/de\/wp-json\/wp\/v2\/pwb-brand?post=28424"},{"taxonomy":"product_brand","embeddable":true,"href":"https:\/\/thuisbatterijoutlet.eu\/de\/wp-json\/wp\/v2\/product_brand?post=28424"},{"taxonomy":"product_cat","embeddable":true,"href":"https:\/\/thuisbatterijoutlet.eu\/de\/wp-json\/wp\/v2\/product_cat?post=28424"},{"taxonomy":"product_tag","embeddable":true,"href":"https:\/\/thuisbatterijoutlet.eu\/de\/wp-json\/wp\/v2\/product_tag?post=28424"}],"curies":[{"name":"wp","href":"https:\/\/api.w.org\/{rel}","templated":true}]}}