{"id":28429,"date":"2024-12-20T18:38:55","date_gmt":"2024-12-20T18:38:55","guid":{"rendered":"https:\/\/thuisbatterijoutlet.eu\/?post_type=product&#038;p=28429"},"modified":"2025-03-08T07:37:44","modified_gmt":"2025-03-08T07:37:44","slug":"byd-battery-box-premium-hvm-19-3-thuisbatterij","status":"publish","type":"product","link":"https:\/\/thuisbatterijoutlet.eu\/de\/produkt\/byd-batteriebox-premium-hvm-19-3-haushaltsbatterie\/","title":{"rendered":"BYD - Batterie Box Premium HVM 19.3 Hausbatterie"},"content":{"rendered":"<p>Die BYD Battery Box Premium HVM 19.3 ist ein komplettes Heimbatterie-Set. Dieses Set ist kompatibel mit den Fronius symo hybrid 3-Phasen-Wechselrichtern.<br \/>     Dank BYDs modularem Design l\u00e4sst sich die Kapazit\u00e4t leicht auf bis zu 22,1 kWh erweitern. Das Hinzuf\u00fcgen von Batteriemodulen (662001) erh\u00f6ht die Kapazit\u00e4t.<br \/>     So l\u00e4sst sich f\u00fcr jeden Leistungsbereich\/Haushalt ein passendes Batteriesystem zusammenstellen, ideal f\u00fcr PV-Anlagen im Wohnbereich.<br \/>  Dieses Set ist mit folgenden Wechselrichtern kompatibel: Fronius Symo Hybrid Fronius Primo GEN24 plus Fronius Symo GEN24 plus Die Vorteile der BYD Battery Box Premium HVM:  Einfache Installation Durch eine verf\u00fcgbare Internetverbindung bietet BYD die M\u00f6glichkeit des Offsite-Supports Geeignet f\u00fcr leistungsstarke Notstromversorgung Hoher Wirkungsgrad durch Hochspannungs-Reihenschaltung Modularer Aufbau, pro Batteriemodul 2,76 kWh Kapazit\u00e4t Maximale Sicherheit durch eine kobaltfreie Lithium-Eisenphosphat-Zelle und erf\u00fcllt den h\u00f6chsten Sicherheitsstandard (VDE 2510-50) Dieses Komplettset enth\u00e4lt folgende Komponenten: BYD - Batterie Box Premium HVS\/HVM - BCU + Sockel 662002 7x BYD - Batterie Box Premium HVM - Batteriemodul 2,76kWh 662001<\/p>","protected":false},"excerpt":{"rendered":"<p>Kompletter Batteriesatz | 19,3kWh<\/p>","protected":false},"featured_media":28522,"comment_status":"open","ping_status":"closed","template":"","meta":[],"pwb-brand":[150],"product_brand":[],"product_cat":[77],"product_tag":[],"class_list":{"0":"post-28429","1":"product","2":"type-product","3":"status-publish","4":"has-post-thumbnail","6":"pwb-brand-byd","7":"product_cat-thuisbatterijen","9":"first","10":"instock","11":"shipping-taxable","12":"purchasable","13":"product-type-simple"},"brands":[{"id":150,"name":"BYD","slug":"byd"}],"_links":{"self":[{"href":"https:\/\/thuisbatterijoutlet.eu\/de\/wp-json\/wp\/v2\/product\/28429","targetHints":{"allow":["GET"]}}],"collection":[{"href":"https:\/\/thuisbatterijoutlet.eu\/de\/wp-json\/wp\/v2\/product"}],"about":[{"href":"https:\/\/thuisbatterijoutlet.eu\/de\/wp-json\/wp\/v2\/types\/product"}],"replies":[{"embeddable":true,"href":"https:\/\/thuisbatterijoutlet.eu\/de\/wp-json\/wp\/v2\/comments?post=28429"}],"version-history":[{"count":1,"href":"https:\/\/thuisbatterijoutlet.eu\/de\/wp-json\/wp\/v2\/product\/28429\/revisions"}],"predecessor-version":[{"id":28523,"href":"https:\/\/thuisbatterijoutlet.eu\/de\/wp-json\/wp\/v2\/product\/28429\/revisions\/28523"}],"wp:featuredmedia":[{"embeddable":true,"href":"https:\/\/thuisbatterijoutlet.eu\/de\/wp-json\/wp\/v2\/media\/28522"}],"wp:attachment":[{"href":"https:\/\/thuisbatterijoutlet.eu\/de\/wp-json\/wp\/v2\/media?parent=28429"}],"wp:term":[{"taxonomy":"pwb-brand","embeddable":true,"href":"https:\/\/thuisbatterijoutlet.eu\/de\/wp-json\/wp\/v2\/pwb-brand?post=28429"},{"taxonomy":"product_brand","embeddable":true,"href":"https:\/\/thuisbatterijoutlet.eu\/de\/wp-json\/wp\/v2\/product_brand?post=28429"},{"taxonomy":"product_cat","embeddable":true,"href":"https:\/\/thuisbatterijoutlet.eu\/de\/wp-json\/wp\/v2\/product_cat?post=28429"},{"taxonomy":"product_tag","embeddable":true,"href":"https:\/\/thuisbatterijoutlet.eu\/de\/wp-json\/wp\/v2\/product_tag?post=28429"}],"curies":[{"name":"wp","href":"https:\/\/api.w.org\/{rel}","templated":true}]}}