{"id":28433,"date":"2024-12-20T18:38:55","date_gmt":"2024-12-20T18:38:55","guid":{"rendered":"https:\/\/thuisbatterijoutlet.eu\/?post_type=product&#038;p=28433"},"modified":"2025-03-08T07:37:42","modified_gmt":"2025-03-08T07:37:42","slug":"byd-battery-box-premium-hvm-8-3-thuisbatterij","status":"publish","type":"product","link":"https:\/\/thuisbatterijoutlet.eu\/de\/produkt\/byd-batteriebox-premium-hvm-8-3-haushaltsbatterie\/","title":{"rendered":"BYD - Batterie Box Premium HVM 8.3 Hausbatterie"},"content":{"rendered":"<p>Die BYD Battery Box Premium HVM 8.3 ist eine komplette Hausbatterie.      Dank BYDs modularem Design ist die Batteriekapazit\u00e4t leicht auf bis zu 22,1 kWh erweiterbar. Das Hinzuf\u00fcgen von Batteriemodulen (662001) erh\u00f6ht die Kapazit\u00e4t.      So l\u00e4sst sich f\u00fcr jeden Leistungsbereich\/Haushalt ein passendes Batteriesystem zusammenstellen, ideal f\u00fcr PV-Anlagen im Wohnbereich.  Dieses Set ist mit folgenden Wechselrichtern kompatibel: Fronius Symo Hybrid Die Vorteile der BYD Battery Box Premium HVM: Einfache Installation Durch eine verf\u00fcgbare Internetverbindung bietet BYD die M\u00f6glichkeit des Offsite-Supports Geeignet f\u00fcr leistungsstarke Notstromversorgung Hoher Wirkungsgrad durch Hochspannungsreihenschaltung Modularer Aufbau, pro Batteriemodul 2,76 kWh Kapazit\u00e4t Maximale Sicherheit durch eine kobaltfreie Lithium-Eisenphosphat-Zelle und erf\u00fcllt die h\u00f6chste Sicherheitsnorm (VDE 2510-50) Dieses Komplettset enth\u00e4lt folgende Komponenten: BYD - Batterie Box Premium HVS\/HVM - BCU + Sockel 662002 3x BYD - Batterie Box Premium HVM - Batteriemodul 2,76kWh 662001<\/p>","protected":false},"excerpt":{"rendered":"<p>Kompletter Batteriesatz | 8,3kWh<\/p>","protected":false},"featured_media":28530,"comment_status":"open","ping_status":"closed","template":"","meta":[],"pwb-brand":[150],"product_brand":[],"product_cat":[77],"product_tag":[],"class_list":{"0":"post-28433","1":"product","2":"type-product","3":"status-publish","4":"has-post-thumbnail","6":"pwb-brand-byd","7":"product_cat-thuisbatterijen","9":"first","10":"instock","11":"shipping-taxable","12":"purchasable","13":"product-type-simple"},"brands":[{"id":150,"name":"BYD","slug":"byd"}],"_links":{"self":[{"href":"https:\/\/thuisbatterijoutlet.eu\/de\/wp-json\/wp\/v2\/product\/28433","targetHints":{"allow":["GET"]}}],"collection":[{"href":"https:\/\/thuisbatterijoutlet.eu\/de\/wp-json\/wp\/v2\/product"}],"about":[{"href":"https:\/\/thuisbatterijoutlet.eu\/de\/wp-json\/wp\/v2\/types\/product"}],"replies":[{"embeddable":true,"href":"https:\/\/thuisbatterijoutlet.eu\/de\/wp-json\/wp\/v2\/comments?post=28433"}],"version-history":[{"count":1,"href":"https:\/\/thuisbatterijoutlet.eu\/de\/wp-json\/wp\/v2\/product\/28433\/revisions"}],"predecessor-version":[{"id":28531,"href":"https:\/\/thuisbatterijoutlet.eu\/de\/wp-json\/wp\/v2\/product\/28433\/revisions\/28531"}],"wp:featuredmedia":[{"embeddable":true,"href":"https:\/\/thuisbatterijoutlet.eu\/de\/wp-json\/wp\/v2\/media\/28530"}],"wp:attachment":[{"href":"https:\/\/thuisbatterijoutlet.eu\/de\/wp-json\/wp\/v2\/media?parent=28433"}],"wp:term":[{"taxonomy":"pwb-brand","embeddable":true,"href":"https:\/\/thuisbatterijoutlet.eu\/de\/wp-json\/wp\/v2\/pwb-brand?post=28433"},{"taxonomy":"product_brand","embeddable":true,"href":"https:\/\/thuisbatterijoutlet.eu\/de\/wp-json\/wp\/v2\/product_brand?post=28433"},{"taxonomy":"product_cat","embeddable":true,"href":"https:\/\/thuisbatterijoutlet.eu\/de\/wp-json\/wp\/v2\/product_cat?post=28433"},{"taxonomy":"product_tag","embeddable":true,"href":"https:\/\/thuisbatterijoutlet.eu\/de\/wp-json\/wp\/v2\/product_tag?post=28433"}],"curies":[{"name":"wp","href":"https:\/\/api.w.org\/{rel}","templated":true}]}}