{"id":28510,"date":"2024-12-20T18:39:53","date_gmt":"2024-12-20T18:39:53","guid":{"rendered":"https:\/\/thuisbatterijoutlet.eu\/?post_type=product&#038;p=28510"},"modified":"2025-03-08T07:37:22","modified_gmt":"2025-03-08T07:37:22","slug":"pylontech-force-h1-24-86kwh","status":"publish","type":"product","link":"https:\/\/thuisbatterijoutlet.eu\/de\/produkt\/pylontech-kraft-h1-24-86kwh\/","title":{"rendered":"Pylontech Kraft H1 - 24.86kWh"},"content":{"rendered":"<p>Pylontech Force H1 - 24.86kWhDer Pylontech Force H1 - 24.86kWh enth\u00e4lt die folgenden Komponenten: Pylontech Force-H1 Batteriemanagementsystem, Art.-Nr.: 661341 7x Pylontech Force-H1 Batteriemodule, Art.-Nr.: 661340Pylontech Force H1Der Force H1 ist die neueste Version des Hochspannungsbatteriespeichersystems von Pylontech. Das neue Design bietet eine einfache Installation, die wertvolle Installationszeit spart.<br \/>     Das modulare und stapelbare System erm\u00f6glicht Konfigurationen mit Spannungen von 144 bis 336V DC oder Kapazit\u00e4ten von 10,65 bis 24,86kWh. Die Vorteile des Pylontech Force H1 sind: Modulares Design Zuverl\u00e4ssige Leistung 95% Entladetiefe 10+ Jahre technisch bew\u00e4hrtes Design Schutzklasse IP55<\/p>","protected":false},"excerpt":{"rendered":"<p>Kompletter Satz | 24.86kWh | Hochspannung<\/p>","protected":false},"featured_media":28571,"comment_status":"open","ping_status":"closed","template":"","meta":[],"pwb-brand":[155],"product_brand":[],"product_cat":[77],"product_tag":[],"class_list":{"0":"post-28510","1":"product","2":"type-product","3":"status-publish","4":"has-post-thumbnail","6":"pwb-brand-pylontech","7":"product_cat-thuisbatterijen","9":"first","10":"instock","11":"shipping-taxable","12":"purchasable","13":"product-type-simple"},"brands":[{"id":155,"name":"Pylontech","slug":"pylontech"}],"_links":{"self":[{"href":"https:\/\/thuisbatterijoutlet.eu\/de\/wp-json\/wp\/v2\/product\/28510","targetHints":{"allow":["GET"]}}],"collection":[{"href":"https:\/\/thuisbatterijoutlet.eu\/de\/wp-json\/wp\/v2\/product"}],"about":[{"href":"https:\/\/thuisbatterijoutlet.eu\/de\/wp-json\/wp\/v2\/types\/product"}],"replies":[{"embeddable":true,"href":"https:\/\/thuisbatterijoutlet.eu\/de\/wp-json\/wp\/v2\/comments?post=28510"}],"version-history":[{"count":1,"href":"https:\/\/thuisbatterijoutlet.eu\/de\/wp-json\/wp\/v2\/product\/28510\/revisions"}],"predecessor-version":[{"id":28572,"href":"https:\/\/thuisbatterijoutlet.eu\/de\/wp-json\/wp\/v2\/product\/28510\/revisions\/28572"}],"wp:featuredmedia":[{"embeddable":true,"href":"https:\/\/thuisbatterijoutlet.eu\/de\/wp-json\/wp\/v2\/media\/28571"}],"wp:attachment":[{"href":"https:\/\/thuisbatterijoutlet.eu\/de\/wp-json\/wp\/v2\/media?parent=28510"}],"wp:term":[{"taxonomy":"pwb-brand","embeddable":true,"href":"https:\/\/thuisbatterijoutlet.eu\/de\/wp-json\/wp\/v2\/pwb-brand?post=28510"},{"taxonomy":"product_brand","embeddable":true,"href":"https:\/\/thuisbatterijoutlet.eu\/de\/wp-json\/wp\/v2\/product_brand?post=28510"},{"taxonomy":"product_cat","embeddable":true,"href":"https:\/\/thuisbatterijoutlet.eu\/de\/wp-json\/wp\/v2\/product_cat?post=28510"},{"taxonomy":"product_tag","embeddable":true,"href":"https:\/\/thuisbatterijoutlet.eu\/de\/wp-json\/wp\/v2\/product_tag?post=28510"}],"curies":[{"name":"wp","href":"https:\/\/api.w.org\/{rel}","templated":true}]}}