{"id":28519,"date":"2024-12-20T18:39:54","date_gmt":"2024-12-20T18:39:54","guid":{"rendered":"https:\/\/thuisbatterijoutlet.eu\/?post_type=product&#038;p=28519"},"modified":"2025-03-08T07:37:21","modified_gmt":"2025-03-08T07:37:21","slug":"growatt-ark-12-8xh-thuisbatterij","status":"publish","type":"product","link":"https:\/\/thuisbatterijoutlet.eu\/de\/produkt\/growatt-ark-12-8xh-batterie-fur-zuhause\/","title":{"rendered":"Growatt - ARK 12.8XH Hausbatterie"},"content":{"rendered":"<p>Die Growatt ARK 12.8XH Hausbatterie hat eine nutzbare Kapazit\u00e4t von 12,8kWh. Dank des modularen Aufbaus ist die Kapazit\u00e4t leicht auf bis zu 25,6 kWh erweiterbar. Das Hinzuf\u00fcgen von Batteriemodulen (286176) erh\u00f6ht die Kapazit\u00e4t.<br \/> Diese Hausbatterie ist mit den \"batterief\u00e4higen\" Wechselrichtern der Growatt -XH-Serie kompatibel:<br \/> -Growatt MIN TL-XH Serie (MIN 2500~6000TL-XH)<br \/> -Growatt MOD TL-XH-Serie (MOD 3~10TL3-XH)<br \/> Die Growatt ARK 12.8XH Heimbatterie steht f\u00fcr: Hervorragende Sicherheit durch kobaltfreie LiFePO4-Zellen Einfache Installation durch stapelbare Bauweise Lange Lebensdauer 10 Jahre Garantie Firmware-Upgrade aus der Ferne Dieses Komplettset enth\u00e4lt die folgenden Komponenten: Growatt - ARK XH Batterie-Management-System (286169) 5x Growatt - ARK 2.5H-A1 Batteriemodul (286176) Growatt - ARK LV\/HV\/XH Pedestal (286183) Growatt - ARK 2.5H-A1 XH Kabelsatz (286184).<\/p>\n<p>F\u00fcr weitere Informationen \u00fcber die <a href=\"\/de\/2023\/05\/17\/growatt-ark-h-serie-versus-growatt-xh-serie\/\">Growatt ARK-Serie hier klicken<\/a>.<\/p>","protected":false},"excerpt":{"rendered":"<p>Kompletter Batteriesatz | 12,8kWh<\/p>","protected":false},"featured_media":28603,"comment_status":"open","ping_status":"closed","template":"","meta":[],"pwb-brand":[152],"product_brand":[],"product_cat":[77],"product_tag":[],"class_list":{"0":"post-28519","1":"product","2":"type-product","3":"status-publish","4":"has-post-thumbnail","6":"pwb-brand-growatt","7":"product_cat-thuisbatterijen","9":"first","10":"instock","11":"shipping-taxable","12":"purchasable","13":"product-type-simple"},"brands":[{"id":152,"name":"Growatt","slug":"growatt"}],"_links":{"self":[{"href":"https:\/\/thuisbatterijoutlet.eu\/de\/wp-json\/wp\/v2\/product\/28519","targetHints":{"allow":["GET"]}}],"collection":[{"href":"https:\/\/thuisbatterijoutlet.eu\/de\/wp-json\/wp\/v2\/product"}],"about":[{"href":"https:\/\/thuisbatterijoutlet.eu\/de\/wp-json\/wp\/v2\/types\/product"}],"replies":[{"embeddable":true,"href":"https:\/\/thuisbatterijoutlet.eu\/de\/wp-json\/wp\/v2\/comments?post=28519"}],"version-history":[{"count":1,"href":"https:\/\/thuisbatterijoutlet.eu\/de\/wp-json\/wp\/v2\/product\/28519\/revisions"}],"predecessor-version":[{"id":28604,"href":"https:\/\/thuisbatterijoutlet.eu\/de\/wp-json\/wp\/v2\/product\/28519\/revisions\/28604"}],"wp:featuredmedia":[{"embeddable":true,"href":"https:\/\/thuisbatterijoutlet.eu\/de\/wp-json\/wp\/v2\/media\/28603"}],"wp:attachment":[{"href":"https:\/\/thuisbatterijoutlet.eu\/de\/wp-json\/wp\/v2\/media?parent=28519"}],"wp:term":[{"taxonomy":"pwb-brand","embeddable":true,"href":"https:\/\/thuisbatterijoutlet.eu\/de\/wp-json\/wp\/v2\/pwb-brand?post=28519"},{"taxonomy":"product_brand","embeddable":true,"href":"https:\/\/thuisbatterijoutlet.eu\/de\/wp-json\/wp\/v2\/product_brand?post=28519"},{"taxonomy":"product_cat","embeddable":true,"href":"https:\/\/thuisbatterijoutlet.eu\/de\/wp-json\/wp\/v2\/product_cat?post=28519"},{"taxonomy":"product_tag","embeddable":true,"href":"https:\/\/thuisbatterijoutlet.eu\/de\/wp-json\/wp\/v2\/product_tag?post=28519"}],"curies":[{"name":"wp","href":"https:\/\/api.w.org\/{rel}","templated":true}]}}