{"id":28579,"date":"2024-12-20T18:40:37","date_gmt":"2024-12-20T18:40:37","guid":{"rendered":"https:\/\/thuisbatterijoutlet.eu\/?post_type=product&#038;p=28579"},"modified":"2025-03-08T07:37:11","modified_gmt":"2025-03-08T07:37:11","slug":"saj-h2-5k-t2-10kwh-all-in-one-solution","status":"publish","type":"product","link":"https:\/\/thuisbatterijoutlet.eu\/de\/produkt\/saj-h2-5k-t2-10kwh-all-in-one-losung-2\/","title":{"rendered":"SAJ - H2-5K-T2 -10kWh All-In-One L\u00f6sung"},"content":{"rendered":"<p>SAJ - H2-5K-T2 - 10kWh All-In-One SolutionDiese Version des All-In-One Systems hat eine Leistung von 5kW und eine Batteriekapazit\u00e4t von 10kWh.SAJ - H2-5K-T2 - 10kWh All-In-One SolutionDiese Version des All-In-One Systems hat eine Leistung von 5kW und eine Batteriekapazit\u00e4t von 10kWh.SAJ Electric All-In-One Solution HS2-5K-10K-T2Die HS2 3-Phasen-Serie ist eine Kombination aus einem modularen Hybrid-Wechselrichter und einer Batterie. Der HS2 ist einfach zu installieren.<br \/>     Die Vorteile der HS2 All-in-One 3-Phasen-L\u00f6sung sind:Alle Komponenten zusammen in einem Ger\u00e4t f\u00fcr weniger Verkabelung IP65 wasserdichtes Design, auch f\u00fcr den Au\u00dfenbereich USV-Funktionalit\u00e4t f\u00fcr die Notstromversorgung Erh\u00e4ltlich in einem Leistungsbereich von 5kW bis 10kW Maximaler Eingangsstrom von 16A f\u00fcr einen besseren Anschluss an Hochleistungspanels Eingebaute AFCI (Arc-Fault-Circuit-Intertuper) Funktionalit\u00e4t Skalierbares modulares Batteriedesign von 5kWh bis 25kWh 100% dreiphasige Spannungsunsymmetrie SAJ ElectricSAJ ist ein globaler Akteur auf dem Wechselrichtermarkt der sich auf L\u00f6sungen zur Umwandlung, \u00dcbertragung und Speicherung erneuerbarer Energien konzentriert. Das Unternehmen bietet professionelle dezentrale Solarwechselrichter, Hybridwechselrichter mit Batteriespeicher und ein \u00dcberwachungssystem an.<\/p>","protected":false},"excerpt":{"rendered":"<p>3-phasig | 5kW Leistung | 10kWh Batteriekapazit\u00e4t | inklusive Energiez\u00e4hler<\/p>","protected":false},"featured_media":28646,"comment_status":"open","ping_status":"closed","template":"","meta":[],"pwb-brand":[390],"product_brand":[],"product_cat":[77],"product_tag":[],"class_list":{"0":"post-28579","1":"product","2":"type-product","3":"status-publish","4":"has-post-thumbnail","6":"pwb-brand-saj","7":"product_cat-thuisbatterijen","9":"first","10":"instock","11":"shipping-taxable","12":"purchasable","13":"product-type-simple"},"brands":[{"id":390,"name":"SAJ","slug":"saj"}],"_links":{"self":[{"href":"https:\/\/thuisbatterijoutlet.eu\/de\/wp-json\/wp\/v2\/product\/28579","targetHints":{"allow":["GET"]}}],"collection":[{"href":"https:\/\/thuisbatterijoutlet.eu\/de\/wp-json\/wp\/v2\/product"}],"about":[{"href":"https:\/\/thuisbatterijoutlet.eu\/de\/wp-json\/wp\/v2\/types\/product"}],"replies":[{"embeddable":true,"href":"https:\/\/thuisbatterijoutlet.eu\/de\/wp-json\/wp\/v2\/comments?post=28579"}],"version-history":[{"count":1,"href":"https:\/\/thuisbatterijoutlet.eu\/de\/wp-json\/wp\/v2\/product\/28579\/revisions"}],"predecessor-version":[{"id":28647,"href":"https:\/\/thuisbatterijoutlet.eu\/de\/wp-json\/wp\/v2\/product\/28579\/revisions\/28647"}],"wp:featuredmedia":[{"embeddable":true,"href":"https:\/\/thuisbatterijoutlet.eu\/de\/wp-json\/wp\/v2\/media\/28646"}],"wp:attachment":[{"href":"https:\/\/thuisbatterijoutlet.eu\/de\/wp-json\/wp\/v2\/media?parent=28579"}],"wp:term":[{"taxonomy":"pwb-brand","embeddable":true,"href":"https:\/\/thuisbatterijoutlet.eu\/de\/wp-json\/wp\/v2\/pwb-brand?post=28579"},{"taxonomy":"product_brand","embeddable":true,"href":"https:\/\/thuisbatterijoutlet.eu\/de\/wp-json\/wp\/v2\/product_brand?post=28579"},{"taxonomy":"product_cat","embeddable":true,"href":"https:\/\/thuisbatterijoutlet.eu\/de\/wp-json\/wp\/v2\/product_cat?post=28579"},{"taxonomy":"product_tag","embeddable":true,"href":"https:\/\/thuisbatterijoutlet.eu\/de\/wp-json\/wp\/v2\/product_tag?post=28579"}],"curies":[{"name":"wp","href":"https:\/\/api.w.org\/{rel}","templated":true}]}}