{"id":28633,"date":"2024-12-20T18:41:03","date_gmt":"2024-12-20T18:41:03","guid":{"rendered":"https:\/\/thuisbatterijoutlet.eu\/?post_type=product&#038;p=28633"},"modified":"2025-03-08T07:37:02","modified_gmt":"2025-03-08T07:37:02","slug":"byd-b-box-premium-hvm-2-76-kwh-2","status":"publish","type":"product","link":"https:\/\/thuisbatterijoutlet.eu\/de\/produkt\/byd-b-box-premium-hvm-2-76-kwh-2\/","title":{"rendered":"BYD B-BOX Premium HVM (2,76 KWH)"},"content":{"rendered":"<p>BATTERY-BOX PREMIUM HVS \/ HVMS Geeignet f\u00fcr Hochleistungs-Notstromversorgung mit netzunabh\u00e4ngiger Funktionalit\u00e4tH\u00f6chster Wirkungsgrad dank echter Hochspannungs-ReihenschaltungPatentiertes modulares Steckerkonzept erfordert keine interne Verkabelung und gew\u00e4hrleistet maximale Flexibilit\u00e4t und BenutzerfreundlichkeitKobaltfreie Lithium-Eisenphosphat-Batterie (LFP): Maximale Sicherheit, Langlebigkeit und LeistungKompatibel mit f\u00fchrenden 1- und 3-phasigen Hochvolt-Batterie-WechselrichternZwei verschiedene Module f\u00fcr eine breite Palette von Systemgr\u00f6\u00dfenH\u00f6chste Sicherheitsstandards wie VDE 2510-50BATTERY-BOX PREMIUM HVMEund Battery-Box Premium HVM besteht aus 3 bis 8 HVM-Batteriemodulen, die in Reihe geschaltet werden, um eine nutzbare Kapazit\u00e4t von 8,3 bis 22,1 kWh zu erreichen. Dar\u00fcber hinaus erm\u00f6glicht die direkte Parallelschaltung von bis zu 3 identischen Battery-Box Premium HVM eine maximale Kapazit\u00e4t von 66,2 kWh. Sp\u00e4tere Aufstockung durch Hinzuf\u00fcgen von HVM-Modulen oder parallelen HVM-Stapeln ist m\u00f6glich.<br \/> Alle anzeigen<\/p>","protected":false},"excerpt":{"rendered":"<p>Hochspannungs-Lithium-Ionen-Batteriespeichermodul<\/p>","protected":false},"featured_media":28739,"comment_status":"open","ping_status":"closed","template":"","meta":[],"pwb-brand":[150],"product_brand":[],"product_cat":[77],"product_tag":[],"class_list":{"0":"post-28633","1":"product","2":"type-product","3":"status-publish","4":"has-post-thumbnail","6":"pwb-brand-byd","7":"product_cat-thuisbatterijen","9":"first","10":"instock","11":"shipping-taxable","12":"purchasable","13":"product-type-simple"},"brands":[{"id":150,"name":"BYD","slug":"byd"}],"_links":{"self":[{"href":"https:\/\/thuisbatterijoutlet.eu\/de\/wp-json\/wp\/v2\/product\/28633","targetHints":{"allow":["GET"]}}],"collection":[{"href":"https:\/\/thuisbatterijoutlet.eu\/de\/wp-json\/wp\/v2\/product"}],"about":[{"href":"https:\/\/thuisbatterijoutlet.eu\/de\/wp-json\/wp\/v2\/types\/product"}],"replies":[{"embeddable":true,"href":"https:\/\/thuisbatterijoutlet.eu\/de\/wp-json\/wp\/v2\/comments?post=28633"}],"version-history":[{"count":1,"href":"https:\/\/thuisbatterijoutlet.eu\/de\/wp-json\/wp\/v2\/product\/28633\/revisions"}],"predecessor-version":[{"id":28740,"href":"https:\/\/thuisbatterijoutlet.eu\/de\/wp-json\/wp\/v2\/product\/28633\/revisions\/28740"}],"wp:featuredmedia":[{"embeddable":true,"href":"https:\/\/thuisbatterijoutlet.eu\/de\/wp-json\/wp\/v2\/media\/28739"}],"wp:attachment":[{"href":"https:\/\/thuisbatterijoutlet.eu\/de\/wp-json\/wp\/v2\/media?parent=28633"}],"wp:term":[{"taxonomy":"pwb-brand","embeddable":true,"href":"https:\/\/thuisbatterijoutlet.eu\/de\/wp-json\/wp\/v2\/pwb-brand?post=28633"},{"taxonomy":"product_brand","embeddable":true,"href":"https:\/\/thuisbatterijoutlet.eu\/de\/wp-json\/wp\/v2\/product_brand?post=28633"},{"taxonomy":"product_cat","embeddable":true,"href":"https:\/\/thuisbatterijoutlet.eu\/de\/wp-json\/wp\/v2\/product_cat?post=28633"},{"taxonomy":"product_tag","embeddable":true,"href":"https:\/\/thuisbatterijoutlet.eu\/de\/wp-json\/wp\/v2\/product_tag?post=28633"}],"curies":[{"name":"wp","href":"https:\/\/api.w.org\/{rel}","templated":true}]}}