{"id":28681,"date":"2024-12-20T18:41:56","date_gmt":"2024-12-20T18:41:56","guid":{"rendered":"https:\/\/thuisbatterijoutlet.eu\/?post_type=product&#038;p=28681"},"modified":"2025-03-08T07:36:51","modified_gmt":"2025-03-08T07:36:51","slug":"lg-resu6-5-low-voltage-48v-storage","status":"publish","type":"product","link":"https:\/\/thuisbatterijoutlet.eu\/de\/produkt\/lg-resu6-5-niederspannung-48v-speicher\/","title":{"rendered":"LG RESU6.5 Niederspannungsspeicher (48V)"},"content":{"rendered":"<p>Hinweis! Die Verpackung der LG Chem RESU Niederspannungsbatterie (48 V) enth\u00e4lt das folgende Befestigungsmaterial:<br \/> - Batterie- Schraubanker- Kabeldurchf\u00fchrungen- Schrauben- Befestigungswinkel<br \/> Dadurch kann die Batterie an der Wand befestigt werden.<br \/> Li-Ion-Akku-Zellen<br \/> Die neuen RESU-Batterien von LG Chem sind mit den innovativen Li-Ionen-Batteriezellen \"JH3\" ausgestattet. Diese Zellentechnologie gew\u00e4hrleistet eine starke Leistung und ein kompaktes Design. Dadurch l\u00e4sst sich die Batterie leicht montieren und eignet sich f\u00fcr eine einfache Wand- oder Bodeninstallation sowohl f\u00fcr Innen- als auch f\u00fcr Au\u00dfenanwendungen (IP55).<br \/> Gestaltung<br \/> Die LG chem RESU 6.5 Batterie-Wechselrichter sind speziell f\u00fcr Solaranlagen konzipiert. Mit dem RESU Plus k\u00f6nnen die verschiedenen Versionen zusammengeschaltet werden. Das macht das System noch flexibler und einfacher in der Handhabung.<\/p>\n<p>Installation und Flexibilit\u00e4t<br \/> Das LG chem resu l\u00e4sst sich einfach und schnell installieren. Dank seiner kompakten Bauweise ist das RESU schnell auf dem Boden oder an der Wand montiert. Die BMS-Firmware kann \u00fcber eine SD-Karte aktualisiert werden. Der Erweiterungssatz RESU plus ist speziell f\u00fcr 48-V-Modelle konzipiert. Die Anzahl der erweiterbaren Batterieeinheiten umfasst: Bis zu 2EA<br \/> Sicherheit<br \/> LG Chem r\u00e4umt der Sicherheit h\u00f6chste Priorit\u00e4t ein und verwendet f\u00fcr seine ESS-Produkte dieselbe Technologie, die sich bereits bei Autobatterien bew\u00e4hrt hat. Alle Produkte sind vollst\u00e4ndig nach den einschl\u00e4gigen globalen Normen zertifiziert.<br \/> Die 48V RESU-Modelle sind mit SMA-Wechselrichtern kompatibel.<\/p>","protected":false},"excerpt":{"rendered":"<p>Niedervolt-Batterie 48V<\/p>","protected":false},"featured_media":28810,"comment_status":"open","ping_status":"closed","template":"","meta":[],"pwb-brand":[],"product_brand":[],"product_cat":[77],"product_tag":[],"class_list":{"0":"post-28681","1":"product","2":"type-product","3":"status-publish","4":"has-post-thumbnail","6":"product_cat-thuisbatterijen","8":"first","9":"instock","10":"shipping-taxable","11":"purchasable","12":"product-type-simple"},"brands":[],"_links":{"self":[{"href":"https:\/\/thuisbatterijoutlet.eu\/de\/wp-json\/wp\/v2\/product\/28681","targetHints":{"allow":["GET"]}}],"collection":[{"href":"https:\/\/thuisbatterijoutlet.eu\/de\/wp-json\/wp\/v2\/product"}],"about":[{"href":"https:\/\/thuisbatterijoutlet.eu\/de\/wp-json\/wp\/v2\/types\/product"}],"replies":[{"embeddable":true,"href":"https:\/\/thuisbatterijoutlet.eu\/de\/wp-json\/wp\/v2\/comments?post=28681"}],"version-history":[{"count":1,"href":"https:\/\/thuisbatterijoutlet.eu\/de\/wp-json\/wp\/v2\/product\/28681\/revisions"}],"predecessor-version":[{"id":28811,"href":"https:\/\/thuisbatterijoutlet.eu\/de\/wp-json\/wp\/v2\/product\/28681\/revisions\/28811"}],"wp:featuredmedia":[{"embeddable":true,"href":"https:\/\/thuisbatterijoutlet.eu\/de\/wp-json\/wp\/v2\/media\/28810"}],"wp:attachment":[{"href":"https:\/\/thuisbatterijoutlet.eu\/de\/wp-json\/wp\/v2\/media?parent=28681"}],"wp:term":[{"taxonomy":"pwb-brand","embeddable":true,"href":"https:\/\/thuisbatterijoutlet.eu\/de\/wp-json\/wp\/v2\/pwb-brand?post=28681"},{"taxonomy":"product_brand","embeddable":true,"href":"https:\/\/thuisbatterijoutlet.eu\/de\/wp-json\/wp\/v2\/product_brand?post=28681"},{"taxonomy":"product_cat","embeddable":true,"href":"https:\/\/thuisbatterijoutlet.eu\/de\/wp-json\/wp\/v2\/product_cat?post=28681"},{"taxonomy":"product_tag","embeddable":true,"href":"https:\/\/thuisbatterijoutlet.eu\/de\/wp-json\/wp\/v2\/product_tag?post=28681"}],"curies":[{"name":"wp","href":"https:\/\/api.w.org\/{rel}","templated":true}]}}