{"id":28683,"date":"2024-12-20T18:41:56","date_gmt":"2024-12-20T18:41:56","guid":{"rendered":"https:\/\/thuisbatterijoutlet.eu\/?post_type=product&#038;p=28683"},"modified":"2025-03-08T07:36:52","modified_gmt":"2025-03-08T07:36:52","slug":"lg-resu-16h-prime","status":"publish","type":"product","link":"https:\/\/thuisbatterijoutlet.eu\/de\/produkt\/lg-resu-16h-prime\/","title":{"rendered":"LG RESU 16H Prime"},"content":{"rendered":"<p>Geh\u00f6rt zur neuesten Generation der Serie 3 der LG RESU-Produktreihe. Der RESU16H Prime ist mit einer Gesamtenergiekapazit\u00e4t von 16 kWh der gr\u00f6\u00dfte Lithium-Ionen-Batteriespeicher der Welt. Der neueste RESU16H Prime hat eine v\u00f6llig neue Dauerkapazit\u00e4t von 7 kW und eine Spitzenkapazit\u00e4t von 11 kW. Diese h\u00f6here Spitzenkapazit\u00e4t erm\u00f6glicht es Hausbesitzern, Ger\u00e4te mit hohem Stromverbrauch, wie Klimaanlagen und Pumpen, zu sichern.<\/p>\n<p>Die 16-kWh-Batterie verf\u00fcgt \u00fcber eine un\u00fcbertroffene Dauerleistung, Speicherkapazit\u00e4t und DC-Round-Trip-Effizienz (&gt;90%). Der RESU16H Prime kann auf bis zu 32 kWh Speicherkapazit\u00e4t aufgestockt werden, um den durchschnittlichen t\u00e4glichen Stromverbrauch eines Hauses vollst\u00e4ndig zu decken.<\/p>","protected":false},"excerpt":{"rendered":"<p>16 kWh, 400V, 100% DoD<\/p>","protected":false},"featured_media":28816,"comment_status":"open","ping_status":"closed","template":"","meta":[],"pwb-brand":[],"product_brand":[],"product_cat":[77],"product_tag":[],"class_list":{"0":"post-28683","1":"product","2":"type-product","3":"status-publish","4":"has-post-thumbnail","6":"product_cat-thuisbatterijen","8":"first","9":"instock","10":"shipping-taxable","11":"purchasable","12":"product-type-simple"},"brands":[],"_links":{"self":[{"href":"https:\/\/thuisbatterijoutlet.eu\/de\/wp-json\/wp\/v2\/product\/28683","targetHints":{"allow":["GET"]}}],"collection":[{"href":"https:\/\/thuisbatterijoutlet.eu\/de\/wp-json\/wp\/v2\/product"}],"about":[{"href":"https:\/\/thuisbatterijoutlet.eu\/de\/wp-json\/wp\/v2\/types\/product"}],"replies":[{"embeddable":true,"href":"https:\/\/thuisbatterijoutlet.eu\/de\/wp-json\/wp\/v2\/comments?post=28683"}],"version-history":[{"count":1,"href":"https:\/\/thuisbatterijoutlet.eu\/de\/wp-json\/wp\/v2\/product\/28683\/revisions"}],"predecessor-version":[{"id":28817,"href":"https:\/\/thuisbatterijoutlet.eu\/de\/wp-json\/wp\/v2\/product\/28683\/revisions\/28817"}],"wp:featuredmedia":[{"embeddable":true,"href":"https:\/\/thuisbatterijoutlet.eu\/de\/wp-json\/wp\/v2\/media\/28816"}],"wp:attachment":[{"href":"https:\/\/thuisbatterijoutlet.eu\/de\/wp-json\/wp\/v2\/media?parent=28683"}],"wp:term":[{"taxonomy":"pwb-brand","embeddable":true,"href":"https:\/\/thuisbatterijoutlet.eu\/de\/wp-json\/wp\/v2\/pwb-brand?post=28683"},{"taxonomy":"product_brand","embeddable":true,"href":"https:\/\/thuisbatterijoutlet.eu\/de\/wp-json\/wp\/v2\/product_brand?post=28683"},{"taxonomy":"product_cat","embeddable":true,"href":"https:\/\/thuisbatterijoutlet.eu\/de\/wp-json\/wp\/v2\/product_cat?post=28683"},{"taxonomy":"product_tag","embeddable":true,"href":"https:\/\/thuisbatterijoutlet.eu\/de\/wp-json\/wp\/v2\/product_tag?post=28683"}],"curies":[{"name":"wp","href":"https:\/\/api.w.org\/{rel}","templated":true}]}}