{"id":28725,"date":"2024-12-20T18:42:50","date_gmt":"2024-12-20T18:42:50","guid":{"rendered":"https:\/\/thuisbatterijoutlet.eu\/?post_type=product&#038;p=28725"},"modified":"2025-03-08T07:36:48","modified_gmt":"2025-03-08T07:36:48","slug":"foxess-energy-cube-cs4100-v2-0","status":"publish","type":"product","link":"https:\/\/thuisbatterijoutlet.eu\/de\/produkt\/fuchsess-energie-wurfel-cs4100-v2-0\/","title":{"rendered":"FoxESS Energiew\u00fcrfel CS4100 V2.0"},"content":{"rendered":"<p>Batteriemodul mit 4,03kwh Kapazit\u00e4t. Funktioniert nur in Kombination mit dem FoxESS Energy Cube CM4100!Der Energy Cube ist ein leistungsstarkes, erweiterbares Speichersystem. Sein modulares Design f\u00fcr maximale Flexibilit\u00e4t bietet eine breite Palette von Speicheroptionen. Zus\u00e4tzliche Batterien k\u00f6nnen in Reihe geschaltet werden, um eine maximale Speicherkapazit\u00e4t von 28,21kWh zu erreichen. Die Installation ist dank der Plug &amp; Play-L\u00f6sung einfach und spart dem Installateur wertvolle Zeit.<\/p>\n<p>4,03 kWh Kapazit\u00e4t<br \/> Skalierbar bis zu 28,21 kWh<br \/> 90% Entladekapazit\u00e4t<br \/> Hohe Temperaturtoleranz<br \/> Einfacher Einbau<br \/> CAN\/RS485-Kommunikation<br \/> Hochspannung.<\/p>","protected":false},"excerpt":{"rendered":"<p>Hochspannung, 4,03 kWh, 90% DoD<\/p>","protected":false},"featured_media":28852,"comment_status":"open","ping_status":"closed","template":"","meta":[],"pwb-brand":[158],"product_brand":[],"product_cat":[77],"product_tag":[],"class_list":{"0":"post-28725","1":"product","2":"type-product","3":"status-publish","4":"has-post-thumbnail","6":"pwb-brand-foxess","7":"product_cat-thuisbatterijen","9":"first","10":"instock","11":"shipping-taxable","12":"purchasable","13":"product-type-simple"},"brands":[{"id":158,"name":"FoxESS","slug":"foxess"}],"_links":{"self":[{"href":"https:\/\/thuisbatterijoutlet.eu\/de\/wp-json\/wp\/v2\/product\/28725","targetHints":{"allow":["GET"]}}],"collection":[{"href":"https:\/\/thuisbatterijoutlet.eu\/de\/wp-json\/wp\/v2\/product"}],"about":[{"href":"https:\/\/thuisbatterijoutlet.eu\/de\/wp-json\/wp\/v2\/types\/product"}],"replies":[{"embeddable":true,"href":"https:\/\/thuisbatterijoutlet.eu\/de\/wp-json\/wp\/v2\/comments?post=28725"}],"version-history":[{"count":1,"href":"https:\/\/thuisbatterijoutlet.eu\/de\/wp-json\/wp\/v2\/product\/28725\/revisions"}],"predecessor-version":[{"id":28853,"href":"https:\/\/thuisbatterijoutlet.eu\/de\/wp-json\/wp\/v2\/product\/28725\/revisions\/28853"}],"wp:featuredmedia":[{"embeddable":true,"href":"https:\/\/thuisbatterijoutlet.eu\/de\/wp-json\/wp\/v2\/media\/28852"}],"wp:attachment":[{"href":"https:\/\/thuisbatterijoutlet.eu\/de\/wp-json\/wp\/v2\/media?parent=28725"}],"wp:term":[{"taxonomy":"pwb-brand","embeddable":true,"href":"https:\/\/thuisbatterijoutlet.eu\/de\/wp-json\/wp\/v2\/pwb-brand?post=28725"},{"taxonomy":"product_brand","embeddable":true,"href":"https:\/\/thuisbatterijoutlet.eu\/de\/wp-json\/wp\/v2\/product_brand?post=28725"},{"taxonomy":"product_cat","embeddable":true,"href":"https:\/\/thuisbatterijoutlet.eu\/de\/wp-json\/wp\/v2\/product_cat?post=28725"},{"taxonomy":"product_tag","embeddable":true,"href":"https:\/\/thuisbatterijoutlet.eu\/de\/wp-json\/wp\/v2\/product_tag?post=28725"}],"curies":[{"name":"wp","href":"https:\/\/api.w.org\/{rel}","templated":true}]}}