{"id":28726,"date":"2024-12-20T18:42:50","date_gmt":"2024-12-20T18:42:50","guid":{"rendered":"https:\/\/thuisbatterijoutlet.eu\/?post_type=product&#038;p=28726"},"modified":"2025-03-08T07:36:48","modified_gmt":"2025-03-08T07:36:48","slug":"foxess-energy-cube-cm2900-v2-0","status":"publish","type":"product","link":"https:\/\/thuisbatterijoutlet.eu\/de\/produkt\/fuchsess-energie-wurfel-cm2900-v2-0\/","title":{"rendered":"FoxESS Energiew\u00fcrfel CM2900 V2.0"},"content":{"rendered":"<p>BMS mit Batteriemodul mit 2,88kwh Kapazit\u00e4t. Funktioniert in Kombination mit mindestens 1 FoxESS Energy Cube CS2900 Der Energy Cube ist ein leistungsstarkes, erweiterbares Speichersystem. Sein modulares Design f\u00fcr maximale Flexibilit\u00e4t bietet eine breite Palette von Speicheroptionen. Zus\u00e4tzliche Batterien k\u00f6nnen in Reihe geschaltet werden, um eine maximale Speicherkapazit\u00e4t von 20,16 kWh zu erreichen. Die Installation ist dank der Plug &amp; Play-L\u00f6sung einfach und spart dem Installateur wertvolle Zeit.<\/p>\n<p>2,88 kWh Kapazit\u00e4t pro Modul<br \/> Skalierbar bis zu 20,16 kWh<br \/> 90 % Entladekapazit\u00e4t<br \/> Hohe Temperaturtoleranz<br \/> Einfache Installation<br \/> CAN\/RS485-Kommunikation<br \/> Hohe Spannung.<\/p>","protected":false},"excerpt":{"rendered":"<p>Hochspannung, 2,88 kwh, 90% DoD<\/p>","protected":false},"featured_media":28855,"comment_status":"open","ping_status":"closed","template":"","meta":[],"pwb-brand":[158],"product_brand":[],"product_cat":[77],"product_tag":[],"class_list":{"0":"post-28726","1":"product","2":"type-product","3":"status-publish","4":"has-post-thumbnail","6":"pwb-brand-foxess","7":"product_cat-thuisbatterijen","9":"first","10":"instock","11":"shipping-taxable","12":"purchasable","13":"product-type-simple"},"brands":[{"id":158,"name":"FoxESS","slug":"foxess"}],"_links":{"self":[{"href":"https:\/\/thuisbatterijoutlet.eu\/de\/wp-json\/wp\/v2\/product\/28726","targetHints":{"allow":["GET"]}}],"collection":[{"href":"https:\/\/thuisbatterijoutlet.eu\/de\/wp-json\/wp\/v2\/product"}],"about":[{"href":"https:\/\/thuisbatterijoutlet.eu\/de\/wp-json\/wp\/v2\/types\/product"}],"replies":[{"embeddable":true,"href":"https:\/\/thuisbatterijoutlet.eu\/de\/wp-json\/wp\/v2\/comments?post=28726"}],"version-history":[{"count":1,"href":"https:\/\/thuisbatterijoutlet.eu\/de\/wp-json\/wp\/v2\/product\/28726\/revisions"}],"predecessor-version":[{"id":28856,"href":"https:\/\/thuisbatterijoutlet.eu\/de\/wp-json\/wp\/v2\/product\/28726\/revisions\/28856"}],"wp:featuredmedia":[{"embeddable":true,"href":"https:\/\/thuisbatterijoutlet.eu\/de\/wp-json\/wp\/v2\/media\/28855"}],"wp:attachment":[{"href":"https:\/\/thuisbatterijoutlet.eu\/de\/wp-json\/wp\/v2\/media?parent=28726"}],"wp:term":[{"taxonomy":"pwb-brand","embeddable":true,"href":"https:\/\/thuisbatterijoutlet.eu\/de\/wp-json\/wp\/v2\/pwb-brand?post=28726"},{"taxonomy":"product_brand","embeddable":true,"href":"https:\/\/thuisbatterijoutlet.eu\/de\/wp-json\/wp\/v2\/product_brand?post=28726"},{"taxonomy":"product_cat","embeddable":true,"href":"https:\/\/thuisbatterijoutlet.eu\/de\/wp-json\/wp\/v2\/product_cat?post=28726"},{"taxonomy":"product_tag","embeddable":true,"href":"https:\/\/thuisbatterijoutlet.eu\/de\/wp-json\/wp\/v2\/product_tag?post=28726"}],"curies":[{"name":"wp","href":"https:\/\/api.w.org\/{rel}","templated":true}]}}