{"id":28730,"date":"2024-12-20T18:42:50","date_gmt":"2024-12-20T18:42:50","guid":{"rendered":"https:\/\/thuisbatterijoutlet.eu\/?post_type=product&#038;p=28730"},"modified":"2025-03-08T07:36:50","modified_gmt":"2025-03-08T07:36:50","slug":"huawei-luna2000-5kw-c0-power-module","status":"publish","type":"product","link":"https:\/\/thuisbatterijoutlet.eu\/de\/produkt\/huawei-luna2000-5kw-c0-leistungsmodul\/","title":{"rendered":"Huawei LUNA2000-5kW-C0"},"content":{"rendered":"<p>Huawei stellt sein eigenes PV-Batteriespeichersystem vor: LUNA2000. Das Huawei LUNA2000 Speichersystem hat einen skalierbaren, modularen Aufbau. Ein System besteht aus einem Leistungsmodul und einem oder mehreren Batteriemodulen. Ein Batteriemodul hat eine Kapazit\u00e4t von 5kWh und eine Entladekapazit\u00e4t von 2,5kWh. Die Systeme mit 10kWh und 15kWh Kapazit\u00e4t haben jeweils eine Entladekapazit\u00e4t von 5kWh.Huawei LUNA2000-5kW-C0 - Leistungsmodul.<\/p>\n<p>Das Batteriemodul LUNA2000 ist mit ein- und dreiphasigen Huawei-Wechselrichtern kompatibel. In eine Solarmodulanlage k\u00f6nnen zwei Batterien parallel integriert werden. Dies erm\u00f6glicht eine maximale Speicherkapazit\u00e4t von 30kWh pro Wechselrichter. Die LUNA2000-Batterien sind dank der Lithium-Eisenphosphat-Batteriezellen (LFP) sicher und zuverl\u00e4ssig. Defekte Batteriemodule werden automatisch isoliert, um den Betrieb des Systems zu erm\u00f6glichen.<\/p>","protected":false},"excerpt":{"rendered":"<p>Intelligentes String-Energiespeichersystem<\/p>","protected":false},"featured_media":28872,"comment_status":"open","ping_status":"closed","template":"","meta":[],"pwb-brand":[153],"product_brand":[],"product_cat":[77],"product_tag":[],"class_list":{"0":"post-28730","1":"product","2":"type-product","3":"status-publish","4":"has-post-thumbnail","6":"pwb-brand-huawei","7":"product_cat-thuisbatterijen","9":"first","10":"instock","11":"shipping-taxable","12":"purchasable","13":"product-type-simple"},"brands":[{"id":153,"name":"Huawei","slug":"huawei"}],"_links":{"self":[{"href":"https:\/\/thuisbatterijoutlet.eu\/de\/wp-json\/wp\/v2\/product\/28730","targetHints":{"allow":["GET"]}}],"collection":[{"href":"https:\/\/thuisbatterijoutlet.eu\/de\/wp-json\/wp\/v2\/product"}],"about":[{"href":"https:\/\/thuisbatterijoutlet.eu\/de\/wp-json\/wp\/v2\/types\/product"}],"replies":[{"embeddable":true,"href":"https:\/\/thuisbatterijoutlet.eu\/de\/wp-json\/wp\/v2\/comments?post=28730"}],"version-history":[{"count":2,"href":"https:\/\/thuisbatterijoutlet.eu\/de\/wp-json\/wp\/v2\/product\/28730\/revisions"}],"predecessor-version":[{"id":29031,"href":"https:\/\/thuisbatterijoutlet.eu\/de\/wp-json\/wp\/v2\/product\/28730\/revisions\/29031"}],"wp:featuredmedia":[{"embeddable":true,"href":"https:\/\/thuisbatterijoutlet.eu\/de\/wp-json\/wp\/v2\/media\/28872"}],"wp:attachment":[{"href":"https:\/\/thuisbatterijoutlet.eu\/de\/wp-json\/wp\/v2\/media?parent=28730"}],"wp:term":[{"taxonomy":"pwb-brand","embeddable":true,"href":"https:\/\/thuisbatterijoutlet.eu\/de\/wp-json\/wp\/v2\/pwb-brand?post=28730"},{"taxonomy":"product_brand","embeddable":true,"href":"https:\/\/thuisbatterijoutlet.eu\/de\/wp-json\/wp\/v2\/product_brand?post=28730"},{"taxonomy":"product_cat","embeddable":true,"href":"https:\/\/thuisbatterijoutlet.eu\/de\/wp-json\/wp\/v2\/product_cat?post=28730"},{"taxonomy":"product_tag","embeddable":true,"href":"https:\/\/thuisbatterijoutlet.eu\/de\/wp-json\/wp\/v2\/product_tag?post=28730"}],"curies":[{"name":"wp","href":"https:\/\/api.w.org\/{rel}","templated":true}]}}