{"id":27830,"date":"2024-12-20T18:31:56","date_gmt":"2024-12-20T18:31:56","guid":{"rendered":"https:\/\/thuisbatterijoutlet.eu\/?post_type=product&#038;p=27830"},"modified":"2025-03-08T07:38:56","modified_gmt":"2025-03-08T07:38:56","slug":"huawei-luna2000-s1-batterij-systeem-14kwh","status":"publish","type":"product","link":"https:\/\/thuisbatterijoutlet.eu\/es\/producto\/huawei-luna2000-s1-sistema-de-bateria-14kwh\/","title":{"rendered":"Huawei | LUNA2000 S1 | Sistema de bater\u00edas | 14kWh"},"content":{"rendered":"<h2 class=\"wp-block-heading\">Huawei LUNA2000 S1 Sistema de bater\u00eda 14kWh<\/h2>\n<p>Conozca el sistema de bater\u00edas dom\u00e9sticas LUNA2000 S1, la soluci\u00f3n definitiva para todas sus necesidades energ\u00e9ticas. Este avanzado m\u00f3dulo de bater\u00eda de alto voltaje ofrece una revoluci\u00f3n en el almacenamiento de energ\u00eda, permiti\u00e9ndote beneficiarte de una energ\u00eda fiable cuando y donde la necesites.<\/p>\n<p>Con sus tecnolog\u00edas de vanguardia, el sistema de bater\u00eda dom\u00e9stica LUNA2000 S1 ofrece un potente rendimiento y garantiza un suministro de energ\u00eda constante incluso en las condiciones m\u00e1s exigentes. Ya sea para aplicaciones residenciales, comerciales o industriales, esta bater\u00eda dom\u00e9stica se adapta sin esfuerzo a sus necesidades espec\u00edficas, lo que la convierte en la opci\u00f3n perfecta para cualquier situaci\u00f3n.<\/p>\n<p><strong>El Huawei Luna2000 s1 tiene una bater\u00eda de 14 kWh de capacidad y consta de los siguientes componentes:<\/strong><\/p>\n<ul class=\"wp-block-list\">\n<li>2x M\u00f3dulo de bater\u00eda LUNA2000 <\/li>\n<li>1x M\u00f3dulo de alimentaci\u00f3n de bater\u00eda LUNA2000 HV <\/li>\n<li>1x Juego de cables - HV rojo y negro (3 metros)<\/li>\n<\/ul>\n<h3 class=\"wp-block-heading\">Caracter\u00edsticas del Huawei Luna2000 S1<\/h3>\n<ul class=\"wp-block-list\">\n<li>Capacidad de bater\u00eda utilizable 13,8 kWh<\/li>\n<li>Potencia de salida m\u00e1x. 7 kW<\/li>\n<li>Incl. soporte de suelo<\/li>\n<li>RS485\/CAN<\/li>\n<li>IP66<\/li>\n<li>Peso 148 kg<\/li>\n<li>Dimensiones 590 x 255 x 870 mm<\/li>\n<\/ul>","protected":false},"excerpt":{"rendered":"<p>Sistema de bater\u00eda LUNA2000 S1 14kWh de Huawei Conoce el sistema de bater\u00eda dom\u00e9stica LUNA2000 S1, la soluci\u00f3n definitiva para todos tus<\/p>","protected":false},"featured_media":27861,"comment_status":"open","ping_status":"closed","template":"","meta":[],"pwb-brand":[153],"product_brand":[],"product_cat":[389],"product_tag":[],"class_list":{"0":"post-27830","1":"product","2":"type-product","3":"status-publish","4":"has-post-thumbnail","6":"pwb-brand-huawei","7":"product_cat-thuisbatterij-systemen","9":"first","10":"instock","11":"shipping-taxable","12":"purchasable","13":"product-type-simple"},"brands":[{"id":153,"name":"Huawei","slug":"huawei"}],"_links":{"self":[{"href":"https:\/\/thuisbatterijoutlet.eu\/es\/wp-json\/wp\/v2\/product\/27830","targetHints":{"allow":["GET"]}}],"collection":[{"href":"https:\/\/thuisbatterijoutlet.eu\/es\/wp-json\/wp\/v2\/product"}],"about":[{"href":"https:\/\/thuisbatterijoutlet.eu\/es\/wp-json\/wp\/v2\/types\/product"}],"replies":[{"embeddable":true,"href":"https:\/\/thuisbatterijoutlet.eu\/es\/wp-json\/wp\/v2\/comments?post=27830"}],"version-history":[{"count":1,"href":"https:\/\/thuisbatterijoutlet.eu\/es\/wp-json\/wp\/v2\/product\/27830\/revisions"}],"predecessor-version":[{"id":27862,"href":"https:\/\/thuisbatterijoutlet.eu\/es\/wp-json\/wp\/v2\/product\/27830\/revisions\/27862"}],"wp:featuredmedia":[{"embeddable":true,"href":"https:\/\/thuisbatterijoutlet.eu\/es\/wp-json\/wp\/v2\/media\/27861"}],"wp:attachment":[{"href":"https:\/\/thuisbatterijoutlet.eu\/es\/wp-json\/wp\/v2\/media?parent=27830"}],"wp:term":[{"taxonomy":"pwb-brand","embeddable":true,"href":"https:\/\/thuisbatterijoutlet.eu\/es\/wp-json\/wp\/v2\/pwb-brand?post=27830"},{"taxonomy":"product_brand","embeddable":true,"href":"https:\/\/thuisbatterijoutlet.eu\/es\/wp-json\/wp\/v2\/product_brand?post=27830"},{"taxonomy":"product_cat","embeddable":true,"href":"https:\/\/thuisbatterijoutlet.eu\/es\/wp-json\/wp\/v2\/product_cat?post=27830"},{"taxonomy":"product_tag","embeddable":true,"href":"https:\/\/thuisbatterijoutlet.eu\/es\/wp-json\/wp\/v2\/product_tag?post=27830"}],"curies":[{"name":"wp","href":"https:\/\/api.w.org\/{rel}","templated":true}]}}