{"id":27952,"date":"2024-12-20T18:32:47","date_gmt":"2024-12-20T18:32:47","guid":{"rendered":"https:\/\/thuisbatterijoutlet.eu\/?post_type=product&#038;p=27952"},"modified":"2025-03-08T07:38:38","modified_gmt":"2025-03-08T07:38:38","slug":"enphase-ac-gekoppeld-batterijsysteem-384kw-10kwh","status":"publish","type":"product","link":"https:\/\/thuisbatterijoutlet.eu\/es\/producto\/enphase-ac-sistema-de-baterias-acopladas-384kw-10kwh\/","title":{"rendered":"Enphase - Sistema de bater\u00edas acopladas de CA 3,84 kW, 10 kWh"},"content":{"rendered":"<p>Importante: Se requiere certificaci\u00f3n de instalador. Visite la Universidad Enphase para obtener su certificaci\u00f3n.<\/p>\n<p>Importante: Extensi\u00f3n de la fecha 'Energize by' de la bater\u00edaVea el documento de extensi\u00f3n de la fecha 'Energize by' en la secci\u00f3n de descargas de esta p\u00e1gina.Enphase AC-coupled system with IQ-Battery 10T<br \/> Este kit contiene todo el hardware para un sistema de bater\u00edas que puede instalarse en paralelo con un sistema fotovoltaico existente, independientemente de la marca.<br \/> Ventajas de la Enphase IQ-Battery 10T:<\/p>\n<p>Sistema de bater\u00edas de CA totalmente integrado con microinversores IQ 8X-BAT integrados<br \/> Puede conectarse f\u00e1cilmente a la corriente alterna de una instalaci\u00f3n dom\u00e9stica est\u00e1ndar<br \/> Ajusta el sistema de forma \u00f3ptima a la situaci\u00f3n del usuario<br \/> Control y medici\u00f3n c\u00f3modos a trav\u00e9s de una aplicaci\u00f3n m\u00f3vil<br \/> Refrigeraci\u00f3n pasiva (sin piezas m\u00f3viles ni ventiladores)<br \/> Larga vida \u00fatil, 10 a\u00f1os de garant\u00eda<br \/> Para instalar la bater\u00eda, su instalador debe estar certificado. Para ello, puede ponerse en contacto con el gestor de cuentas de Enphase.<\/p>","protected":false},"excerpt":{"rendered":"<p>1 fase | 3 fases<\/p>","protected":false},"featured_media":27986,"comment_status":"open","ping_status":"closed","template":"","meta":[],"pwb-brand":[151],"product_brand":[],"product_cat":[389],"product_tag":[],"class_list":{"0":"post-27952","1":"product","2":"type-product","3":"status-publish","4":"has-post-thumbnail","6":"pwb-brand-enphase","7":"product_cat-thuisbatterij-systemen","9":"first","10":"instock","11":"shipping-taxable","12":"purchasable","13":"product-type-simple"},"brands":[{"id":151,"name":"Enphase","slug":"enphase"}],"_links":{"self":[{"href":"https:\/\/thuisbatterijoutlet.eu\/es\/wp-json\/wp\/v2\/product\/27952","targetHints":{"allow":["GET"]}}],"collection":[{"href":"https:\/\/thuisbatterijoutlet.eu\/es\/wp-json\/wp\/v2\/product"}],"about":[{"href":"https:\/\/thuisbatterijoutlet.eu\/es\/wp-json\/wp\/v2\/types\/product"}],"replies":[{"embeddable":true,"href":"https:\/\/thuisbatterijoutlet.eu\/es\/wp-json\/wp\/v2\/comments?post=27952"}],"version-history":[{"count":1,"href":"https:\/\/thuisbatterijoutlet.eu\/es\/wp-json\/wp\/v2\/product\/27952\/revisions"}],"predecessor-version":[{"id":27987,"href":"https:\/\/thuisbatterijoutlet.eu\/es\/wp-json\/wp\/v2\/product\/27952\/revisions\/27987"}],"wp:featuredmedia":[{"embeddable":true,"href":"https:\/\/thuisbatterijoutlet.eu\/es\/wp-json\/wp\/v2\/media\/27986"}],"wp:attachment":[{"href":"https:\/\/thuisbatterijoutlet.eu\/es\/wp-json\/wp\/v2\/media?parent=27952"}],"wp:term":[{"taxonomy":"pwb-brand","embeddable":true,"href":"https:\/\/thuisbatterijoutlet.eu\/es\/wp-json\/wp\/v2\/pwb-brand?post=27952"},{"taxonomy":"product_brand","embeddable":true,"href":"https:\/\/thuisbatterijoutlet.eu\/es\/wp-json\/wp\/v2\/product_brand?post=27952"},{"taxonomy":"product_cat","embeddable":true,"href":"https:\/\/thuisbatterijoutlet.eu\/es\/wp-json\/wp\/v2\/product_cat?post=27952"},{"taxonomy":"product_tag","embeddable":true,"href":"https:\/\/thuisbatterijoutlet.eu\/es\/wp-json\/wp\/v2\/product_tag?post=27952"}],"curies":[{"name":"wp","href":"https:\/\/api.w.org\/{rel}","templated":true}]}}