{"id":27968,"date":"2024-12-20T18:32:47","date_gmt":"2024-12-20T18:32:47","guid":{"rendered":"https:\/\/thuisbatterijoutlet.eu\/?post_type=product&#038;p=27968"},"modified":"2025-03-08T07:38:41","modified_gmt":"2025-03-08T07:38:41","slug":"solplanet-lv-battery-10-24kwh","status":"publish","type":"product","link":"https:\/\/thuisbatterijoutlet.eu\/es\/producto\/solplanet-lv-bateria-10-24kwh\/","title":{"rendered":"Bater\u00eda Solplanet LV 10,24 kWh"},"content":{"rendered":"<p>La bater\u00eda dom\u00e9stica Solplanet LV 10,24 kWh est\u00e1 fabricada con las \u00faltimas c\u00e9lulas de alta calidad del mercado: fosfato de hierro y litio (LiFePO4). Esta tecnolog\u00eda de vanguardia garantiza la mayor duraci\u00f3n posible de la bater\u00eda y da como resultado un producto de muy bajo mantenimiento.   Por supuesto, la bater\u00eda dom\u00e9stica Solplanet LV 10,24 kWh funciona perfectamente con los inversores h\u00edbridos de Solplanet. Al igual que con todos los productos Solplanet, la carga y el uso de la bater\u00eda se pueden configurar y supervisar f\u00e1cilmente mediante la aplicaci\u00f3n m\u00f3vil Solplanet de f\u00e1cil uso. Caracter\u00edsticas de la bater\u00eda dom\u00e9stica Solplanet LV 5,12 kWh La bater\u00eda dom\u00e9stica Solplanet LV 5,12 kWh es totalmente escalable y puede alojar hasta 4 bater\u00edas en paralelo.  Bater\u00eda de bajo voltaje de 5,12 kWh F\u00e1cil de instalar: el dise\u00f1o precableado acelera el proceso de instalaci\u00f3n con menos conexiones Dise\u00f1o compacto y delgado Protecci\u00f3n BMS Totalmente compatible con los inversores h\u00edbridos de Solplanet Excelente seguridad de la bater\u00eda LiFePO4 con alta densidad de energ\u00eda y eficiencia (LFP) Dimensiones (An\/Al): 640\/181\/1017 mm Peso del m\u00f3dulo de bater\u00eda: 44.5 kg IP65 para uso interior\/exterior Montaje en suelo\/pared Monitorizaci\u00f3n 24\/7 con instalaci\u00f3n r\u00e1pida y registro de datos a trav\u00e9s de la app Solplanet Escalabilidad: conexi\u00f3n en paralelo de hasta 4 conjuntos 10 a\u00f1os de garant\u00eda<\/p>","protected":false},"excerpt":{"rendered":"<p>10,24 kWh, IP65, LiFePO4<\/p>","protected":false},"featured_media":28035,"comment_status":"open","ping_status":"closed","template":"","meta":[],"pwb-brand":[157],"product_brand":[],"product_cat":[77],"product_tag":[],"class_list":{"0":"post-27968","1":"product","2":"type-product","3":"status-publish","4":"has-post-thumbnail","6":"pwb-brand-solplanet","7":"product_cat-thuisbatterijen","9":"first","10":"instock","11":"shipping-taxable","12":"purchasable","13":"product-type-simple"},"brands":[{"id":157,"name":"Solplanet","slug":"solplanet"}],"_links":{"self":[{"href":"https:\/\/thuisbatterijoutlet.eu\/es\/wp-json\/wp\/v2\/product\/27968","targetHints":{"allow":["GET"]}}],"collection":[{"href":"https:\/\/thuisbatterijoutlet.eu\/es\/wp-json\/wp\/v2\/product"}],"about":[{"href":"https:\/\/thuisbatterijoutlet.eu\/es\/wp-json\/wp\/v2\/types\/product"}],"replies":[{"embeddable":true,"href":"https:\/\/thuisbatterijoutlet.eu\/es\/wp-json\/wp\/v2\/comments?post=27968"}],"version-history":[{"count":1,"href":"https:\/\/thuisbatterijoutlet.eu\/es\/wp-json\/wp\/v2\/product\/27968\/revisions"}],"predecessor-version":[{"id":28036,"href":"https:\/\/thuisbatterijoutlet.eu\/es\/wp-json\/wp\/v2\/product\/27968\/revisions\/28036"}],"wp:featuredmedia":[{"embeddable":true,"href":"https:\/\/thuisbatterijoutlet.eu\/es\/wp-json\/wp\/v2\/media\/28035"}],"wp:attachment":[{"href":"https:\/\/thuisbatterijoutlet.eu\/es\/wp-json\/wp\/v2\/media?parent=27968"}],"wp:term":[{"taxonomy":"pwb-brand","embeddable":true,"href":"https:\/\/thuisbatterijoutlet.eu\/es\/wp-json\/wp\/v2\/pwb-brand?post=27968"},{"taxonomy":"product_brand","embeddable":true,"href":"https:\/\/thuisbatterijoutlet.eu\/es\/wp-json\/wp\/v2\/product_brand?post=27968"},{"taxonomy":"product_cat","embeddable":true,"href":"https:\/\/thuisbatterijoutlet.eu\/es\/wp-json\/wp\/v2\/product_cat?post=27968"},{"taxonomy":"product_tag","embeddable":true,"href":"https:\/\/thuisbatterijoutlet.eu\/es\/wp-json\/wp\/v2\/product_tag?post=27968"}],"curies":[{"name":"wp","href":"https:\/\/api.w.org\/{rel}","templated":true}]}}