{"id":28072,"date":"2024-12-20T18:34:13","date_gmt":"2024-12-20T18:34:13","guid":{"rendered":"https:\/\/thuisbatterijoutlet.eu\/?post_type=product&#038;p=28072"},"modified":"2025-03-08T07:38:22","modified_gmt":"2025-03-08T07:38:22","slug":"tigo-ei-residential-bms","status":"publish","type":"product","link":"https:\/\/thuisbatterijoutlet.eu\/es\/producto\/tigo-ei-residencial-bms\/","title":{"rendered":"Tigo EI Residencial BMS"},"content":{"rendered":"<p>El TIGO EI BMS es el sistema de gesti\u00f3n de bater\u00edas para la soluci\u00f3n de bater\u00edas TIGO Energy Intellegence.<br \/> Tigo EI (Energy Intelligence) es un sistema completo de almacenamiento de energ\u00eda que puede ampliarse f\u00e1cilmente para satisfacer las necesidades cambiantes de los clientes.<br \/> La bater\u00eda Tigo EI apila bloques de 3 kWh, ampliables f\u00e1cilmente a 12 kWh.<br \/> El Tigo EI Link es la piedra angular del sistema EI. Es el nodo de comunicaci\u00f3n y el punto de conexi\u00f3n para todas las conexiones de red, inversores, FV y bater\u00edas.<br \/> En combinaci\u00f3n con Tigo TS4 Flex MLPE, las funciones de supervisi\u00f3n, optimizaci\u00f3n y seguridad contra incendios a nivel de panel pueden realizarse con la comunicaci\u00f3n Tigo ya incorporada.<br \/> Ver todas las bater\u00edas dom\u00e9sticas<\/p>\n<p>ESTG es un mayorista de paneles solares y otros art\u00edculos el\u00e9ctricos duraderos, como inversores, estaciones de carga, bater\u00edas dom\u00e9sticas y calefacci\u00f3n por infrarrojos. Con una amplia gama de marcas A, ESTG suministra a instaladores de toda Europa.<\/p>","protected":false},"excerpt":{"rendered":"<p>EI BMS para bater\u00eda TIGO EI<\/p>","protected":false},"featured_media":28099,"comment_status":"open","ping_status":"closed","template":"","meta":[],"pwb-brand":[],"product_brand":[],"product_cat":[77],"product_tag":[],"class_list":{"0":"post-28072","1":"product","2":"type-product","3":"status-publish","4":"has-post-thumbnail","6":"product_cat-thuisbatterijen","8":"first","9":"instock","10":"shipping-taxable","11":"purchasable","12":"product-type-simple"},"brands":[],"_links":{"self":[{"href":"https:\/\/thuisbatterijoutlet.eu\/es\/wp-json\/wp\/v2\/product\/28072","targetHints":{"allow":["GET"]}}],"collection":[{"href":"https:\/\/thuisbatterijoutlet.eu\/es\/wp-json\/wp\/v2\/product"}],"about":[{"href":"https:\/\/thuisbatterijoutlet.eu\/es\/wp-json\/wp\/v2\/types\/product"}],"replies":[{"embeddable":true,"href":"https:\/\/thuisbatterijoutlet.eu\/es\/wp-json\/wp\/v2\/comments?post=28072"}],"version-history":[{"count":1,"href":"https:\/\/thuisbatterijoutlet.eu\/es\/wp-json\/wp\/v2\/product\/28072\/revisions"}],"predecessor-version":[{"id":28153,"href":"https:\/\/thuisbatterijoutlet.eu\/es\/wp-json\/wp\/v2\/product\/28072\/revisions\/28153"}],"wp:featuredmedia":[{"embeddable":true,"href":"https:\/\/thuisbatterijoutlet.eu\/es\/wp-json\/wp\/v2\/media\/28099"}],"wp:attachment":[{"href":"https:\/\/thuisbatterijoutlet.eu\/es\/wp-json\/wp\/v2\/media?parent=28072"}],"wp:term":[{"taxonomy":"pwb-brand","embeddable":true,"href":"https:\/\/thuisbatterijoutlet.eu\/es\/wp-json\/wp\/v2\/pwb-brand?post=28072"},{"taxonomy":"product_brand","embeddable":true,"href":"https:\/\/thuisbatterijoutlet.eu\/es\/wp-json\/wp\/v2\/product_brand?post=28072"},{"taxonomy":"product_cat","embeddable":true,"href":"https:\/\/thuisbatterijoutlet.eu\/es\/wp-json\/wp\/v2\/product_cat?post=28072"},{"taxonomy":"product_tag","embeddable":true,"href":"https:\/\/thuisbatterijoutlet.eu\/es\/wp-json\/wp\/v2\/product_tag?post=28072"}],"curies":[{"name":"wp","href":"https:\/\/api.w.org\/{rel}","templated":true}]}}