{"id":28073,"date":"2024-12-20T18:34:13","date_gmt":"2024-12-20T18:34:13","guid":{"rendered":"https:\/\/thuisbatterijoutlet.eu\/?post_type=product&#038;p=28073"},"modified":"2025-03-08T07:38:22","modified_gmt":"2025-03-08T07:38:22","slug":"sungrow-sbr-batterij-module-3-2kw-smr032-v13","status":"publish","type":"product","link":"https:\/\/thuisbatterijoutlet.eu\/es\/producto\/sungrow-sbr-batterij-module-3-2kw-smr032-v13\/","title":{"rendered":"M\u00f3dulo de bater\u00eda Sungrow SBR de 3,2 kW (SMR032-V13)"},"content":{"rendered":"<p>ALTO RENDIMIENTO<\/p>\n<p>\u065aCorriente de carga y descarga constante de hasta 30 A con alta eficiencia.<br \/> Hasta 100% de energ\u00eda utilizable<\/p>\n<p>FLEXIBILIDAD<\/p>\n<p>Ampliable durante la vida \u00fatil<br \/> Admite de 3 a 8 m\u00f3dulos por unidad, m\u00e1x. 4 unidades conectadas en paralelo, rango de capacidad de 9 a 100 kWh<\/p>\n<p>SEGURIDAD<\/p>\n<p>Bater\u00eda de litio hierro fosfato<br \/> Dise\u00f1o con protecci\u00f3n multif\u00e1sica y certificaci\u00f3n de seguridad integral<\/p>\n<p>F\u00c1CIL INSTALACI\u00d3N<\/p>\n<p>Compacto y ligero, instalaci\u00f3n por una sola persona<br \/> Plug&amp;play, geen kabels nodig tussen batterijmodules<\/p>","protected":false},"excerpt":{"rendered":"<p>M\u00f3dulo de bater\u00eda 3,2 kW, IP55, M\u00e1x. 100% DOD<\/p>","protected":false},"featured_media":28154,"comment_status":"open","ping_status":"closed","template":"","meta":[],"pwb-brand":[391],"product_brand":[],"product_cat":[77],"product_tag":[],"class_list":{"0":"post-28073","1":"product","2":"type-product","3":"status-publish","4":"has-post-thumbnail","6":"pwb-brand-sungrow","7":"product_cat-thuisbatterijen","9":"first","10":"instock","11":"shipping-taxable","12":"purchasable","13":"product-type-simple"},"brands":[{"id":391,"name":"Sungrow","slug":"sungrow"}],"_links":{"self":[{"href":"https:\/\/thuisbatterijoutlet.eu\/es\/wp-json\/wp\/v2\/product\/28073","targetHints":{"allow":["GET"]}}],"collection":[{"href":"https:\/\/thuisbatterijoutlet.eu\/es\/wp-json\/wp\/v2\/product"}],"about":[{"href":"https:\/\/thuisbatterijoutlet.eu\/es\/wp-json\/wp\/v2\/types\/product"}],"replies":[{"embeddable":true,"href":"https:\/\/thuisbatterijoutlet.eu\/es\/wp-json\/wp\/v2\/comments?post=28073"}],"version-history":[{"count":1,"href":"https:\/\/thuisbatterijoutlet.eu\/es\/wp-json\/wp\/v2\/product\/28073\/revisions"}],"predecessor-version":[{"id":28155,"href":"https:\/\/thuisbatterijoutlet.eu\/es\/wp-json\/wp\/v2\/product\/28073\/revisions\/28155"}],"wp:featuredmedia":[{"embeddable":true,"href":"https:\/\/thuisbatterijoutlet.eu\/es\/wp-json\/wp\/v2\/media\/28154"}],"wp:attachment":[{"href":"https:\/\/thuisbatterijoutlet.eu\/es\/wp-json\/wp\/v2\/media?parent=28073"}],"wp:term":[{"taxonomy":"pwb-brand","embeddable":true,"href":"https:\/\/thuisbatterijoutlet.eu\/es\/wp-json\/wp\/v2\/pwb-brand?post=28073"},{"taxonomy":"product_brand","embeddable":true,"href":"https:\/\/thuisbatterijoutlet.eu\/es\/wp-json\/wp\/v2\/product_brand?post=28073"},{"taxonomy":"product_cat","embeddable":true,"href":"https:\/\/thuisbatterijoutlet.eu\/es\/wp-json\/wp\/v2\/product_cat?post=28073"},{"taxonomy":"product_tag","embeddable":true,"href":"https:\/\/thuisbatterijoutlet.eu\/es\/wp-json\/wp\/v2\/product_tag?post=28073"}],"curies":[{"name":"wp","href":"https:\/\/api.w.org\/{rel}","templated":true}]}}