{"id":28074,"date":"2024-12-20T18:34:13","date_gmt":"2024-12-20T18:34:13","guid":{"rendered":"https:\/\/thuisbatterijoutlet.eu\/?post_type=product&#038;p=28074"},"modified":"2025-03-08T07:38:23","modified_gmt":"2025-03-08T07:38:23","slug":"tigo-tsb-3-battery-pack-3kw","status":"publish","type":"product","link":"https:\/\/thuisbatterijoutlet.eu\/es\/producto\/tigo-tsb-3-bateria-3kw\/","title":{"rendered":"Bater\u00eda Tigo TSB-3 de 3 kW"},"content":{"rendered":"<p>La Bater\u00eda Tigo EI es un sistema de almacenamiento de energ\u00eda modular y escalable para la Soluci\u00f3n Residencial EI. Disponible en tama\u00f1os de 3 a 12 kWh para hogares monof\u00e1sicos o trif\u00e1sicos, y equipada con una eficiente carga CC:CC desde su instalaci\u00f3n solar, la bater\u00eda EI permite una energ\u00eda de reserva flexible y fiable.<br \/> Caracter\u00edsticas y ventajas - Fosfato de hierro y litio (LFP) fiable y estable - M\u00faltiples modos: autoconsumo, tiempo de uso (TOU) y copia de seguridad<br \/> - Configurable hasta 12 kWh (3 kWh por armario) - Opciones monof\u00e1sica y trif\u00e1sica - Carga eficaz CC:CC de su conjunto - Incluye sistema de gesti\u00f3n de bater\u00edas - Supervisado por Tigo Energy Intelligence - Garant\u00eda de 132 meses<br \/> ESTG es un mayorista de paneles solares y otros art\u00edculos el\u00e9ctricos duraderos, como inversores, estaciones de carga, bater\u00edas dom\u00e9sticas y calefacci\u00f3n por infrarrojos. Con una amplia gama de marcas A, ESTG suministra a instaladores de toda Europa.<\/p>","protected":false},"excerpt":{"rendered":"<p>3kWh, IP65, LiFePO4<\/p>","protected":false},"featured_media":28170,"comment_status":"open","ping_status":"closed","template":"","meta":[],"pwb-brand":[],"product_brand":[],"product_cat":[77],"product_tag":[],"class_list":{"0":"post-28074","1":"product","2":"type-product","3":"status-publish","4":"has-post-thumbnail","6":"product_cat-thuisbatterijen","8":"first","9":"instock","10":"shipping-taxable","11":"purchasable","12":"product-type-simple"},"brands":[],"_links":{"self":[{"href":"https:\/\/thuisbatterijoutlet.eu\/es\/wp-json\/wp\/v2\/product\/28074","targetHints":{"allow":["GET"]}}],"collection":[{"href":"https:\/\/thuisbatterijoutlet.eu\/es\/wp-json\/wp\/v2\/product"}],"about":[{"href":"https:\/\/thuisbatterijoutlet.eu\/es\/wp-json\/wp\/v2\/types\/product"}],"replies":[{"embeddable":true,"href":"https:\/\/thuisbatterijoutlet.eu\/es\/wp-json\/wp\/v2\/comments?post=28074"}],"version-history":[{"count":1,"href":"https:\/\/thuisbatterijoutlet.eu\/es\/wp-json\/wp\/v2\/product\/28074\/revisions"}],"predecessor-version":[{"id":28171,"href":"https:\/\/thuisbatterijoutlet.eu\/es\/wp-json\/wp\/v2\/product\/28074\/revisions\/28171"}],"wp:featuredmedia":[{"embeddable":true,"href":"https:\/\/thuisbatterijoutlet.eu\/es\/wp-json\/wp\/v2\/media\/28170"}],"wp:attachment":[{"href":"https:\/\/thuisbatterijoutlet.eu\/es\/wp-json\/wp\/v2\/media?parent=28074"}],"wp:term":[{"taxonomy":"pwb-brand","embeddable":true,"href":"https:\/\/thuisbatterijoutlet.eu\/es\/wp-json\/wp\/v2\/pwb-brand?post=28074"},{"taxonomy":"product_brand","embeddable":true,"href":"https:\/\/thuisbatterijoutlet.eu\/es\/wp-json\/wp\/v2\/product_brand?post=28074"},{"taxonomy":"product_cat","embeddable":true,"href":"https:\/\/thuisbatterijoutlet.eu\/es\/wp-json\/wp\/v2\/product_cat?post=28074"},{"taxonomy":"product_tag","embeddable":true,"href":"https:\/\/thuisbatterijoutlet.eu\/es\/wp-json\/wp\/v2\/product_tag?post=28074"}],"curies":[{"name":"wp","href":"https:\/\/api.w.org\/{rel}","templated":true}]}}