{"id":28089,"date":"2024-12-20T18:34:39","date_gmt":"2024-12-20T18:34:39","guid":{"rendered":"https:\/\/thuisbatterijoutlet.eu\/?post_type=product&#038;p=28089"},"modified":"2025-03-08T07:38:19","modified_gmt":"2025-03-08T07:38:19","slug":"tigo-ei-link-3ph-tss-3ps","status":"publish","type":"product","link":"https:\/\/thuisbatterijoutlet.eu\/es\/producto\/tigo-ei-link-3ph-tss-3ps\/","title":{"rendered":"Tigo EI Link 3PH TSS-3PS"},"content":{"rendered":"<p>El EI Link re\u00fane todos los componentes de la soluci\u00f3n residencial Tigo EI. Conecta f\u00edsicamente el inversor EI a la bater\u00eda EI con un m\u00ednimo de cables. Se comunica de forma inal\u00e1mbrica con los Tigo TS4 conectados a cada m\u00f3dulo y se comunica con la nube, para facilitar la puesta en marcha, la monitorizaci\u00f3n remota, las actualizaciones inal\u00e1mbricas y mucho m\u00e1s.<br \/> Caracter\u00edsticas y ventajas - El cableado centralizado conecta el inversor EI a la bater\u00eda EI. - El CCA integrado permite la supervisi\u00f3n a nivel de sistema y de m\u00f3dulo - Se conecta a los Tigo TS4 a trav\u00e9s de un Tigo Access Point (TAP) - Incluido en la caja - Garant\u00eda de 60 meses.<br \/> ESTG es un mayorista de paneles solares y otros art\u00edculos el\u00e9ctricos duraderos, como inversores, estaciones de carga, bater\u00edas dom\u00e9sticas y calefacci\u00f3n por infrarrojos. Con una amplia gama de marcas A, ESTG suministra a instaladores de toda Europa.<br \/> Mostrar todo<\/p>","protected":false},"excerpt":{"rendered":"<p>EI Link voor 3-fase TIGO EI-omvormer<\/p>","protected":false},"featured_media":28172,"comment_status":"open","ping_status":"closed","template":"","meta":[],"pwb-brand":[],"product_brand":[],"product_cat":[77],"product_tag":[],"class_list":{"0":"post-28089","1":"product","2":"type-product","3":"status-publish","4":"has-post-thumbnail","6":"product_cat-thuisbatterijen","8":"first","9":"instock","10":"shipping-taxable","11":"purchasable","12":"product-type-simple"},"brands":[],"_links":{"self":[{"href":"https:\/\/thuisbatterijoutlet.eu\/es\/wp-json\/wp\/v2\/product\/28089","targetHints":{"allow":["GET"]}}],"collection":[{"href":"https:\/\/thuisbatterijoutlet.eu\/es\/wp-json\/wp\/v2\/product"}],"about":[{"href":"https:\/\/thuisbatterijoutlet.eu\/es\/wp-json\/wp\/v2\/types\/product"}],"replies":[{"embeddable":true,"href":"https:\/\/thuisbatterijoutlet.eu\/es\/wp-json\/wp\/v2\/comments?post=28089"}],"version-history":[{"count":1,"href":"https:\/\/thuisbatterijoutlet.eu\/es\/wp-json\/wp\/v2\/product\/28089\/revisions"}],"predecessor-version":[{"id":28173,"href":"https:\/\/thuisbatterijoutlet.eu\/es\/wp-json\/wp\/v2\/product\/28089\/revisions\/28173"}],"wp:featuredmedia":[{"embeddable":true,"href":"https:\/\/thuisbatterijoutlet.eu\/es\/wp-json\/wp\/v2\/media\/28172"}],"wp:attachment":[{"href":"https:\/\/thuisbatterijoutlet.eu\/es\/wp-json\/wp\/v2\/media?parent=28089"}],"wp:term":[{"taxonomy":"pwb-brand","embeddable":true,"href":"https:\/\/thuisbatterijoutlet.eu\/es\/wp-json\/wp\/v2\/pwb-brand?post=28089"},{"taxonomy":"product_brand","embeddable":true,"href":"https:\/\/thuisbatterijoutlet.eu\/es\/wp-json\/wp\/v2\/product_brand?post=28089"},{"taxonomy":"product_cat","embeddable":true,"href":"https:\/\/thuisbatterijoutlet.eu\/es\/wp-json\/wp\/v2\/product_cat?post=28089"},{"taxonomy":"product_tag","embeddable":true,"href":"https:\/\/thuisbatterijoutlet.eu\/es\/wp-json\/wp\/v2\/product_tag?post=28089"}],"curies":[{"name":"wp","href":"https:\/\/api.w.org\/{rel}","templated":true}]}}