{"id":28166,"date":"2024-12-20T18:35:23","date_gmt":"2024-12-20T18:35:23","guid":{"rendered":"https:\/\/thuisbatterijoutlet.eu\/?post_type=product&#038;p=28166"},"modified":"2025-03-08T07:38:14","modified_gmt":"2025-03-08T07:38:14","slug":"sma-sunny-home-manager-2-0","status":"publish","type":"product","link":"https:\/\/thuisbatterijoutlet.eu\/es\/producto\/sma-sunny-home-manager-2-0\/","title":{"rendered":"SMA Sunny Home Manager 2.0"},"content":{"rendered":"<p>El centro de control para la gesti\u00f3n inteligente de la energ\u00eda<br \/> El Sunny Home Manager 2.0 es el gestor de energ\u00eda inteligente de SMA y permite el uso m\u00e1s eficiente de la energ\u00eda solar en el hogar.Optimiza el autoconsumo fotovoltaico y reduce significativamente los costes de electricidad.Para ello, mide la potencia de la generaci\u00f3n fotovoltaica, la electricidad adquirida y las entradas de red y proporciona una visi\u00f3n general de todos los flujos de energ\u00eda relevantes en el hogar.A trav\u00e9s de las previsiones de generaci\u00f3n fotovoltaica local y el perfil medido del consumo dom\u00e9stico, el dispositivo de autoaprendizaje gu\u00eda al usuario con recomendaciones de actuaci\u00f3n relacionadas con la energ\u00eda y coordina el funcionamiento de los dispositivos monitorizados para optimizar el uso de la energ\u00eda solar autogenerada.<br \/> Simplemente instale el Sunny Home Manager 2.0 en el punto de conexi\u00f3n a la red, con\u00e9ctelo al router de Internet mediante un cable Ethernet y, a continuaci\u00f3n, registre la instalaci\u00f3n fotovoltaica en Sunny Portal o Sunny Places de forma gratuita y \u00fanase a los m\u00e1s de 30.000 sistemas ya instalados en todo el mundo para beneficiarse de una mayor eficiencia energ\u00e9tica.<\/p>","protected":false},"excerpt":{"rendered":"<p>El centro de control para la gesti\u00f3n inteligente de la energ\u00eda El Sunny Home Manager 2.0 es el gestor inteligente de la energ\u00eda de SMA y aprovecha al m\u00e1ximo<\/p>","protected":false},"featured_media":28278,"comment_status":"open","ping_status":"closed","template":"","meta":[],"pwb-brand":[159],"product_brand":[],"product_cat":[77],"product_tag":[],"class_list":{"0":"post-28166","1":"product","2":"type-product","3":"status-publish","4":"has-post-thumbnail","6":"pwb-brand-sma","7":"product_cat-thuisbatterijen","9":"first","10":"instock","11":"shipping-taxable","12":"purchasable","13":"product-type-simple"},"brands":[{"id":159,"name":"SMA","slug":"sma"}],"_links":{"self":[{"href":"https:\/\/thuisbatterijoutlet.eu\/es\/wp-json\/wp\/v2\/product\/28166","targetHints":{"allow":["GET"]}}],"collection":[{"href":"https:\/\/thuisbatterijoutlet.eu\/es\/wp-json\/wp\/v2\/product"}],"about":[{"href":"https:\/\/thuisbatterijoutlet.eu\/es\/wp-json\/wp\/v2\/types\/product"}],"replies":[{"embeddable":true,"href":"https:\/\/thuisbatterijoutlet.eu\/es\/wp-json\/wp\/v2\/comments?post=28166"}],"version-history":[{"count":1,"href":"https:\/\/thuisbatterijoutlet.eu\/es\/wp-json\/wp\/v2\/product\/28166\/revisions"}],"predecessor-version":[{"id":28279,"href":"https:\/\/thuisbatterijoutlet.eu\/es\/wp-json\/wp\/v2\/product\/28166\/revisions\/28279"}],"wp:featuredmedia":[{"embeddable":true,"href":"https:\/\/thuisbatterijoutlet.eu\/es\/wp-json\/wp\/v2\/media\/28278"}],"wp:attachment":[{"href":"https:\/\/thuisbatterijoutlet.eu\/es\/wp-json\/wp\/v2\/media?parent=28166"}],"wp:term":[{"taxonomy":"pwb-brand","embeddable":true,"href":"https:\/\/thuisbatterijoutlet.eu\/es\/wp-json\/wp\/v2\/pwb-brand?post=28166"},{"taxonomy":"product_brand","embeddable":true,"href":"https:\/\/thuisbatterijoutlet.eu\/es\/wp-json\/wp\/v2\/product_brand?post=28166"},{"taxonomy":"product_cat","embeddable":true,"href":"https:\/\/thuisbatterijoutlet.eu\/es\/wp-json\/wp\/v2\/product_cat?post=28166"},{"taxonomy":"product_tag","embeddable":true,"href":"https:\/\/thuisbatterijoutlet.eu\/es\/wp-json\/wp\/v2\/product_tag?post=28166"}],"curies":[{"name":"wp","href":"https:\/\/api.w.org\/{rel}","templated":true}]}}