{"id":28187,"date":"2024-12-20T18:35:48","date_gmt":"2024-12-20T18:35:48","guid":{"rendered":"https:\/\/thuisbatterijoutlet.eu\/?post_type=product&#038;p=28187"},"modified":"2025-03-08T07:38:08","modified_gmt":"2025-03-08T07:38:08","slug":"solaredge-home-batterij-13-8-kwh-low-voltage-batterijmodule","status":"publish","type":"product","link":"https:\/\/thuisbatterijoutlet.eu\/es\/producto\/solaredge-home-bateria-13-8-kwh-modulo-de-bateria-de-baja-tension\/","title":{"rendered":"M\u00f3dulo de bater\u00eda de bajo voltaje SolarEdge Home Battery 13,8 kWh"},"content":{"rendered":"<p>SolarEdge Home Battery LV, 13,8kWh La SolarEdge Home Battery LV 13,8kWh es una soluci\u00f3n de almacenamiento optimizada para los inversores trif\u00e1sicos Home Hub y Wave de SolarEdge.<\/p>\n<p>La bater\u00eda es adecuada para los inversores trif\u00e1sicos Solaredge RWS y RWB h\u00edbridos<\/p>\n<div class=\"tab-menu--product js--tab-menu\">\n<div class=\"tab--container-list\">\n<div class=\"tab--container has--content is--active\">\n<div class=\"tab--content\">\n<div class=\"product--description\">\n<h3>Contenido del paquete<\/h3>\n<ul>\n<li>3 m\u00f3dulos de bater\u00eda dom\u00e9stica de bajo voltaje SolarEdge<\/li>\n<li>1 x Kit de tapa superior de bater\u00eda dom\u00e9stica de bajo voltaje SolarEdge<\/li>\n<li>2 x juego de cables M\u00f3dulo de almacenamiento de bater\u00eda dom\u00e9stica de baja tensi\u00f3n SolarEdge a m\u00f3dulo de bater\u00eda<\/li>\n<\/ul><\/div>\n<\/p><\/div>\n<\/p><\/div>\n<\/p><\/div>\n<\/p><\/div>\n<div class=\"detail--related\"><\/div>\n<div class=\"tab-menu--cross-selling js--tab-menu\">\n<div class=\"tab--container-list\"><\/div>\n<\/p><\/div>","protected":false},"excerpt":{"rendered":"<p>Para inversores trif\u00e1sicos SolarEdge Home Hub y Wave | sin pedestal<\/p>","protected":false},"featured_media":28295,"comment_status":"open","ping_status":"closed","template":"","meta":[],"pwb-brand":[154],"product_brand":[],"product_cat":[77],"product_tag":[],"class_list":{"0":"post-28187","1":"product","2":"type-product","3":"status-publish","4":"has-post-thumbnail","6":"pwb-brand-solaredge","7":"product_cat-thuisbatterijen","9":"first","10":"instock","11":"shipping-taxable","12":"purchasable","13":"product-type-simple"},"brands":[{"id":154,"name":"SolarEdge","slug":"solaredge"}],"_links":{"self":[{"href":"https:\/\/thuisbatterijoutlet.eu\/es\/wp-json\/wp\/v2\/product\/28187","targetHints":{"allow":["GET"]}}],"collection":[{"href":"https:\/\/thuisbatterijoutlet.eu\/es\/wp-json\/wp\/v2\/product"}],"about":[{"href":"https:\/\/thuisbatterijoutlet.eu\/es\/wp-json\/wp\/v2\/types\/product"}],"replies":[{"embeddable":true,"href":"https:\/\/thuisbatterijoutlet.eu\/es\/wp-json\/wp\/v2\/comments?post=28187"}],"version-history":[{"count":1,"href":"https:\/\/thuisbatterijoutlet.eu\/es\/wp-json\/wp\/v2\/product\/28187\/revisions"}],"predecessor-version":[{"id":28296,"href":"https:\/\/thuisbatterijoutlet.eu\/es\/wp-json\/wp\/v2\/product\/28187\/revisions\/28296"}],"wp:featuredmedia":[{"embeddable":true,"href":"https:\/\/thuisbatterijoutlet.eu\/es\/wp-json\/wp\/v2\/media\/28295"}],"wp:attachment":[{"href":"https:\/\/thuisbatterijoutlet.eu\/es\/wp-json\/wp\/v2\/media?parent=28187"}],"wp:term":[{"taxonomy":"pwb-brand","embeddable":true,"href":"https:\/\/thuisbatterijoutlet.eu\/es\/wp-json\/wp\/v2\/pwb-brand?post=28187"},{"taxonomy":"product_brand","embeddable":true,"href":"https:\/\/thuisbatterijoutlet.eu\/es\/wp-json\/wp\/v2\/product_brand?post=28187"},{"taxonomy":"product_cat","embeddable":true,"href":"https:\/\/thuisbatterijoutlet.eu\/es\/wp-json\/wp\/v2\/product_cat?post=28187"},{"taxonomy":"product_tag","embeddable":true,"href":"https:\/\/thuisbatterijoutlet.eu\/es\/wp-json\/wp\/v2\/product_tag?post=28187"}],"curies":[{"name":"wp","href":"https:\/\/api.w.org\/{rel}","templated":true}]}}