{"id":28209,"date":"2024-12-20T18:36:09","date_gmt":"2024-12-20T18:36:09","guid":{"rendered":"https:\/\/thuisbatterijoutlet.eu\/?post_type=product&#038;p=28209"},"modified":"2025-03-08T07:38:03","modified_gmt":"2025-03-08T07:38:03","slug":"sungrow-sbr192-high-voltage-lfp-battery","status":"publish","type":"product","link":"https:\/\/thuisbatterijoutlet.eu\/es\/producto\/sungrow-sbr192-bateria-lfp-de-alto-voltaje\/","title":{"rendered":"Sungrow - Bater\u00eda LFP de alto voltaje SBR192"},"content":{"rendered":"<p>Sungrow - SBR192 Esta bater\u00eda tiene 19,2kWh de capacidad y una salida de CC nominal de 11,52kW.Sungrow - SRB096\/128\/160\/192\/224\/256 Bater\u00eda LFP de alto voltaje Alta eficiencia Hasta 30A de carga y descarga continua con alta eficiencia 100% DoD (Profundidad de descarga) C\u00e9lulas de bater\u00eda de fosfato de hierro litio Protecci\u00f3n y certificaci\u00f3n multietapa Flexible Ampliable Admite de 3 a 8 m\u00f3dulos por unidad, m\u00e1x. 4 unidades conectadas en paralelo Capacidad de 9-100kWh 4 unidades conectadas en paralelo, capacidad de 9-100 kWh Alta eficiencia Hasta 30 A de corriente continua de carga y descarga con alta eficiencia 100% DoD<\/p>","protected":false},"excerpt":{"rendered":"<p>Sungrow - SBR192<\/p>","protected":false},"featured_media":28321,"comment_status":"open","ping_status":"closed","template":"","meta":[],"pwb-brand":[391],"product_brand":[],"product_cat":[77],"product_tag":[],"class_list":{"0":"post-28209","1":"product","2":"type-product","3":"status-publish","4":"has-post-thumbnail","6":"pwb-brand-sungrow","7":"product_cat-thuisbatterijen","9":"first","10":"instock","11":"shipping-taxable","12":"purchasable","13":"product-type-simple"},"brands":[{"id":391,"name":"Sungrow","slug":"sungrow"}],"_links":{"self":[{"href":"https:\/\/thuisbatterijoutlet.eu\/es\/wp-json\/wp\/v2\/product\/28209","targetHints":{"allow":["GET"]}}],"collection":[{"href":"https:\/\/thuisbatterijoutlet.eu\/es\/wp-json\/wp\/v2\/product"}],"about":[{"href":"https:\/\/thuisbatterijoutlet.eu\/es\/wp-json\/wp\/v2\/types\/product"}],"replies":[{"embeddable":true,"href":"https:\/\/thuisbatterijoutlet.eu\/es\/wp-json\/wp\/v2\/comments?post=28209"}],"version-history":[{"count":1,"href":"https:\/\/thuisbatterijoutlet.eu\/es\/wp-json\/wp\/v2\/product\/28209\/revisions"}],"predecessor-version":[{"id":28322,"href":"https:\/\/thuisbatterijoutlet.eu\/es\/wp-json\/wp\/v2\/product\/28209\/revisions\/28322"}],"wp:featuredmedia":[{"embeddable":true,"href":"https:\/\/thuisbatterijoutlet.eu\/es\/wp-json\/wp\/v2\/media\/28321"}],"wp:attachment":[{"href":"https:\/\/thuisbatterijoutlet.eu\/es\/wp-json\/wp\/v2\/media?parent=28209"}],"wp:term":[{"taxonomy":"pwb-brand","embeddable":true,"href":"https:\/\/thuisbatterijoutlet.eu\/es\/wp-json\/wp\/v2\/pwb-brand?post=28209"},{"taxonomy":"product_brand","embeddable":true,"href":"https:\/\/thuisbatterijoutlet.eu\/es\/wp-json\/wp\/v2\/product_brand?post=28209"},{"taxonomy":"product_cat","embeddable":true,"href":"https:\/\/thuisbatterijoutlet.eu\/es\/wp-json\/wp\/v2\/product_cat?post=28209"},{"taxonomy":"product_tag","embeddable":true,"href":"https:\/\/thuisbatterijoutlet.eu\/es\/wp-json\/wp\/v2\/product_tag?post=28209"}],"curies":[{"name":"wp","href":"https:\/\/api.w.org\/{rel}","templated":true}]}}