{"id":28214,"date":"2024-12-20T18:36:09","date_gmt":"2024-12-20T18:36:09","guid":{"rendered":"https:\/\/thuisbatterijoutlet.eu\/?post_type=product&#038;p=28214"},"modified":"2025-03-08T07:38:05","modified_gmt":"2025-03-08T07:38:05","slug":"sungrow-three-phase-hybrid-ess-8-0kw-9-6kwh-storage","status":"publish","type":"product","link":"https:\/\/thuisbatterijoutlet.eu\/es\/producto\/sungrow-trifasico-hibrido-ess-8-0kw-9-6kwh-almacenamiento\/","title":{"rendered":"Sungrow - ESS h\u00edbrido trif\u00e1sico 8,0 kW, 9,6 kWh de almacenamiento"},"content":{"rendered":"<p>Sungrow - Inversor h\u00edbrido trif\u00e1sico de 8,0 kW con bater\u00eda de 9,6 kWh Un completo sistema h\u00edbrido de bater\u00eda dom\u00e9stica para aplicaciones residenciales.  Este kit completo contiene los siguientes elementos: Sungrow - Inversor SH8.0RT 223308 Sungrow - SBR Bater\u00eda de 9,6kWh-HV 223353 Incluye contador de energ\u00eda y dongle Ethernet\/Wi-FiSungrow - Sistema de almacenamiento de energ\u00eda monof\u00e1sico h\u00edbrido residencial Aplicaci\u00f3n flexible Ideal tanto para reequipamiento como para nuevas instalaciones Compacto y ligero, adecuado para ser instalado por una sola persona Capacidad de bater\u00eda ampliable a lo largo de su vida \u00fatil, admite de 3 a 6 m\u00f3dulos de bater\u00eda por ESS Hasta 4 sistemas de almacenamiento en paralelo en un sistema, hasta 40 kW de potencia y 76 kWh de capacidad Independencia energ\u00e9tica Transici\u00f3n sin problemas al modo de reserva, para protecci\u00f3n contra p\u00e9rdidas de red. Adecuado para carga desequilibrada entre fases durante el respaldo EMS integrado con capacidades avanzadas de personalizaci\u00f3n Gesti\u00f3n inteligente Supervisi\u00f3n iSolarCloud disponible en app y web Datos en tiempo real (muestra de actualizaci\u00f3n cada 10 segundos) C\u00e9lulas de bater\u00eda de litio hierro fosfato seguras Protecci\u00f3n y certificaci\u00f3n multietapa Alta eficiencia Hasta 30 A de corriente continua de carga y descarga con alta eficiencia 100% DoD.<\/p>","protected":false},"excerpt":{"rendered":"<p>Sungrow - Inversor h\u00edbrido trif\u00e1sico de 8,0 kW con bater\u00eda de 9,6 kWh<\/p>","protected":false},"featured_media":28346,"comment_status":"open","ping_status":"closed","template":"","meta":[],"pwb-brand":[391],"product_brand":[],"product_cat":[77],"product_tag":[],"class_list":{"0":"post-28214","1":"product","2":"type-product","3":"status-publish","4":"has-post-thumbnail","6":"pwb-brand-sungrow","7":"product_cat-thuisbatterijen","9":"first","10":"instock","11":"shipping-taxable","12":"purchasable","13":"product-type-simple"},"brands":[{"id":391,"name":"Sungrow","slug":"sungrow"}],"_links":{"self":[{"href":"https:\/\/thuisbatterijoutlet.eu\/es\/wp-json\/wp\/v2\/product\/28214","targetHints":{"allow":["GET"]}}],"collection":[{"href":"https:\/\/thuisbatterijoutlet.eu\/es\/wp-json\/wp\/v2\/product"}],"about":[{"href":"https:\/\/thuisbatterijoutlet.eu\/es\/wp-json\/wp\/v2\/types\/product"}],"replies":[{"embeddable":true,"href":"https:\/\/thuisbatterijoutlet.eu\/es\/wp-json\/wp\/v2\/comments?post=28214"}],"version-history":[{"count":1,"href":"https:\/\/thuisbatterijoutlet.eu\/es\/wp-json\/wp\/v2\/product\/28214\/revisions"}],"predecessor-version":[{"id":28347,"href":"https:\/\/thuisbatterijoutlet.eu\/es\/wp-json\/wp\/v2\/product\/28214\/revisions\/28347"}],"wp:featuredmedia":[{"embeddable":true,"href":"https:\/\/thuisbatterijoutlet.eu\/es\/wp-json\/wp\/v2\/media\/28346"}],"wp:attachment":[{"href":"https:\/\/thuisbatterijoutlet.eu\/es\/wp-json\/wp\/v2\/media?parent=28214"}],"wp:term":[{"taxonomy":"pwb-brand","embeddable":true,"href":"https:\/\/thuisbatterijoutlet.eu\/es\/wp-json\/wp\/v2\/pwb-brand?post=28214"},{"taxonomy":"product_brand","embeddable":true,"href":"https:\/\/thuisbatterijoutlet.eu\/es\/wp-json\/wp\/v2\/product_brand?post=28214"},{"taxonomy":"product_cat","embeddable":true,"href":"https:\/\/thuisbatterijoutlet.eu\/es\/wp-json\/wp\/v2\/product_cat?post=28214"},{"taxonomy":"product_tag","embeddable":true,"href":"https:\/\/thuisbatterijoutlet.eu\/es\/wp-json\/wp\/v2\/product_tag?post=28214"}],"curies":[{"name":"wp","href":"https:\/\/api.w.org\/{rel}","templated":true}]}}