{"id":28275,"date":"2024-12-20T18:37:28","date_gmt":"2024-12-20T18:37:28","guid":{"rendered":"https:\/\/thuisbatterijoutlet.eu\/?post_type=product&#038;p=28275"},"modified":"2025-03-08T07:37:59","modified_gmt":"2025-03-08T07:37:59","slug":"byd-combiner-box-for-battery-box-premium-hvs-hvm","status":"publish","type":"product","link":"https:\/\/thuisbatterijoutlet.eu\/es\/producto\/byd-combiner-box-for-battery-box-premium-hvs-hvm\/","title":{"rendered":"BYD Combiner Box para Battery-Box Premium HVS &amp; HVM"},"content":{"rendered":"<p>Nos complace anunciar que la Combiner Box para BYD Battery-Box Premium HVS &amp; HVM est\u00e1 lista para su pedido.Utilice la Combiner Box premium HV para la conexi\u00f3n en paralelo de 2 o 3 torres battery-box premium HVS\/HVM, proporciona una soluci\u00f3n sencilla y segura para las conexiones de cableado de CC.Todos los documentos relacionados se pueden encontrar en el centro de descargas, encuentre la informaci\u00f3n necesaria para ayudar a la instalaci\u00f3n y configuraci\u00f3n. Por favor, compruebe la lista de inversores compatibles con BYD Battery-Box Premium HVS &amp; HVM-v2.2 antes de la instalaci\u00f3n y aseg\u00farese de que la configuraci\u00f3n prevista cumple con la lista de inversores compatibles con BYD Premium HVS y que las torres tienen la misma cantidad de m\u00f3dulos.<\/p>","protected":false},"excerpt":{"rendered":"<p>Nos complace anunciar que la caja combinadora para BYD Battery-Box Premium HVS &amp; HVM est\u00e1 lista.<\/p>","protected":false},"featured_media":28389,"comment_status":"open","ping_status":"closed","template":"","meta":[],"pwb-brand":[150],"product_brand":[],"product_cat":[77],"product_tag":[],"class_list":{"0":"post-28275","1":"product","2":"type-product","3":"status-publish","4":"has-post-thumbnail","6":"pwb-brand-byd","7":"product_cat-thuisbatterijen","9":"first","10":"instock","11":"shipping-taxable","12":"purchasable","13":"product-type-simple"},"brands":[{"id":150,"name":"BYD","slug":"byd"}],"_links":{"self":[{"href":"https:\/\/thuisbatterijoutlet.eu\/es\/wp-json\/wp\/v2\/product\/28275","targetHints":{"allow":["GET"]}}],"collection":[{"href":"https:\/\/thuisbatterijoutlet.eu\/es\/wp-json\/wp\/v2\/product"}],"about":[{"href":"https:\/\/thuisbatterijoutlet.eu\/es\/wp-json\/wp\/v2\/types\/product"}],"replies":[{"embeddable":true,"href":"https:\/\/thuisbatterijoutlet.eu\/es\/wp-json\/wp\/v2\/comments?post=28275"}],"version-history":[{"count":1,"href":"https:\/\/thuisbatterijoutlet.eu\/es\/wp-json\/wp\/v2\/product\/28275\/revisions"}],"predecessor-version":[{"id":28390,"href":"https:\/\/thuisbatterijoutlet.eu\/es\/wp-json\/wp\/v2\/product\/28275\/revisions\/28390"}],"wp:featuredmedia":[{"embeddable":true,"href":"https:\/\/thuisbatterijoutlet.eu\/es\/wp-json\/wp\/v2\/media\/28389"}],"wp:attachment":[{"href":"https:\/\/thuisbatterijoutlet.eu\/es\/wp-json\/wp\/v2\/media?parent=28275"}],"wp:term":[{"taxonomy":"pwb-brand","embeddable":true,"href":"https:\/\/thuisbatterijoutlet.eu\/es\/wp-json\/wp\/v2\/pwb-brand?post=28275"},{"taxonomy":"product_brand","embeddable":true,"href":"https:\/\/thuisbatterijoutlet.eu\/es\/wp-json\/wp\/v2\/product_brand?post=28275"},{"taxonomy":"product_cat","embeddable":true,"href":"https:\/\/thuisbatterijoutlet.eu\/es\/wp-json\/wp\/v2\/product_cat?post=28275"},{"taxonomy":"product_tag","embeddable":true,"href":"https:\/\/thuisbatterijoutlet.eu\/es\/wp-json\/wp\/v2\/product_tag?post=28275"}],"curies":[{"name":"wp","href":"https:\/\/api.w.org\/{rel}","templated":true}]}}