{"id":28313,"date":"2024-12-20T18:37:49","date_gmt":"2024-12-20T18:37:49","guid":{"rendered":"https:\/\/thuisbatterijoutlet.eu\/?post_type=product&#038;p=28313"},"modified":"2025-03-08T07:37:55","modified_gmt":"2025-03-08T07:37:55","slug":"pylontech-force-h2-1066-kwh","status":"publish","type":"product","link":"https:\/\/thuisbatterijoutlet.eu\/es\/producto\/pylontech-force-h2-1066-kwh\/","title":{"rendered":"Pylontech Force H2 10,66 kWh"},"content":{"rendered":"","protected":false},"excerpt":{"rendered":"<h1>Bater\u00eda de alto voltaje Pylontech Force H2 10,66 kWh 192<\/h1>\n<p>El acumulador de alto voltaje Pylontech Force H2 10,66 kWh almacena electricidad de la red el\u00e9ctrica local. La capacidad de 10,66 kWh indica cu\u00e1nta energ\u00eda puede absorber el sistema de almacenamiento cuando est\u00e1 totalmente cargado. El kit consta de dos m\u00f3dulos de bater\u00eda y un sistema de gesti\u00f3n de bater\u00edas (BMS).<\/p>\n<h3>Bater\u00eda de alto voltaje Pylontech Force H2 FH9637M 96V 3,5kWh<\/h3>\n<p>El m\u00f3dulo de bater\u00eda de expansi\u00f3n Pylontech 96V Force H2 FH9637M de 3,5 kWh es combinable hasta un m\u00e1ximo de 4 bater\u00edas por paquete de bater\u00edas. El nuevo Force H2 de Pylontech ofrece opciones de instalaci\u00f3n r\u00e1pida gracias a su sistema de apilamiento.<\/p>\n<h3>Informaci\u00f3n t\u00e9cnica<\/h3>\n<ul>\n<li>La bater\u00eda de alto voltaje Pylontech Force H2 10,66 kWh almacena electricidad de la red el\u00e9ctrica local.<\/li>\n<li>La capacidad de 10,66 kWh indica cu\u00e1nta energ\u00eda puede absorber el sistema de almacenamiento cuando est\u00e1 totalmente cargado.<\/li>\n<li>El conjunto consta de tres m\u00f3dulos de bater\u00edas y un sistema de gesti\u00f3n de bater\u00edas (BMS).<\/li>\n<li>f\u00e1cil y r\u00e1pida instalaci\u00f3n + ampliaci\u00f3n<\/li>\n<\/ul>\n<h3>\u00a0<\/h3>\n<h3>Pylontech Force H2 FSC500M BMS para bater\u00eda de alto voltaje de 96V 3.5kWh FH9637M El Pylontech Force H2<\/h3>\n<p>FSC500M BMS es un sistema de gesti\u00f3n de bater\u00edas para la bater\u00eda de alto voltaje Pylontech Force H2 FH9637M. Este kit contiene los siguientes elementos:<\/p>\n<ul>\n<li>1 BMS Pylontech Force H2 FSC500M para bater\u00eda de alto voltaje de 96 V y 3,5 kWh FH9637M<\/li>\n<li>3 Bater\u00eda de alto voltaje Pylontech Force H2 FH9637M 96V 3,5kWh<\/li>\n<\/ul>","protected":false},"featured_media":28414,"comment_status":"open","ping_status":"closed","template":"","meta":[],"pwb-brand":[155],"product_brand":[],"product_cat":[77],"product_tag":[],"class_list":{"0":"post-28313","1":"product","2":"type-product","3":"status-publish","4":"has-post-thumbnail","6":"pwb-brand-pylontech","7":"product_cat-thuisbatterijen","9":"first","10":"instock","11":"shipping-taxable","12":"purchasable","13":"product-type-simple"},"brands":[{"id":155,"name":"Pylontech","slug":"pylontech"}],"_links":{"self":[{"href":"https:\/\/thuisbatterijoutlet.eu\/es\/wp-json\/wp\/v2\/product\/28313","targetHints":{"allow":["GET"]}}],"collection":[{"href":"https:\/\/thuisbatterijoutlet.eu\/es\/wp-json\/wp\/v2\/product"}],"about":[{"href":"https:\/\/thuisbatterijoutlet.eu\/es\/wp-json\/wp\/v2\/types\/product"}],"replies":[{"embeddable":true,"href":"https:\/\/thuisbatterijoutlet.eu\/es\/wp-json\/wp\/v2\/comments?post=28313"}],"version-history":[{"count":1,"href":"https:\/\/thuisbatterijoutlet.eu\/es\/wp-json\/wp\/v2\/product\/28313\/revisions"}],"predecessor-version":[{"id":28415,"href":"https:\/\/thuisbatterijoutlet.eu\/es\/wp-json\/wp\/v2\/product\/28313\/revisions\/28415"}],"wp:featuredmedia":[{"embeddable":true,"href":"https:\/\/thuisbatterijoutlet.eu\/es\/wp-json\/wp\/v2\/media\/28414"}],"wp:attachment":[{"href":"https:\/\/thuisbatterijoutlet.eu\/es\/wp-json\/wp\/v2\/media?parent=28313"}],"wp:term":[{"taxonomy":"pwb-brand","embeddable":true,"href":"https:\/\/thuisbatterijoutlet.eu\/es\/wp-json\/wp\/v2\/pwb-brand?post=28313"},{"taxonomy":"product_brand","embeddable":true,"href":"https:\/\/thuisbatterijoutlet.eu\/es\/wp-json\/wp\/v2\/product_brand?post=28313"},{"taxonomy":"product_cat","embeddable":true,"href":"https:\/\/thuisbatterijoutlet.eu\/es\/wp-json\/wp\/v2\/product_cat?post=28313"},{"taxonomy":"product_tag","embeddable":true,"href":"https:\/\/thuisbatterijoutlet.eu\/es\/wp-json\/wp\/v2\/product_tag?post=28313"}],"curies":[{"name":"wp","href":"https:\/\/api.w.org\/{rel}","templated":true}]}}