{"id":28354,"date":"2024-12-20T18:38:33","date_gmt":"2024-12-20T18:38:33","guid":{"rendered":"https:\/\/thuisbatterijoutlet.eu\/?post_type=product&#038;p=28354"},"modified":"2025-03-08T07:37:47","modified_gmt":"2025-03-08T07:37:47","slug":"pylon-us3000-3-55kwh-lithium-battery","status":"publish","type":"product","link":"https:\/\/thuisbatterijoutlet.eu\/es\/producto\/pylon-us3000-3-55kwh-bateria-de-litio\/","title":{"rendered":"Bater\u00eda de litio Pylon US3000 de 3,55 kWh"},"content":{"rendered":"<p>US3000 Nuestro es el \u00faltimo sistema de bater\u00eda HESS de Pylontech con nuestra abundante experiencia de la entrega de nuestro producto en m\u00e1s de 20000 hogares.el car\u00e1cter de larga vida, la energ\u00eda m\u00e1s alta y la densidad de potencia en la industria, dise\u00f1o de moda, facilidad de instalaci\u00f3n y expansi\u00f3n, todos reflejan los requisitos reales de los usuarios finales y las capacidades t\u00e9cnicas m\u00e1s fuertes de Pylontech.- La integraci\u00f3n vertical de la industria garantiza m\u00e1s de 6000 ciclos con 90% DOD - El dise\u00f1o compacto y moderno se adapta al entorno de su hogar - El dise\u00f1o modular ofrece a los clientes finales la posibilidad de elegir la capacidad - Compatible con la mayor\u00eda de los inversores h\u00edbridos disponibles - Fijaci\u00f3n sencilla con hebillaMinimiza el tiempo y el coste de instalaci\u00f3n - Certificado de seguridad t\u00fcv CE UN38.3<\/p>","protected":false},"excerpt":{"rendered":"<p>US3000 Nuestro es el \u00faltimo sistema de bater\u00eda HESS de Pylontech con nuestra abundante experiencia de poner nuestro producto en m\u00e1s de 20000<\/p>","protected":false},"featured_media":28445,"comment_status":"open","ping_status":"closed","template":"","meta":[],"pwb-brand":[155],"product_brand":[],"product_cat":[77],"product_tag":[],"class_list":{"0":"post-28354","1":"product","2":"type-product","3":"status-publish","4":"has-post-thumbnail","6":"pwb-brand-pylontech","7":"product_cat-thuisbatterijen","9":"first","10":"instock","11":"shipping-taxable","12":"purchasable","13":"product-type-simple"},"brands":[{"id":155,"name":"Pylontech","slug":"pylontech"}],"_links":{"self":[{"href":"https:\/\/thuisbatterijoutlet.eu\/es\/wp-json\/wp\/v2\/product\/28354","targetHints":{"allow":["GET"]}}],"collection":[{"href":"https:\/\/thuisbatterijoutlet.eu\/es\/wp-json\/wp\/v2\/product"}],"about":[{"href":"https:\/\/thuisbatterijoutlet.eu\/es\/wp-json\/wp\/v2\/types\/product"}],"replies":[{"embeddable":true,"href":"https:\/\/thuisbatterijoutlet.eu\/es\/wp-json\/wp\/v2\/comments?post=28354"}],"version-history":[{"count":1,"href":"https:\/\/thuisbatterijoutlet.eu\/es\/wp-json\/wp\/v2\/product\/28354\/revisions"}],"predecessor-version":[{"id":28446,"href":"https:\/\/thuisbatterijoutlet.eu\/es\/wp-json\/wp\/v2\/product\/28354\/revisions\/28446"}],"wp:featuredmedia":[{"embeddable":true,"href":"https:\/\/thuisbatterijoutlet.eu\/es\/wp-json\/wp\/v2\/media\/28445"}],"wp:attachment":[{"href":"https:\/\/thuisbatterijoutlet.eu\/es\/wp-json\/wp\/v2\/media?parent=28354"}],"wp:term":[{"taxonomy":"pwb-brand","embeddable":true,"href":"https:\/\/thuisbatterijoutlet.eu\/es\/wp-json\/wp\/v2\/pwb-brand?post=28354"},{"taxonomy":"product_brand","embeddable":true,"href":"https:\/\/thuisbatterijoutlet.eu\/es\/wp-json\/wp\/v2\/product_brand?post=28354"},{"taxonomy":"product_cat","embeddable":true,"href":"https:\/\/thuisbatterijoutlet.eu\/es\/wp-json\/wp\/v2\/product_cat?post=28354"},{"taxonomy":"product_tag","embeddable":true,"href":"https:\/\/thuisbatterijoutlet.eu\/es\/wp-json\/wp\/v2\/product_tag?post=28354"}],"curies":[{"name":"wp","href":"https:\/\/api.w.org\/{rel}","templated":true}]}}