{"id":28356,"date":"2024-12-20T18:38:33","date_gmt":"2024-12-20T18:38:33","guid":{"rendered":"https:\/\/thuisbatterijoutlet.eu\/?post_type=product&#038;p=28356"},"modified":"2025-03-08T07:37:49","modified_gmt":"2025-03-08T07:37:49","slug":"pylon-force-l2-bmu-with-base","status":"publish","type":"product","link":"https:\/\/thuisbatterijoutlet.eu\/es\/producto\/pylon-force-l2-bmu-con-base\/","title":{"rendered":"Pil\u00f3n Force-L2 BMU con base"},"content":{"rendered":"<p>La BMU Pylontech Force-FL2 con base tiene un concepto de dise\u00f1o modular, combinado con una f\u00e1cil instalaci\u00f3n, conectores sencillos y compatibilidad con exteriores.Es la soluci\u00f3n de almacenamiento ideal para encajar en un entorno residencial o comercial peque\u00f1o.El sistema de apilamiento ofrece configuraciones flexibles de 7,1 kWh a 14,21 kwh de capacidad.El sistema se puede construir de 2 a 4 m\u00f3dulos y con una base Pylontech L2.<\/p>","protected":false},"excerpt":{"rendered":"<p>La BMU Pylontech Force-FL2 con base tiene un concepto de dise\u00f1o modular, combinado con una instalaci\u00f3n f\u00e1cil, conectores sencillos y compatibilidad con exteriores.Es el<\/p>","protected":false},"featured_media":28449,"comment_status":"open","ping_status":"closed","template":"","meta":[],"pwb-brand":[155],"product_brand":[],"product_cat":[77],"product_tag":[],"class_list":{"0":"post-28356","1":"product","2":"type-product","3":"status-publish","4":"has-post-thumbnail","6":"pwb-brand-pylontech","7":"product_cat-thuisbatterijen","9":"first","10":"instock","11":"shipping-taxable","12":"purchasable","13":"product-type-simple"},"brands":[{"id":155,"name":"Pylontech","slug":"pylontech"}],"_links":{"self":[{"href":"https:\/\/thuisbatterijoutlet.eu\/es\/wp-json\/wp\/v2\/product\/28356","targetHints":{"allow":["GET"]}}],"collection":[{"href":"https:\/\/thuisbatterijoutlet.eu\/es\/wp-json\/wp\/v2\/product"}],"about":[{"href":"https:\/\/thuisbatterijoutlet.eu\/es\/wp-json\/wp\/v2\/types\/product"}],"replies":[{"embeddable":true,"href":"https:\/\/thuisbatterijoutlet.eu\/es\/wp-json\/wp\/v2\/comments?post=28356"}],"version-history":[{"count":1,"href":"https:\/\/thuisbatterijoutlet.eu\/es\/wp-json\/wp\/v2\/product\/28356\/revisions"}],"predecessor-version":[{"id":28450,"href":"https:\/\/thuisbatterijoutlet.eu\/es\/wp-json\/wp\/v2\/product\/28356\/revisions\/28450"}],"wp:featuredmedia":[{"embeddable":true,"href":"https:\/\/thuisbatterijoutlet.eu\/es\/wp-json\/wp\/v2\/media\/28449"}],"wp:attachment":[{"href":"https:\/\/thuisbatterijoutlet.eu\/es\/wp-json\/wp\/v2\/media?parent=28356"}],"wp:term":[{"taxonomy":"pwb-brand","embeddable":true,"href":"https:\/\/thuisbatterijoutlet.eu\/es\/wp-json\/wp\/v2\/pwb-brand?post=28356"},{"taxonomy":"product_brand","embeddable":true,"href":"https:\/\/thuisbatterijoutlet.eu\/es\/wp-json\/wp\/v2\/product_brand?post=28356"},{"taxonomy":"product_cat","embeddable":true,"href":"https:\/\/thuisbatterijoutlet.eu\/es\/wp-json\/wp\/v2\/product_cat?post=28356"},{"taxonomy":"product_tag","embeddable":true,"href":"https:\/\/thuisbatterijoutlet.eu\/es\/wp-json\/wp\/v2\/product_tag?post=28356"}],"curies":[{"name":"wp","href":"https:\/\/api.w.org\/{rel}","templated":true}]}}