{"id":28420,"date":"2024-12-20T18:38:55","date_gmt":"2024-12-20T18:38:55","guid":{"rendered":"https:\/\/thuisbatterijoutlet.eu\/?post_type=product&#038;p=28420"},"modified":"2025-03-08T07:37:38","modified_gmt":"2025-03-08T07:37:38","slug":"byd-battery-box-premium-lvs-24-0-thuisbatterij","status":"publish","type":"product","link":"https:\/\/thuisbatterijoutlet.eu\/es\/producto\/byd-battery-box-premium-lvs-24-0-home-battery\/","title":{"rendered":"BYD - Bater\u00eda dom\u00e9stica Battery Box Premium LVS 24.0"},"content":{"rendered":"<p>El BYD Battery Box Premium LVS 24.0 es un juego completo de bater\u00edas para el hogar.  Este conjunto es compatible con los siguientes inversores: SolarEdge trif\u00e1sico StorEdge SE(5-10)K-RWS48BEN4 serie Solis monof\u00e1sico RHI-(3-6)K-48ES-5G serie Solis monof\u00e1sico RAI-3K-48ES-5G Las ventajas del BYD Battery Box Premium LVS:  F\u00e1cil de instalar Gracias a una conexi\u00f3n a Internet disponible, BYD ofrece la posibilidad de asistencia externa Adecuado para el suministro de energ\u00eda de emergencia de alta potencia Dise\u00f1o modular, por m\u00f3dulo de bater\u00eda Capacidad de 4 kWh M\u00e1xima seguridad gracias a una c\u00e9lula de fosfato de hierro y litio sin cobalto y cumple la norma de seguridad m\u00e1s exigente (VDE 2510-50) Este juego completo contiene los siguientes componentes: BYD - Unidad de distribuci\u00f3n de energ\u00eda LVS + base 662004 6x BYD - M\u00f3dulo de bater\u00eda LVS 4kWh 662003 BYD - Unidad de gesti\u00f3n de bater\u00eda LVS 662005 BYD - Juego de cables LVS 50mm\u00b2 2,5m 430126<\/p>","protected":false},"excerpt":{"rendered":"<p>Juego completo de bater\u00edas | 24,0kWh<\/p>","protected":false},"featured_media":28494,"comment_status":"open","ping_status":"closed","template":"","meta":[],"pwb-brand":[150],"product_brand":[],"product_cat":[77],"product_tag":[],"class_list":{"0":"post-28420","1":"product","2":"type-product","3":"status-publish","4":"has-post-thumbnail","6":"pwb-brand-byd","7":"product_cat-thuisbatterijen","9":"first","10":"instock","11":"shipping-taxable","12":"purchasable","13":"product-type-simple"},"brands":[{"id":150,"name":"BYD","slug":"byd"}],"_links":{"self":[{"href":"https:\/\/thuisbatterijoutlet.eu\/es\/wp-json\/wp\/v2\/product\/28420","targetHints":{"allow":["GET"]}}],"collection":[{"href":"https:\/\/thuisbatterijoutlet.eu\/es\/wp-json\/wp\/v2\/product"}],"about":[{"href":"https:\/\/thuisbatterijoutlet.eu\/es\/wp-json\/wp\/v2\/types\/product"}],"replies":[{"embeddable":true,"href":"https:\/\/thuisbatterijoutlet.eu\/es\/wp-json\/wp\/v2\/comments?post=28420"}],"version-history":[{"count":1,"href":"https:\/\/thuisbatterijoutlet.eu\/es\/wp-json\/wp\/v2\/product\/28420\/revisions"}],"predecessor-version":[{"id":28495,"href":"https:\/\/thuisbatterijoutlet.eu\/es\/wp-json\/wp\/v2\/product\/28420\/revisions\/28495"}],"wp:featuredmedia":[{"embeddable":true,"href":"https:\/\/thuisbatterijoutlet.eu\/es\/wp-json\/wp\/v2\/media\/28494"}],"wp:attachment":[{"href":"https:\/\/thuisbatterijoutlet.eu\/es\/wp-json\/wp\/v2\/media?parent=28420"}],"wp:term":[{"taxonomy":"pwb-brand","embeddable":true,"href":"https:\/\/thuisbatterijoutlet.eu\/es\/wp-json\/wp\/v2\/pwb-brand?post=28420"},{"taxonomy":"product_brand","embeddable":true,"href":"https:\/\/thuisbatterijoutlet.eu\/es\/wp-json\/wp\/v2\/product_brand?post=28420"},{"taxonomy":"product_cat","embeddable":true,"href":"https:\/\/thuisbatterijoutlet.eu\/es\/wp-json\/wp\/v2\/product_cat?post=28420"},{"taxonomy":"product_tag","embeddable":true,"href":"https:\/\/thuisbatterijoutlet.eu\/es\/wp-json\/wp\/v2\/product_tag?post=28420"}],"curies":[{"name":"wp","href":"https:\/\/api.w.org\/{rel}","templated":true}]}}