{"id":28477,"date":"2024-12-20T18:39:30","date_gmt":"2024-12-20T18:39:30","guid":{"rendered":"https:\/\/thuisbatterijoutlet.eu\/?post_type=product&#038;p=28477"},"modified":"2025-03-08T07:37:32","modified_gmt":"2025-03-08T07:37:32","slug":"huawei-luna2000-5kw-co-power-module","status":"publish","type":"product","link":"https:\/\/thuisbatterijoutlet.eu\/es\/producto\/modulo-de-alimentacion-huawei-luna2000-5kw-co\/","title":{"rendered":"Huawei - LUNA2000-5KW-CO - M\u00f3dulo de alimentaci\u00f3n"},"content":{"rendered":"<p> El LUNA2000-5KW-CO de Huawei forma parte de la bater\u00eda dom\u00e9stica LUNA2000. Para completar la bater\u00eda dom\u00e9stica, tambi\u00e9n necesita una bater\u00eda y un medidor de potencia.  Las ventajas de la bater\u00eda dom\u00e9stica Huawei LUNA2000: Profundidad de descarga (DoD) 100% Optimizador de energ\u00eda integrado F\u00e1cil de instalar Dise\u00f1o modular, por m\u00f3dulo una capacidad de 5kWh Seguro gracias a la c\u00e9lula de fosfato de hierro y litio (LFP) Puesta en marcha r\u00e1pida porque la app detecta autom\u00e1ticamente la bater\u00eda Uso con SUN2000 2-6 KTL-L1 &amp; SUN2000 3-10KTL-M1. <\/p>","protected":false},"excerpt":{"rendered":"<p>5kW | Soporte de montaje incluido | Plazo de entrega 2 d\u00edas<\/p>","protected":false},"featured_media":28538,"comment_status":"open","ping_status":"closed","template":"","meta":[],"pwb-brand":[153],"product_brand":[],"product_cat":[77],"product_tag":[],"class_list":{"0":"post-28477","1":"product","2":"type-product","3":"status-publish","4":"has-post-thumbnail","6":"pwb-brand-huawei","7":"product_cat-thuisbatterijen","9":"first","10":"instock","11":"shipping-taxable","12":"purchasable","13":"product-type-simple"},"brands":[{"id":153,"name":"Huawei","slug":"huawei"}],"_links":{"self":[{"href":"https:\/\/thuisbatterijoutlet.eu\/es\/wp-json\/wp\/v2\/product\/28477","targetHints":{"allow":["GET"]}}],"collection":[{"href":"https:\/\/thuisbatterijoutlet.eu\/es\/wp-json\/wp\/v2\/product"}],"about":[{"href":"https:\/\/thuisbatterijoutlet.eu\/es\/wp-json\/wp\/v2\/types\/product"}],"replies":[{"embeddable":true,"href":"https:\/\/thuisbatterijoutlet.eu\/es\/wp-json\/wp\/v2\/comments?post=28477"}],"version-history":[{"count":1,"href":"https:\/\/thuisbatterijoutlet.eu\/es\/wp-json\/wp\/v2\/product\/28477\/revisions"}],"predecessor-version":[{"id":28539,"href":"https:\/\/thuisbatterijoutlet.eu\/es\/wp-json\/wp\/v2\/product\/28477\/revisions\/28539"}],"wp:featuredmedia":[{"embeddable":true,"href":"https:\/\/thuisbatterijoutlet.eu\/es\/wp-json\/wp\/v2\/media\/28538"}],"wp:attachment":[{"href":"https:\/\/thuisbatterijoutlet.eu\/es\/wp-json\/wp\/v2\/media?parent=28477"}],"wp:term":[{"taxonomy":"pwb-brand","embeddable":true,"href":"https:\/\/thuisbatterijoutlet.eu\/es\/wp-json\/wp\/v2\/pwb-brand?post=28477"},{"taxonomy":"product_brand","embeddable":true,"href":"https:\/\/thuisbatterijoutlet.eu\/es\/wp-json\/wp\/v2\/product_brand?post=28477"},{"taxonomy":"product_cat","embeddable":true,"href":"https:\/\/thuisbatterijoutlet.eu\/es\/wp-json\/wp\/v2\/product_cat?post=28477"},{"taxonomy":"product_tag","embeddable":true,"href":"https:\/\/thuisbatterijoutlet.eu\/es\/wp-json\/wp\/v2\/product_tag?post=28477"}],"curies":[{"name":"wp","href":"https:\/\/api.w.org\/{rel}","templated":true}]}}