{"id":28480,"date":"2024-12-20T18:39:30","date_gmt":"2024-12-20T18:39:30","guid":{"rendered":"https:\/\/thuisbatterijoutlet.eu\/?post_type=product&#038;p=28480"},"modified":"2025-03-08T07:37:34","modified_gmt":"2025-03-08T07:37:34","slug":"solaredge-home-battery-lv-4-6kwh","status":"publish","type":"product","link":"https:\/\/thuisbatterijoutlet.eu\/es\/producto\/solaredge-bateria-domestica-lv-4-6kwh\/","title":{"rendered":"SolarEdge - Bater\u00eda dom\u00e9stica BT 4,6 kWh"},"content":{"rendered":"<p>SolarEdge Home Battery LV, 4,6kWhLa SolarEdge Home Battery LV 4,6kWh es una soluci\u00f3n de almacenamiento optimizada para los inversores trif\u00e1sicos Home Hub y Wave de SolarEdge. Esta bater\u00eda consta de los siguientes componentes: SolarEdge - Home Battery LV Kit de cubierta superior: 295365 SolarEdge - Home Battery LV M\u00f3dulo de bater\u00eda: 295360 SolarEdge - Home Battery LV Soporte de suelo: 295369 SolarEdge - Home Battery LV Cable de conexi\u00f3n: 295370<\/p>","protected":false},"excerpt":{"rendered":"<p>Para inversores trif\u00e1sicos Home Hub y Wave de SolarEdge<\/p>","protected":false},"featured_media":28555,"comment_status":"open","ping_status":"closed","template":"","meta":[],"pwb-brand":[154],"product_brand":[],"product_cat":[77],"product_tag":[],"class_list":{"0":"post-28480","1":"product","2":"type-product","3":"status-publish","4":"has-post-thumbnail","6":"pwb-brand-solaredge","7":"product_cat-thuisbatterijen","9":"first","10":"instock","11":"shipping-taxable","12":"purchasable","13":"product-type-simple"},"brands":[{"id":154,"name":"SolarEdge","slug":"solaredge"}],"_links":{"self":[{"href":"https:\/\/thuisbatterijoutlet.eu\/es\/wp-json\/wp\/v2\/product\/28480","targetHints":{"allow":["GET"]}}],"collection":[{"href":"https:\/\/thuisbatterijoutlet.eu\/es\/wp-json\/wp\/v2\/product"}],"about":[{"href":"https:\/\/thuisbatterijoutlet.eu\/es\/wp-json\/wp\/v2\/types\/product"}],"replies":[{"embeddable":true,"href":"https:\/\/thuisbatterijoutlet.eu\/es\/wp-json\/wp\/v2\/comments?post=28480"}],"version-history":[{"count":1,"href":"https:\/\/thuisbatterijoutlet.eu\/es\/wp-json\/wp\/v2\/product\/28480\/revisions"}],"predecessor-version":[{"id":28556,"href":"https:\/\/thuisbatterijoutlet.eu\/es\/wp-json\/wp\/v2\/product\/28480\/revisions\/28556"}],"wp:featuredmedia":[{"embeddable":true,"href":"https:\/\/thuisbatterijoutlet.eu\/es\/wp-json\/wp\/v2\/media\/28555"}],"wp:attachment":[{"href":"https:\/\/thuisbatterijoutlet.eu\/es\/wp-json\/wp\/v2\/media?parent=28480"}],"wp:term":[{"taxonomy":"pwb-brand","embeddable":true,"href":"https:\/\/thuisbatterijoutlet.eu\/es\/wp-json\/wp\/v2\/pwb-brand?post=28480"},{"taxonomy":"product_brand","embeddable":true,"href":"https:\/\/thuisbatterijoutlet.eu\/es\/wp-json\/wp\/v2\/product_brand?post=28480"},{"taxonomy":"product_cat","embeddable":true,"href":"https:\/\/thuisbatterijoutlet.eu\/es\/wp-json\/wp\/v2\/product_cat?post=28480"},{"taxonomy":"product_tag","embeddable":true,"href":"https:\/\/thuisbatterijoutlet.eu\/es\/wp-json\/wp\/v2\/product_tag?post=28480"}],"curies":[{"name":"wp","href":"https:\/\/api.w.org\/{rel}","templated":true}]}}