{"id":28519,"date":"2024-12-20T18:39:54","date_gmt":"2024-12-20T18:39:54","guid":{"rendered":"https:\/\/thuisbatterijoutlet.eu\/?post_type=product&#038;p=28519"},"modified":"2025-03-08T07:37:21","modified_gmt":"2025-03-08T07:37:21","slug":"growatt-ark-12-8xh-thuisbatterij","status":"publish","type":"product","link":"https:\/\/thuisbatterijoutlet.eu\/es\/producto\/growatt-ark-12-8xh-bateria-domestica\/","title":{"rendered":"Growatt - Bater\u00eda dom\u00e9stica ARK 12.8XH"},"content":{"rendered":"<p>La bater\u00eda dom\u00e9stica Growatt ARK 12.8XH tiene una capacidad \u00fatil de 12,8 kWh. Gracias a su dise\u00f1o modular, la capacidad se puede ampliar f\u00e1cilmente hasta 25,6 kWh. A\u00f1adiendo m\u00f3dulos de bater\u00eda (286176) se aumenta la capacidad.<br \/> Esta bater\u00eda dom\u00e9stica es compatible con los inversores \"listos para bater\u00eda\" de la serie Growatt -XH:<br \/> -Growatt MIN serie TL-XH (MIN 2500~6000TL-XH)<br \/> -Growatt MOD serie TL-XH (MOD 3~10TL3-XH)<br \/> La bater\u00eda dom\u00e9stica Growatt ARK 12.8XH es sin\u00f3nimo de: Excelente seguridad gracias a sus celdas LiFePO4 sin cobalto F\u00e1cil instalaci\u00f3n gracias a su dise\u00f1o apilable Larga vida \u00fatil 10 a\u00f1os de garant\u00eda Actualizaci\u00f3n de firmware a distancia Este juego completo contiene los siguientes componentes: Growatt - Sistema de gesti\u00f3n de bater\u00eda ARK XH (286169) 5x Growatt - M\u00f3dulo de bater\u00eda ARK 2.5H-A1 (286176) Growatt - Pedestal ARK LV\/HV\/XH (286183) Growatt - Juego de cables ARK 2.5H-A1 XH (286184).<\/p>\n<p>Para m\u00e1s informaci\u00f3n sobre el <a href=\"\/es\/2023\/05\/17\/growatt-ark-h-serie-versus-growatt-xh-serie\/\">Growatt serie ARK haga clic aqu\u00ed<\/a>.<\/p>","protected":false},"excerpt":{"rendered":"<p>Juego completo de bater\u00edas | 12,8kWh<\/p>","protected":false},"featured_media":28603,"comment_status":"open","ping_status":"closed","template":"","meta":[],"pwb-brand":[152],"product_brand":[],"product_cat":[77],"product_tag":[],"class_list":{"0":"post-28519","1":"product","2":"type-product","3":"status-publish","4":"has-post-thumbnail","6":"pwb-brand-growatt","7":"product_cat-thuisbatterijen","9":"first","10":"instock","11":"shipping-taxable","12":"purchasable","13":"product-type-simple"},"brands":[{"id":152,"name":"Growatt","slug":"growatt"}],"_links":{"self":[{"href":"https:\/\/thuisbatterijoutlet.eu\/es\/wp-json\/wp\/v2\/product\/28519","targetHints":{"allow":["GET"]}}],"collection":[{"href":"https:\/\/thuisbatterijoutlet.eu\/es\/wp-json\/wp\/v2\/product"}],"about":[{"href":"https:\/\/thuisbatterijoutlet.eu\/es\/wp-json\/wp\/v2\/types\/product"}],"replies":[{"embeddable":true,"href":"https:\/\/thuisbatterijoutlet.eu\/es\/wp-json\/wp\/v2\/comments?post=28519"}],"version-history":[{"count":1,"href":"https:\/\/thuisbatterijoutlet.eu\/es\/wp-json\/wp\/v2\/product\/28519\/revisions"}],"predecessor-version":[{"id":28604,"href":"https:\/\/thuisbatterijoutlet.eu\/es\/wp-json\/wp\/v2\/product\/28519\/revisions\/28604"}],"wp:featuredmedia":[{"embeddable":true,"href":"https:\/\/thuisbatterijoutlet.eu\/es\/wp-json\/wp\/v2\/media\/28603"}],"wp:attachment":[{"href":"https:\/\/thuisbatterijoutlet.eu\/es\/wp-json\/wp\/v2\/media?parent=28519"}],"wp:term":[{"taxonomy":"pwb-brand","embeddable":true,"href":"https:\/\/thuisbatterijoutlet.eu\/es\/wp-json\/wp\/v2\/pwb-brand?post=28519"},{"taxonomy":"product_brand","embeddable":true,"href":"https:\/\/thuisbatterijoutlet.eu\/es\/wp-json\/wp\/v2\/product_brand?post=28519"},{"taxonomy":"product_cat","embeddable":true,"href":"https:\/\/thuisbatterijoutlet.eu\/es\/wp-json\/wp\/v2\/product_cat?post=28519"},{"taxonomy":"product_tag","embeddable":true,"href":"https:\/\/thuisbatterijoutlet.eu\/es\/wp-json\/wp\/v2\/product_tag?post=28519"}],"curies":[{"name":"wp","href":"https:\/\/api.w.org\/{rel}","templated":true}]}}