{"id":28633,"date":"2024-12-20T18:41:03","date_gmt":"2024-12-20T18:41:03","guid":{"rendered":"https:\/\/thuisbatterijoutlet.eu\/?post_type=product&#038;p=28633"},"modified":"2025-03-08T07:37:02","modified_gmt":"2025-03-08T07:37:02","slug":"byd-b-box-premium-hvm-2-76-kwh-2","status":"publish","type":"product","link":"https:\/\/thuisbatterijoutlet.eu\/es\/producto\/byd-b-box-premium-hvm-2-76-kwh-2\/","title":{"rendered":"BYD B-BOX Premium HVM (2,76 KWH)"},"content":{"rendered":"<p>BATTERY-BOX PREMIUM HVS \/ HVMS Adecuado para respaldo de emergencia de alta potencia con funcionalidad fuera de la redM\u00e1xima eficiencia gracias a la verdadera conexi\u00f3n en serie de alto voltajeEl dise\u00f1o de enchufe modular patentado no requiere cableado interno y garantiza la m\u00e1xima flexibilidad y facilidad de usoBater\u00eda de fosfato de hierro y litio (LFP) sin cobalto: M\u00e1xima seguridad, longevidad y potenciaCompatible con los principales inversores de bater\u00eda de alto voltaje monof\u00e1sicos y trif\u00e1sicosDos m\u00f3dulos diferentes para una gama completa de tama\u00f1os de sistemaLas normas de seguridad m\u00e1s exigentes, como VDE 2510-50BATTERY-BOX PREMIUM HVMEy Battery-Box Premium HVM se compone de 3 a 8 m\u00f3dulos de bater\u00eda HVM conectados en serie para alcanzar una capacidad \u00fatil de 8,3 a 22,1 kWh. Adem\u00e1s, la conexi\u00f3n directa en paralelo de hasta 3 Battery-Box Premium HVM id\u00e9nticas permite alcanzar una capacidad m\u00e1xima de 66,2 kWh. Posibilidad de ampliaci\u00f3n posterior a\u00f1adiendo m\u00f3dulos HVM o pilas HVM en paralelo.<br \/> Mostrar todo<\/p>","protected":false},"excerpt":{"rendered":"<p>M\u00f3dulo de almacenamiento de bater\u00edas de iones de litio de alto voltaje<\/p>","protected":false},"featured_media":28739,"comment_status":"open","ping_status":"closed","template":"","meta":[],"pwb-brand":[150],"product_brand":[],"product_cat":[77],"product_tag":[],"class_list":{"0":"post-28633","1":"product","2":"type-product","3":"status-publish","4":"has-post-thumbnail","6":"pwb-brand-byd","7":"product_cat-thuisbatterijen","9":"first","10":"instock","11":"shipping-taxable","12":"purchasable","13":"product-type-simple"},"brands":[{"id":150,"name":"BYD","slug":"byd"}],"_links":{"self":[{"href":"https:\/\/thuisbatterijoutlet.eu\/es\/wp-json\/wp\/v2\/product\/28633","targetHints":{"allow":["GET"]}}],"collection":[{"href":"https:\/\/thuisbatterijoutlet.eu\/es\/wp-json\/wp\/v2\/product"}],"about":[{"href":"https:\/\/thuisbatterijoutlet.eu\/es\/wp-json\/wp\/v2\/types\/product"}],"replies":[{"embeddable":true,"href":"https:\/\/thuisbatterijoutlet.eu\/es\/wp-json\/wp\/v2\/comments?post=28633"}],"version-history":[{"count":1,"href":"https:\/\/thuisbatterijoutlet.eu\/es\/wp-json\/wp\/v2\/product\/28633\/revisions"}],"predecessor-version":[{"id":28740,"href":"https:\/\/thuisbatterijoutlet.eu\/es\/wp-json\/wp\/v2\/product\/28633\/revisions\/28740"}],"wp:featuredmedia":[{"embeddable":true,"href":"https:\/\/thuisbatterijoutlet.eu\/es\/wp-json\/wp\/v2\/media\/28739"}],"wp:attachment":[{"href":"https:\/\/thuisbatterijoutlet.eu\/es\/wp-json\/wp\/v2\/media?parent=28633"}],"wp:term":[{"taxonomy":"pwb-brand","embeddable":true,"href":"https:\/\/thuisbatterijoutlet.eu\/es\/wp-json\/wp\/v2\/pwb-brand?post=28633"},{"taxonomy":"product_brand","embeddable":true,"href":"https:\/\/thuisbatterijoutlet.eu\/es\/wp-json\/wp\/v2\/product_brand?post=28633"},{"taxonomy":"product_cat","embeddable":true,"href":"https:\/\/thuisbatterijoutlet.eu\/es\/wp-json\/wp\/v2\/product_cat?post=28633"},{"taxonomy":"product_tag","embeddable":true,"href":"https:\/\/thuisbatterijoutlet.eu\/es\/wp-json\/wp\/v2\/product_tag?post=28633"}],"curies":[{"name":"wp","href":"https:\/\/api.w.org\/{rel}","templated":true}]}}