{"id":28635,"date":"2024-12-20T18:41:03","date_gmt":"2024-12-20T18:41:03","guid":{"rendered":"https:\/\/thuisbatterijoutlet.eu\/?post_type=product&#038;p=28635"},"modified":"2025-03-08T07:37:03","modified_gmt":"2025-03-08T07:37:03","slug":"bmz-housing-hyperion","status":"publish","type":"product","link":"https:\/\/thuisbatterijoutlet.eu\/es\/producto\/bmz-vivienda-hyperion\/","title":{"rendered":"Viviendas BMZ Hyperion"},"content":{"rendered":"<p>Gracias a su modularidad, el nuevo e innovador sistema de almacenamiento de alto voltaje Hyperion es f\u00e1cil de instalar y, al mismo tiempo, fiable. Adem\u00e1s, el sistema de almacenamiento puede ampliarse en el futuro cuando se necesite un mayor volumen de energ\u00eda. Fabricado en Alemania, puede equiparse con un m\u00ednimo de tres y un m\u00e1ximo de seis m\u00f3dulos, hasta una capacidad total de 15 kWh. En el Hyperion se instalan c\u00e9lulas de bater\u00eda de iones de litio de alto rendimiento.<\/p>\n<p>El dise\u00f1o seguro y la construcci\u00f3n robusta son sucesores de la probada calidad BMZ de las formas de almacenamiento anteriores. Adecuado como sistema de almacenamiento de energ\u00eda de emergencia, reduce los costes generales del sistema y aumenta su eficiencia. Es un verdadero dispositivo de almacenamiento de alto voltaje, que elimina la necesidad de un convertidor CC\/CC oculto. El Hyperion es compatible con inversores de distintos fabricantes, como se muestra en el resumen de compatibilidad.<\/p>","protected":false},"excerpt":{"rendered":"<p>Carcasa Hyperion<\/p>","protected":false},"featured_media":28747,"comment_status":"open","ping_status":"closed","template":"","meta":[],"pwb-brand":[],"product_brand":[],"product_cat":[77],"product_tag":[],"class_list":{"0":"post-28635","1":"product","2":"type-product","3":"status-publish","4":"has-post-thumbnail","6":"product_cat-thuisbatterijen","8":"first","9":"instock","10":"shipping-taxable","11":"purchasable","12":"product-type-simple"},"brands":[],"_links":{"self":[{"href":"https:\/\/thuisbatterijoutlet.eu\/es\/wp-json\/wp\/v2\/product\/28635","targetHints":{"allow":["GET"]}}],"collection":[{"href":"https:\/\/thuisbatterijoutlet.eu\/es\/wp-json\/wp\/v2\/product"}],"about":[{"href":"https:\/\/thuisbatterijoutlet.eu\/es\/wp-json\/wp\/v2\/types\/product"}],"replies":[{"embeddable":true,"href":"https:\/\/thuisbatterijoutlet.eu\/es\/wp-json\/wp\/v2\/comments?post=28635"}],"version-history":[{"count":1,"href":"https:\/\/thuisbatterijoutlet.eu\/es\/wp-json\/wp\/v2\/product\/28635\/revisions"}],"predecessor-version":[{"id":28748,"href":"https:\/\/thuisbatterijoutlet.eu\/es\/wp-json\/wp\/v2\/product\/28635\/revisions\/28748"}],"wp:featuredmedia":[{"embeddable":true,"href":"https:\/\/thuisbatterijoutlet.eu\/es\/wp-json\/wp\/v2\/media\/28747"}],"wp:attachment":[{"href":"https:\/\/thuisbatterijoutlet.eu\/es\/wp-json\/wp\/v2\/media?parent=28635"}],"wp:term":[{"taxonomy":"pwb-brand","embeddable":true,"href":"https:\/\/thuisbatterijoutlet.eu\/es\/wp-json\/wp\/v2\/pwb-brand?post=28635"},{"taxonomy":"product_brand","embeddable":true,"href":"https:\/\/thuisbatterijoutlet.eu\/es\/wp-json\/wp\/v2\/product_brand?post=28635"},{"taxonomy":"product_cat","embeddable":true,"href":"https:\/\/thuisbatterijoutlet.eu\/es\/wp-json\/wp\/v2\/product_cat?post=28635"},{"taxonomy":"product_tag","embeddable":true,"href":"https:\/\/thuisbatterijoutlet.eu\/es\/wp-json\/wp\/v2\/product_tag?post=28635"}],"curies":[{"name":"wp","href":"https:\/\/api.w.org\/{rel}","templated":true}]}}