{"id":28684,"date":"2024-12-20T18:41:56","date_gmt":"2024-12-20T18:41:56","guid":{"rendered":"https:\/\/thuisbatterijoutlet.eu\/?post_type=product&#038;p=28684"},"modified":"2025-03-08T07:36:53","modified_gmt":"2025-03-08T07:36:53","slug":"lg-resu-10h-prime","status":"publish","type":"product","link":"https:\/\/thuisbatterijoutlet.eu\/es\/producto\/lg-resu-10h-prime\/","title":{"rendered":"LG RESU 10H Prime"},"content":{"rendered":"<p>Forma parte de la serie 3 de \u00faltima generaci\u00f3n de la gama RESU de LG. El RESU10H Prime es una soluci\u00f3n de almacenamiento de energ\u00eda de 9,6 kWh y 400 V dise\u00f1ada de forma compacta para almacenar y suministrar energ\u00eda procedente de sus paneles solares fotovoltaicos y de la red. Esta unidad de bater\u00eda proporciona suministro el\u00e9ctrico a demanda, manteniendo sus electrodom\u00e9sticos en funcionamiento en caso de apag\u00f3n y minimizando el coste de su factura de electricidad.<\/p>\n<p>La RESU10H Prime es la elecci\u00f3n perfecta para propietarios de viviendas o empresas que deseen ser energ\u00e9ticamente independientes. Con un dise\u00f1o nuevo y modular, la bater\u00eda puede ampliarse f\u00e1cilmente hasta una capacidad de 19,2 kWh para satisfacer sus necesidades energ\u00e9ticas diarias.<\/p>","protected":false},"excerpt":{"rendered":"<p>9,6 kWh, 400V, 100% DoD<\/p>","protected":false},"featured_media":28823,"comment_status":"open","ping_status":"closed","template":"","meta":[],"pwb-brand":[],"product_brand":[],"product_cat":[77],"product_tag":[],"class_list":{"0":"post-28684","1":"product","2":"type-product","3":"status-publish","4":"has-post-thumbnail","6":"product_cat-thuisbatterijen","8":"first","9":"instock","10":"shipping-taxable","11":"purchasable","12":"product-type-simple"},"brands":[],"_links":{"self":[{"href":"https:\/\/thuisbatterijoutlet.eu\/es\/wp-json\/wp\/v2\/product\/28684","targetHints":{"allow":["GET"]}}],"collection":[{"href":"https:\/\/thuisbatterijoutlet.eu\/es\/wp-json\/wp\/v2\/product"}],"about":[{"href":"https:\/\/thuisbatterijoutlet.eu\/es\/wp-json\/wp\/v2\/types\/product"}],"replies":[{"embeddable":true,"href":"https:\/\/thuisbatterijoutlet.eu\/es\/wp-json\/wp\/v2\/comments?post=28684"}],"version-history":[{"count":1,"href":"https:\/\/thuisbatterijoutlet.eu\/es\/wp-json\/wp\/v2\/product\/28684\/revisions"}],"predecessor-version":[{"id":28824,"href":"https:\/\/thuisbatterijoutlet.eu\/es\/wp-json\/wp\/v2\/product\/28684\/revisions\/28824"}],"wp:featuredmedia":[{"embeddable":true,"href":"https:\/\/thuisbatterijoutlet.eu\/es\/wp-json\/wp\/v2\/media\/28823"}],"wp:attachment":[{"href":"https:\/\/thuisbatterijoutlet.eu\/es\/wp-json\/wp\/v2\/media?parent=28684"}],"wp:term":[{"taxonomy":"pwb-brand","embeddable":true,"href":"https:\/\/thuisbatterijoutlet.eu\/es\/wp-json\/wp\/v2\/pwb-brand?post=28684"},{"taxonomy":"product_brand","embeddable":true,"href":"https:\/\/thuisbatterijoutlet.eu\/es\/wp-json\/wp\/v2\/product_brand?post=28684"},{"taxonomy":"product_cat","embeddable":true,"href":"https:\/\/thuisbatterijoutlet.eu\/es\/wp-json\/wp\/v2\/product_cat?post=28684"},{"taxonomy":"product_tag","embeddable":true,"href":"https:\/\/thuisbatterijoutlet.eu\/es\/wp-json\/wp\/v2\/product_tag?post=28684"}],"curies":[{"name":"wp","href":"https:\/\/api.w.org\/{rel}","templated":true}]}}