{"id":28685,"date":"2024-12-20T18:41:56","date_gmt":"2024-12-20T18:41:56","guid":{"rendered":"https:\/\/thuisbatterijoutlet.eu\/?post_type=product&#038;p=28685"},"modified":"2025-03-08T07:36:54","modified_gmt":"2025-03-08T07:36:54","slug":"growatt-ark-xh-battery-management-systeem-bdc-95045-a1","status":"publish","type":"product","link":"https:\/\/thuisbatterijoutlet.eu\/es\/producto\/growatt-ark-xh-sistema-de-gestion-de-baterias-bdc-95045-a1\/","title":{"rendered":"Growatt - Gesti\u00f3n de bater\u00edas ARK XH"},"content":{"rendered":"<p>Sistema de gesti\u00f3n de bater\u00edas para la serie de bater\u00edas Growatt ARK 2.5 XH.<\/p>\n<p>Alta tensi\u00f3n<br \/> Compatible con inversores XH:<br \/> -Growatt MIN serie TL-XH (MIN 2500~6000TL-XH)<br \/> -Growatt MOD serie TL-XH (MOD 3~10TL3-XH)<br \/> Opciones de capacidad flexibles, de 5,12 kWh a 17,92 kWh<br \/> Excelente seguridad de la bater\u00eda LiFePO4 sin cobalto<br \/> F\u00e1cil instalaci\u00f3n con dise\u00f1o modular y apilado<br \/> Larga vida \u00fatil, 10 a\u00f1os de garant\u00eda<br \/> Actualizaci\u00f3n remota del firmware<\/p>\n<p>Para m\u00e1s informaci\u00f3n sobre el <a href=\"\/es\/2023\/05\/17\/growatt-ark-h-serie-versus-growatt-xh-serie\/\">Growatt serie ARK haga clic aqu\u00ed<\/a>.<\/p>","protected":false},"excerpt":{"rendered":"<p>Sistema de gesti\u00f3n de bater\u00edas (BMS) para Growatt ARK XH<\/p>","protected":false},"featured_media":28830,"comment_status":"open","ping_status":"closed","template":"","meta":[],"pwb-brand":[152],"product_brand":[],"product_cat":[77],"product_tag":[],"class_list":{"0":"post-28685","1":"product","2":"type-product","3":"status-publish","4":"has-post-thumbnail","6":"pwb-brand-growatt","7":"product_cat-thuisbatterijen","9":"first","10":"instock","11":"shipping-taxable","12":"purchasable","13":"product-type-simple"},"brands":[{"id":152,"name":"Growatt","slug":"growatt"}],"_links":{"self":[{"href":"https:\/\/thuisbatterijoutlet.eu\/es\/wp-json\/wp\/v2\/product\/28685","targetHints":{"allow":["GET"]}}],"collection":[{"href":"https:\/\/thuisbatterijoutlet.eu\/es\/wp-json\/wp\/v2\/product"}],"about":[{"href":"https:\/\/thuisbatterijoutlet.eu\/es\/wp-json\/wp\/v2\/types\/product"}],"replies":[{"embeddable":true,"href":"https:\/\/thuisbatterijoutlet.eu\/es\/wp-json\/wp\/v2\/comments?post=28685"}],"version-history":[{"count":2,"href":"https:\/\/thuisbatterijoutlet.eu\/es\/wp-json\/wp\/v2\/product\/28685\/revisions"}],"predecessor-version":[{"id":29032,"href":"https:\/\/thuisbatterijoutlet.eu\/es\/wp-json\/wp\/v2\/product\/28685\/revisions\/29032"}],"wp:featuredmedia":[{"embeddable":true,"href":"https:\/\/thuisbatterijoutlet.eu\/es\/wp-json\/wp\/v2\/media\/28830"}],"wp:attachment":[{"href":"https:\/\/thuisbatterijoutlet.eu\/es\/wp-json\/wp\/v2\/media?parent=28685"}],"wp:term":[{"taxonomy":"pwb-brand","embeddable":true,"href":"https:\/\/thuisbatterijoutlet.eu\/es\/wp-json\/wp\/v2\/pwb-brand?post=28685"},{"taxonomy":"product_brand","embeddable":true,"href":"https:\/\/thuisbatterijoutlet.eu\/es\/wp-json\/wp\/v2\/product_brand?post=28685"},{"taxonomy":"product_cat","embeddable":true,"href":"https:\/\/thuisbatterijoutlet.eu\/es\/wp-json\/wp\/v2\/product_cat?post=28685"},{"taxonomy":"product_tag","embeddable":true,"href":"https:\/\/thuisbatterijoutlet.eu\/es\/wp-json\/wp\/v2\/product_tag?post=28685"}],"curies":[{"name":"wp","href":"https:\/\/api.w.org\/{rel}","templated":true}]}}