{"id":28744,"date":"2024-12-20T18:43:19","date_gmt":"2024-12-20T18:43:19","guid":{"rendered":"https:\/\/thuisbatterijoutlet.eu\/?post_type=product&#038;p=28744"},"modified":"2025-03-08T07:36:46","modified_gmt":"2025-03-08T07:36:46","slug":"huawei-luna2000-5-e0-battery-module","status":"publish","type":"product","link":"https:\/\/thuisbatterijoutlet.eu\/es\/producto\/modulo-de-bateria-huawei-luna2000-5-e0\/","title":{"rendered":"Huawei LUNA2000-5-E0"},"content":{"rendered":"<p>Huawei presenta su propio sistema de almacenamiento de bater\u00edas fotovoltaicas: LUNA2000. El sistema de almacenamiento LUNA2000 de Huawei tiene un dise\u00f1o escalable y modular. Un sistema consta de un m\u00f3dulo de potencia y uno o m\u00e1s m\u00f3dulos de bater\u00eda. Un m\u00f3dulo de bater\u00eda tiene una capacidad de 5 kWh y una capacidad de descarga de 2,5 kWh. Los sistemas de 10 kWh y 15 kWh de capacidad tienen una capacidad de descarga de 5 kWh cada uno.<\/p>\n<p>El m\u00f3dulo de bater\u00edas LUNA2000 es compatible con los inversores monof\u00e1sicos y trif\u00e1sicos de Huawei. En una instalaci\u00f3n de paneles solares, se pueden integrar dos bater\u00edas en paralelo. Esto permite una capacidad m\u00e1xima de almacenamiento de 30 kWh por inversor. Las bater\u00edas LUNA2000 son seguras y fiables gracias a sus celdas de fosfato de hierro y litio (LFP). Los m\u00f3dulos de bater\u00eda defectuosos se a\u00edslan autom\u00e1ticamente para permitir el funcionamiento del sistema.<\/p>","protected":false},"excerpt":{"rendered":"<p>Sistema de almacenamiento de energ\u00eda en cadena inteligente<\/p>","protected":false},"featured_media":28874,"comment_status":"open","ping_status":"closed","template":"","meta":[],"pwb-brand":[153],"product_brand":[],"product_cat":[77],"product_tag":[],"class_list":{"0":"post-28744","1":"product","2":"type-product","3":"status-publish","4":"has-post-thumbnail","6":"pwb-brand-huawei","7":"product_cat-thuisbatterijen","9":"first","10":"instock","11":"shipping-taxable","12":"purchasable","13":"product-type-simple"},"brands":[{"id":153,"name":"Huawei","slug":"huawei"}],"_links":{"self":[{"href":"https:\/\/thuisbatterijoutlet.eu\/es\/wp-json\/wp\/v2\/product\/28744","targetHints":{"allow":["GET"]}}],"collection":[{"href":"https:\/\/thuisbatterijoutlet.eu\/es\/wp-json\/wp\/v2\/product"}],"about":[{"href":"https:\/\/thuisbatterijoutlet.eu\/es\/wp-json\/wp\/v2\/types\/product"}],"replies":[{"embeddable":true,"href":"https:\/\/thuisbatterijoutlet.eu\/es\/wp-json\/wp\/v2\/comments?post=28744"}],"version-history":[{"count":2,"href":"https:\/\/thuisbatterijoutlet.eu\/es\/wp-json\/wp\/v2\/product\/28744\/revisions"}],"predecessor-version":[{"id":29030,"href":"https:\/\/thuisbatterijoutlet.eu\/es\/wp-json\/wp\/v2\/product\/28744\/revisions\/29030"}],"wp:featuredmedia":[{"embeddable":true,"href":"https:\/\/thuisbatterijoutlet.eu\/es\/wp-json\/wp\/v2\/media\/28874"}],"wp:attachment":[{"href":"https:\/\/thuisbatterijoutlet.eu\/es\/wp-json\/wp\/v2\/media?parent=28744"}],"wp:term":[{"taxonomy":"pwb-brand","embeddable":true,"href":"https:\/\/thuisbatterijoutlet.eu\/es\/wp-json\/wp\/v2\/pwb-brand?post=28744"},{"taxonomy":"product_brand","embeddable":true,"href":"https:\/\/thuisbatterijoutlet.eu\/es\/wp-json\/wp\/v2\/product_brand?post=28744"},{"taxonomy":"product_cat","embeddable":true,"href":"https:\/\/thuisbatterijoutlet.eu\/es\/wp-json\/wp\/v2\/product_cat?post=28744"},{"taxonomy":"product_tag","embeddable":true,"href":"https:\/\/thuisbatterijoutlet.eu\/es\/wp-json\/wp\/v2\/product_tag?post=28744"}],"curies":[{"name":"wp","href":"https:\/\/api.w.org\/{rel}","templated":true}]}}