{"id":27802,"date":"2024-12-20T10:11:24","date_gmt":"2024-12-20T10:11:24","guid":{"rendered":"https:\/\/thuisbatterijoutlet.eu\/?page_id=27802"},"modified":"2025-01-14T08:10:04","modified_gmt":"2025-01-14T08:10:04","slug":"verzending-levertijd","status":"publish","type":"page","link":"https:\/\/thuisbatterijoutlet.eu\/fr\/expedition-delai-de-livraison\/","title":{"rendered":"Exp\u00e9dition et d\u00e9lais de livraison"},"content":{"rendered":"<div data-elementor-type=\"wp-page\" data-elementor-id=\"27802\" class=\"elementor elementor-27802\">\n\t\t\t\t<div class=\"wd-negative-gap elementor-element elementor-element-7211b1e3 e-flex e-con-boxed e-con e-parent\" data-id=\"7211b1e3\" data-element_type=\"container\" data-e-type=\"container\">\n\t\t\t\t\t<div class=\"e-con-inner\">\n\t\t\t\t<div class=\"elementor-element elementor-element-e6b9235 color-scheme-inherit text-left elementor-widget elementor-widget-text-editor\" data-id=\"e6b9235\" data-element_type=\"widget\" data-e-type=\"widget\" data-widget_type=\"text-editor.default\">\n\t\t\t\t<div class=\"elementor-widget-container\">\n\t\t\t\t\t\t\t\t\t\n<p>Home Battery Outlet traite les commandes dans un d\u00e9lai de 1 \u00e0 7 jours ouvrables. Les commandes qui peuvent \u00eatre livr\u00e9es par service de colis (PostNL, GLS et DPD parcel post) sont g\u00e9n\u00e9ralement livr\u00e9es dans un d\u00e9lai de 1 \u00e0 7 jours ouvrables apr\u00e8s l'exp\u00e9dition. Les produits de grande taille, tels que les onduleurs ou les panneaux solaires plus lourds, sont transport\u00e9s par palettes, qui sont prises en charge par notre transporteur : Transmission. Le d\u00e9lai de livraison pour les envois sur palettes est g\u00e9n\u00e9ralement de 1 \u00e0 7 jours ouvrables. Apr\u00e8s la prise en charge de votre envoi par le transporteur, vous recevrez g\u00e9n\u00e9ralement un lien de suivi dans un d\u00e9lai de 24 \u00e0 48 heures maximum, qui vous permettra de suivre votre envoi.<\/p>\n<p>Vous commandez pendant le week-end ? Dans ce cas, nous ferons en sorte que votre commande soit livr\u00e9e le lundi ou le mardi. L'exp\u00e9dition vers la France, l'Allemagne, l'Autriche ou d'autres pays de l'UE prend g\u00e9n\u00e9ralement de 1 \u00e0 7 jours ouvrables.<br \/><br \/><strong>Frais d'exp\u00e9dition<\/strong><br \/>Les commandes pass\u00e9es aux Pays-Bas, en Belgique et en Allemagne sont livr\u00e9es gratuitement !<br \/>En outre, les tarifs ci-dessous s'appliquent :<br \/>Bulgarie, Chypre, Danemark, Estonie, Finlande, France, Gr\u00e8ce, Hongrie, Irlande, Italie, Croatie, Lettonie, Lituanie, Luxembourg, Malte, Autriche, Pologne, Portugal, Roumanie, Slov\u00e9nie, Slovaquie, Espagne, R\u00e9publique tch\u00e8que, Su\u00e8de : \u20ac39.00<br \/>Toutes les commandes de colis sont envoy\u00e9es par Post NL, GLS ou DPD. PostNL, GLS et DPD garantissent une livraison rapide et fiable.<\/p>\n\t\t\t\t\t\t\t\t<\/div>\n\t\t\t\t<\/div>\n\t\t\t\t\t<\/div>\n\t\t\t\t<\/div>\n\t\t\t\t<\/div>","protected":false},"excerpt":{"rendered":"<p>Thuisbatterij Outlet verwerken de bestellingen binnen 1 tot 7 werkdagen. Orders die bezorgd kunnen worden met een pakketdienst (PostNL, GLS<\/p>","protected":false},"author":1,"featured_media":0,"parent":0,"menu_order":0,"comment_status":"closed","ping_status":"closed","template":"elementor_header_footer","meta":{"footnotes":""},"class_list":["post-27802","page","type-page","status-publish","hentry"],"_links":{"self":[{"href":"https:\/\/thuisbatterijoutlet.eu\/fr\/wp-json\/wp\/v2\/pages\/27802","targetHints":{"allow":["GET"]}}],"collection":[{"href":"https:\/\/thuisbatterijoutlet.eu\/fr\/wp-json\/wp\/v2\/pages"}],"about":[{"href":"https:\/\/thuisbatterijoutlet.eu\/fr\/wp-json\/wp\/v2\/types\/page"}],"author":[{"embeddable":true,"href":"https:\/\/thuisbatterijoutlet.eu\/fr\/wp-json\/wp\/v2\/users\/1"}],"replies":[{"embeddable":true,"href":"https:\/\/thuisbatterijoutlet.eu\/fr\/wp-json\/wp\/v2\/comments?post=27802"}],"version-history":[{"count":10,"href":"https:\/\/thuisbatterijoutlet.eu\/fr\/wp-json\/wp\/v2\/pages\/27802\/revisions"}],"predecessor-version":[{"id":29066,"href":"https:\/\/thuisbatterijoutlet.eu\/fr\/wp-json\/wp\/v2\/pages\/27802\/revisions\/29066"}],"wp:attachment":[{"href":"https:\/\/thuisbatterijoutlet.eu\/fr\/wp-json\/wp\/v2\/media?parent=27802"}],"curies":[{"name":"wp","href":"https:\/\/api.w.org\/{rel}","templated":true}]}}