{"id":27809,"date":"2024-12-20T10:36:57","date_gmt":"2024-12-20T10:36:57","guid":{"rendered":"https:\/\/thuisbatterijoutlet.eu\/?page_id=27809"},"modified":"2024-12-20T10:49:07","modified_gmt":"2024-12-20T10:49:07","slug":"disclaimer","status":"publish","type":"page","link":"https:\/\/thuisbatterijoutlet.eu\/fr\/clause-de-non-responsabilite\/","title":{"rendered":"Clause de non-responsabilit\u00e9"},"content":{"rendered":"<p><strong>Disclaimer Home Battery Outlet<\/strong><\/p>\n\n\n\n<p><strong>1. Introduction<\/strong>\u00a0Bienvenue sur le site web de Home Battery Outlet. En utilisant ce site, vous acceptez l'applicabilit\u00e9 des conditions d'utilisation de notre site. Nous encourageons les utilisateurs du site \u00e0 lire r\u00e9guli\u00e8rement les conditions d'utilisation afin d'\u00eatre au courant de tout changement.<\/p>\n\n\n\n<p><strong>2. Contenu du site web<\/strong>\u00a0Home Battery Outlet s'efforce de fournir des informations actuelles et pr\u00e9cises sur ce site Web. Les informations sur ce site sont mises \u00e0 jour r\u00e9guli\u00e8rement, mais aucune garantie n'est donn\u00e9e que le contenu sera sans erreur, complet ou \u00e0 jour \u00e0 tout moment. Toutes les informations, recommandations et services sont fournis \"en l'\u00e9tat\" et sans aucune garantie expresse ou implicite quant \u00e0 l'exactitude, l'exhaustivit\u00e9 ou l'ad\u00e9quation \u00e0 un usage particulier.<\/p>\n\n\n\n<p><strong>3. Responsabilit\u00e9<\/strong>\u00a0Home Battery Outlet n'est pas responsable des dommages ou blessures de quelque nature que ce soit r\u00e9sultant de l'utilisation de ce site web, de l'impossibilit\u00e9 d'utiliser ce site web ou de la confiance accord\u00e9e aux informations fournies sur ce site web. Ceci inclut, mais sans s'y limiter, les dommages caus\u00e9s par des virus, la perte de donn\u00e9es ou le manque \u00e0 gagner. Home Battery Outlet ne sera responsable qu'en cas de faute intentionnelle ou de n\u00e9gligence grave.<\/p>\n\n\n\n<p><strong>4. Liens externes<\/strong>\u00a0Ce site web peut contenir des liens vers des sites web externes exploit\u00e9s par des tiers. Home Battery Outlet n'est pas responsable du contenu, de la disponibilit\u00e9, de la qualit\u00e9 ou de l'exactitude des informations figurant sur ces sites externes. Nous d\u00e9clinons toute responsabilit\u00e9 pour tout dommage ou perte r\u00e9sultant de l'utilisation de liens externes. Notre d\u00e9claration relative \u00e0 la protection de la vie priv\u00e9e et aux cookies ne s'applique pas aux sites web externes.<\/p>\n\n\n\n<p><strong>5. Utilisation du site web<\/strong>\u00a0Les utilisateurs ne sont pas autoris\u00e9s \u00e0 copier, distribuer, reproduire ou utiliser commercialement de quelque mani\u00e8re que ce soit le contenu de ce site Web sans l'accord \u00e9crit pr\u00e9alable de Home Battery Outlet. Les utilisateurs sont autoris\u00e9s \u00e0 t\u00e9l\u00e9charger et \u00e0 imprimer des documents du site web pour leur usage personnel uniquement, \u00e0 condition que la source soit mentionn\u00e9e et que le contenu ne soit pas modifi\u00e9.<\/p>\n\n\n\n<p><strong>6. Propri\u00e9t\u00e9 intellectuelle<\/strong>\u00a0Tous les droits de propri\u00e9t\u00e9 intellectuelle relatifs au contenu de ce site web, y compris, mais sans s'y limiter, les textes, les images, les logos et les logiciels, appartiennent \u00e0 Thuisbatterij Outlet ou \u00e0 ses conc\u00e9dants de licence. Il est interdit d'utiliser, de copier ou de distribuer ce mat\u00e9riel sans l'accord \u00e9crit pr\u00e9alable de Thuisbatterij Outlet.<\/p>\n\n\n\n<p><strong>7. Produits et services<\/strong>\u00a0Les informations sur les produits et les services fournis par l'interm\u00e9diaire de ce site web sont susceptibles d'\u00eatre modifi\u00e9es sans pr\u00e9avis. Bien que nous nous efforcions de fournir des informations pr\u00e9cises sur les produits, des erreurs ou des inexactitudes peuvent se produire. Home Battery Outlet n'accepte aucune responsabilit\u00e9 en ce qui concerne l'utilisation ou les cons\u00e9quences des informations fournies, \u00e0 moins qu'elles ne soient le r\u00e9sultat d'une faute intentionnelle ou d'une n\u00e9gligence grave.<\/p>\n\n\n\n<p><strong>8. Autres informations fournies par les utilisateurs<\/strong>\u00a0Home Battery Outlet se r\u00e9serve le droit d'utiliser, de copier et de distribuer toute information fournie par les utilisateurs via le site web, telle que des commentaires, des suggestions, des concepts et d'autres contenus, sans aucune obligation de confidentialit\u00e9. En fournissant un tel contenu, l'utilisateur garantit que ce contenu n'enfreint pas les droits de tiers, y compris les droits de propri\u00e9t\u00e9 intellectuelle.<\/p>\n\n\n\n<p><strong>9. Modifications et r\u00e9siliation du site web<\/strong>\u00a0Home Battery Outlet se r\u00e9serve le droit de modifier le contenu de ce site, d'en restreindre l'acc\u00e8s ou d'y mettre fin sans pr\u00e9avis. Home Battery Outlet ne sera pas responsable des dommages r\u00e9sultant de ces modifications ou de cette fermeture.<\/p>\n\n\n\n<p><strong>10. Droit applicable et juridiction<\/strong>&nbsp;La pr\u00e9sente clause de non-responsabilit\u00e9 et l'utilisation du site web sont r\u00e9gies par le droit n\u00e9erlandais. Tout litige d\u00e9coulant de l'utilisation du site web ou en rapport avec celle-ci sera soumis exclusivement au tribunal comp\u00e9tent des Pays-Bas.<\/p>\n\n\n\n<p><strong>11. Divisibilit\u00e9<\/strong>&nbsp;Si l'une des dispositions de la pr\u00e9sente clause de non-responsabilit\u00e9 est jug\u00e9e invalide, ill\u00e9gale ou inapplicable, les autres dispositions resteront pleinement en vigueur. La disposition inapplicable sera remplac\u00e9e par une disposition valide qui se rapproche le plus possible de l'objectif de la disposition initiale.<\/p>\n\n\n\n<p><strong>12. Contact<\/strong>&nbsp;Pour toute question ou commentaire sur cette clause de non-responsabilit\u00e9, veuillez nous contacter \u00e0 l'adresse suivante<\/p>\n\n\n\n<p><strong>My Home Battery B.V.<\/strong><br>Adresse : Brugginksweg 9, 7555 PB Hengelo<br>E-mail :\u00a0<a>klanten@thuisbatterijoutlet.eu<\/a><\/p>\n\n\n\n<p>Cette politique de non-responsabilit\u00e9 a \u00e9t\u00e9 mise \u00e0 jour pour la derni\u00e8re fois le 12-11-2024.<\/p>\n\n\n\n<p><\/p>","protected":false},"excerpt":{"rendered":"<p>Disclaimer Thuisbatterij Outlet 1. Inleiding\u00a0Welkom op de website van Thuisbatterij Outlet. Door deze site te gebruiken, gaat u akkoord met<\/p>","protected":false},"author":1,"featured_media":0,"parent":0,"menu_order":0,"comment_status":"closed","ping_status":"closed","template":"elementor_header_footer","meta":{"footnotes":""},"class_list":["post-27809","page","type-page","status-publish","hentry"],"_links":{"self":[{"href":"https:\/\/thuisbatterijoutlet.eu\/fr\/wp-json\/wp\/v2\/pages\/27809","targetHints":{"allow":["GET"]}}],"collection":[{"href":"https:\/\/thuisbatterijoutlet.eu\/fr\/wp-json\/wp\/v2\/pages"}],"about":[{"href":"https:\/\/thuisbatterijoutlet.eu\/fr\/wp-json\/wp\/v2\/types\/page"}],"author":[{"embeddable":true,"href":"https:\/\/thuisbatterijoutlet.eu\/fr\/wp-json\/wp\/v2\/users\/1"}],"replies":[{"embeddable":true,"href":"https:\/\/thuisbatterijoutlet.eu\/fr\/wp-json\/wp\/v2\/comments?post=27809"}],"version-history":[{"count":1,"href":"https:\/\/thuisbatterijoutlet.eu\/fr\/wp-json\/wp\/v2\/pages\/27809\/revisions"}],"predecessor-version":[{"id":27810,"href":"https:\/\/thuisbatterijoutlet.eu\/fr\/wp-json\/wp\/v2\/pages\/27809\/revisions\/27810"}],"wp:attachment":[{"href":"https:\/\/thuisbatterijoutlet.eu\/fr\/wp-json\/wp\/v2\/media?parent=27809"}],"curies":[{"name":"wp","href":"https:\/\/api.w.org\/{rel}","templated":true}]}}