{"id":27811,"date":"2024-12-20T10:49:52","date_gmt":"2024-12-20T10:49:52","guid":{"rendered":"https:\/\/thuisbatterijoutlet.eu\/?page_id=27811"},"modified":"2024-12-20T10:59:12","modified_gmt":"2024-12-20T10:59:12","slug":"betaling","status":"publish","type":"page","link":"https:\/\/thuisbatterijoutlet.eu\/fr\/paiement\/","title":{"rendered":"Paiement"},"content":{"rendered":"<h2 class=\"wp-block-heading\">Paiement dans la boutique en ligne<\/h2>\n\n\n\n<h3 class=\"wp-block-heading\">Comment puis-je payer ?<\/h3>\n\n\n\n<p>Carte de cr\u00e9dit (VISA, MasterCard), Bancontact, bouton de paiement KBC\/Belfius, iDEAL et virement bancaire.<\/p>\n\n\n\n<h3 class=\"wp-block-heading\">Solyd dispose-t-il d'un environnement de paiement s\u00e9curis\u00e9 ?<\/h3>\n\n\n\n<p>Oui. D\u00e8s que vous passez \u00e0 la caisse, vous entrez dans un environnement Internet s\u00e9curis\u00e9. Cela permet d'\u00e9viter que d'autres personnes ne jettent un coup d'\u0153il en douce. Les donn\u00e9es de votre transaction sont envoy\u00e9es de mani\u00e8re crypt\u00e9e via une connexion SSL. Vous reconna\u00eetrez une connexion SSL s\u00e9curis\u00e9e au cadenas vert de votre navigateur.<\/p>\n\n\n\n<h2 class=\"wp-block-heading\">Remboursement<\/h2>\n\n\n\n<h3 class=\"wp-block-heading\">Comment puis-je recevoir mon remboursement ?<\/h3>\n\n\n\n<p>Nous vous rembourserons par le biais du mode de paiement que vous avez utilis\u00e9. Si vous avez pay\u00e9 avec un bon, un ch\u00e8que-cadeau ou un cr\u00e9dit, vous serez rembours\u00e9 sous forme de cr\u00e9dit d'achat. Nous vous enverrons un e-mail de confirmation lorsque nous vous aurons rembours\u00e9 ou lorsque le cr\u00e9dit sera disponible.<\/p>\n\n\n\n<h3 class=\"wp-block-heading\">Que se passe-t-il si je n'ai pas re\u00e7u de remboursement ?<\/h3>\n\n\n\n<p>Le temps n\u00e9cessaire pour que le remboursement arrive sur votre compte varie d'une banque \u00e0 l'autre. Le montant n'est toujours pas sur votre compte apr\u00e8s 5 jours ouvrables ? Envoyez un e-mail \u00e0\u00a0<a href=\"mailto:klanten@thuisbatterijoutlet.eu\">klanten@thuisbatterijoutlet.eu<\/a>.<\/p>\n\n\n\n<h3 class=\"wp-block-heading\">Dans quel d\u00e9lai serai-je rembours\u00e9 apr\u00e8s l'annulation ?<\/h3>\n\n\n\n<p>D\u00e8s que nous aurons trait\u00e9 votre annulation, nous vous rembourserons. La rapidit\u00e9 avec laquelle l'argent arrivera sur votre compte d\u00e9pend de votre mode de paiement.<\/p>\n\n\n\n<ul class=\"wp-block-list\">\n<li>Bancontact : dans les 3 jours ouvrables<\/li>\n\n\n\n<li>Carte de cr\u00e9dit\/PayPal : le montant r\u00e9serv\u00e9 sera pr\u00e9lev\u00e9 dans les 3 jours.<\/li>\n\n\n\n<li>Virement bancaire : vous ne devez plus payer. Vous avez d\u00e9j\u00e0 transf\u00e9r\u00e9 l'argent ? D\u00e8s que l'argent nous parvient, nous le remboursons dans les 3 jours ouvrables.<\/li>\n<\/ul>\n\n\n\n<p><\/p>","protected":false},"excerpt":{"rendered":"<p>Betalen in de webshop Hoe kan ik betalen? Kredietkaart (VISA, MasterCard), Bancontact, KBC\/Belfius betaalknop, iDEAL en overschrijving. Heeft Solyd een<\/p>","protected":false},"author":1,"featured_media":0,"parent":0,"menu_order":0,"comment_status":"closed","ping_status":"closed","template":"elementor_header_footer","meta":{"footnotes":""},"class_list":["post-27811","page","type-page","status-publish","hentry"],"_links":{"self":[{"href":"https:\/\/thuisbatterijoutlet.eu\/fr\/wp-json\/wp\/v2\/pages\/27811","targetHints":{"allow":["GET"]}}],"collection":[{"href":"https:\/\/thuisbatterijoutlet.eu\/fr\/wp-json\/wp\/v2\/pages"}],"about":[{"href":"https:\/\/thuisbatterijoutlet.eu\/fr\/wp-json\/wp\/v2\/types\/page"}],"author":[{"embeddable":true,"href":"https:\/\/thuisbatterijoutlet.eu\/fr\/wp-json\/wp\/v2\/users\/1"}],"replies":[{"embeddable":true,"href":"https:\/\/thuisbatterijoutlet.eu\/fr\/wp-json\/wp\/v2\/comments?post=27811"}],"version-history":[{"count":1,"href":"https:\/\/thuisbatterijoutlet.eu\/fr\/wp-json\/wp\/v2\/pages\/27811\/revisions"}],"predecessor-version":[{"id":27812,"href":"https:\/\/thuisbatterijoutlet.eu\/fr\/wp-json\/wp\/v2\/pages\/27811\/revisions\/27812"}],"wp:attachment":[{"href":"https:\/\/thuisbatterijoutlet.eu\/fr\/wp-json\/wp\/v2\/media?parent=27811"}],"curies":[{"name":"wp","href":"https:\/\/api.w.org\/{rel}","templated":true}]}}