{"id":6275,"date":"2024-12-12T15:51:09","date_gmt":"2024-12-12T15:51:09","guid":{"rendered":"http:\/\/dummy.xtemos.com\/woodmart2\/elementor\/?page_id=4400"},"modified":"2024-12-21T19:22:34","modified_gmt":"2024-12-21T19:22:34","slug":"over-ons","status":"publish","type":"page","link":"https:\/\/thuisbatterijoutlet.eu\/fr\/a-propos-de-nous\/","title":{"rendered":"A propos de nous"},"content":{"rendered":"<div data-elementor-type=\"wp-page\" data-elementor-id=\"6275\" class=\"elementor elementor-6275\">\n\t\t\t\t<div class=\"wd-negative-gap elementor-element elementor-element-1c90c3f wd-section-stretch e-flex e-con-boxed e-con e-parent\" data-id=\"1c90c3f\" data-element_type=\"container\" data-e-type=\"container\" data-settings=\"{&quot;background_background&quot;:&quot;classic&quot;}\">\n\t\t\t\t\t<div class=\"e-con-inner\">\n\t\t\t\t<div class=\"elementor-element elementor-element-129433b elementor-widget elementor-widget-wd_text_block\" data-id=\"129433b\" data-element_type=\"widget\" data-e-type=\"widget\" data-widget_type=\"wd_text_block.default\">\n\t\t\t\t<div class=\"elementor-widget-container\">\n\t\t\t\t\t\t\t<div class=\"wd-text-block reset-last-child text-left\">\n\t\t\t\n\t\t\t<p><strong>Homebatteryoutlet.eu est la plateforme de connaissances sur les batteries domestiques aux Pays-Bas.<\/strong>\u00a0Sur notre site web, vous trouverez de nombreuses informations sur les batteries domestiques, le stockage de l'\u00e9nergie et la transition \u00e9nerg\u00e9tique.<\/p><p>Nous suivons de pr\u00e8s les derniers d\u00e9veloppements concernant les batteries domestiques et partageons des informations actualis\u00e9es. Ainsi, vous savez ce qui se passe et vous pouvez choisir en toute connaissance de cause de faire installer votre propre batterie.<\/p><p>En outre, vous pouvez obtenir des devis pour l'installation de votre propre batterie domestique via notre plateforme. En effet, notre plateforme comprend des entreprises d'installation qui peuvent vous donner des conseils sur les batteries domestiques. Elles peuvent \u00e9galement vous fournir un devis.<br \/><br \/>Les Pays-Bas sont en pleine transition \u00e9nerg\u00e9tique. Nous passons des combustibles fossiles aux \u00e9nergies renouvelables. Les panneaux solaires jouent un r\u00f4le essentiel \u00e0 cet \u00e9gard : non seulement parce qu'ils 100% produisent de l'\u00e9nergie durable et propre, mais aussi parce qu'ils sont rentables ! Chez Home Battery Outlet, notre mission est de fournir \u00e0 nos clients le meilleur concept global de panneaux solaires ; <strong>l'\u00e9nergie pour tous !<\/strong><br \/><br \/>Cela ne signifie pas n\u00e9cessairement le prix le plus bas ou la meilleure qualit\u00e9 : cela signifie le meilleur \u00e9quilibre entre le prix et la qualit\u00e9, le conseil, l'installation et le service. Cela signifie une solution qui s'adapte sp\u00e9cifiquement \u00e0 vos besoins, \u00e0 votre situation de vie et\/ou de travail, une solution qui, en fin de compte, vous donne le meilleur rendement ! En savoir plus sur notre\u00a0<span class=\"marker\">m\u00e9thode de travail<\/span>.<\/p><p>Toujours le +, c'est-\u00e0-dire Home Battery Outlet ! Le plus de Homebattery Outlet n'est pas seulement synonyme de formule parfaite et de r\u00e9sultat sup\u00e9rieur \u00e0 la somme des parties. Il signifie \u00e9galement que nous nous d\u00e9veloppons en permanence, que nous allons toujours plus loin et que nous recherchons toujours la meilleure solution ! <strong>Toujours pour le plus !<\/strong> Chez Home Battery Outlet, nous sommes de v\u00e9ritables fabricants, poseurs et constructeurs. Nous sommes dans l'industrie depuis 2011, nous ma\u00eetrisons le m\u00e9tier \u00e0 la perfection et nous avons rassembl\u00e9 nos connaissances sur le toit. Des connaissances que nous aimons partager, ce qui signifie que nous pouvons toujours vous fournir les meilleurs conseils.<\/p>\n\t\t\t\t\t<\/div>\n\t\t\t\t\t\t<\/div>\n\t\t\t\t<\/div>\n\t\t\t\t\t<\/div>\n\t\t\t\t<\/div>\n\t\t<div class=\"wd-negative-gap elementor-element elementor-element-bf2de16 e-flex e-con-boxed e-con e-parent\" data-id=\"bf2de16\" data-element_type=\"container\" data-e-type=\"container\">\n\t\t\t\t\t<div class=\"e-con-inner\">\n\t\t<div class=\"elementor-element elementor-element-dd7736e e-con-full e-flex e-con e-child\" data-id=\"dd7736e\" data-element_type=\"container\" data-e-type=\"container\">\n\t\t\t\t<div class=\"elementor-element elementor-element-91230d5 elementor-widget elementor-widget-wd_image_or_svg\" data-id=\"91230d5\" data-element_type=\"widget\" data-e-type=\"widget\" data-widget_type=\"wd_image_or_svg.default\">\n\t\t\t\t<div class=\"elementor-widget-container\">\n\t\t\t\t\t\n\t\t<div class=\"wd-image text-left\">\n\t\t\t\t\t\t\t\t<img fetchpriority=\"high\" decoding=\"async\" width=\"1024\" height=\"1024\" src=\"https:\/\/thuisbatterijoutlet.eu\/wp-content\/uploads\/2024\/12\/original-1.png\" class=\"attachment-full size-full\" alt=\"\" srcset=\"https:\/\/thuisbatterijoutlet.eu\/wp-content\/uploads\/2024\/12\/original-1.png 1024w, https:\/\/thuisbatterijoutlet.eu\/wp-content\/uploads\/2024\/12\/original-1-430x430.png 430w, https:\/\/thuisbatterijoutlet.eu\/wp-content\/uploads\/2024\/12\/original-1-150x150.png 150w, https:\/\/thuisbatterijoutlet.eu\/wp-content\/uploads\/2024\/12\/original-1-700x700.png 700w, https:\/\/thuisbatterijoutlet.eu\/wp-content\/uploads\/2024\/12\/original-1-300x300.png 300w, https:\/\/thuisbatterijoutlet.eu\/wp-content\/uploads\/2024\/12\/original-1-800x800.png 800w, https:\/\/thuisbatterijoutlet.eu\/wp-content\/uploads\/2024\/12\/original-1-768x768.png 768w\" sizes=\"(max-width: 1024px) 100vw, 1024px\" \/>\t\t\t\t\t<\/div>\n\n\t\t\t\t\t\t<\/div>\n\t\t\t\t<\/div>\n\t\t\t\t<\/div>\n\t\t<div class=\"elementor-element elementor-element-c599294 e-con-full e-flex e-con e-child\" data-id=\"c599294\" data-element_type=\"container\" data-e-type=\"container\">\n\t\t\t\t<div class=\"elementor-element elementor-element-6386e71 elementor-widget elementor-widget-wd_image_or_svg\" data-id=\"6386e71\" data-element_type=\"widget\" data-e-type=\"widget\" data-widget_type=\"wd_image_or_svg.default\">\n\t\t\t\t<div class=\"elementor-widget-container\">\n\t\t\t\t\t\n\t\t<div class=\"wd-image text-left\">\n\t\t\t\t\t\t\t\t<img decoding=\"async\" width=\"1024\" height=\"1024\" src=\"https:\/\/thuisbatterijoutlet.eu\/wp-content\/uploads\/2024\/12\/original.png\" class=\"attachment-full size-full\" alt=\"\" srcset=\"https:\/\/thuisbatterijoutlet.eu\/wp-content\/uploads\/2024\/12\/original.png 1024w, https:\/\/thuisbatterijoutlet.eu\/wp-content\/uploads\/2024\/12\/original-430x430.png 430w, https:\/\/thuisbatterijoutlet.eu\/wp-content\/uploads\/2024\/12\/original-150x150.png 150w, https:\/\/thuisbatterijoutlet.eu\/wp-content\/uploads\/2024\/12\/original-700x700.png 700w, https:\/\/thuisbatterijoutlet.eu\/wp-content\/uploads\/2024\/12\/original-300x300.png 300w, https:\/\/thuisbatterijoutlet.eu\/wp-content\/uploads\/2024\/12\/original-800x800.png 800w, https:\/\/thuisbatterijoutlet.eu\/wp-content\/uploads\/2024\/12\/original-768x768.png 768w\" sizes=\"(max-width: 1024px) 100vw, 1024px\" \/>\t\t\t\t\t<\/div>\n\n\t\t\t\t\t\t<\/div>\n\t\t\t\t<\/div>\n\t\t\t\t<\/div>\n\t\t\t\t\t<\/div>\n\t\t\t\t<\/div>\n\t\t\t\t<\/div>","protected":false},"excerpt":{"rendered":"<p>Thuisbatterijoutlet.eu is h\u00e9t kennisplatform over thuisbatterijen van Nederland.\u00a0Op onze website vind je uitgebreide informatie over thuisbatterijen, energieopslag en de energietransitie.<\/p>","protected":false},"author":1,"featured_media":0,"parent":0,"menu_order":0,"comment_status":"closed","ping_status":"closed","template":"","meta":{"footnotes":""},"class_list":["post-6275","page","type-page","status-publish","hentry"],"_links":{"self":[{"href":"https:\/\/thuisbatterijoutlet.eu\/fr\/wp-json\/wp\/v2\/pages\/6275","targetHints":{"allow":["GET"]}}],"collection":[{"href":"https:\/\/thuisbatterijoutlet.eu\/fr\/wp-json\/wp\/v2\/pages"}],"about":[{"href":"https:\/\/thuisbatterijoutlet.eu\/fr\/wp-json\/wp\/v2\/types\/page"}],"author":[{"embeddable":true,"href":"https:\/\/thuisbatterijoutlet.eu\/fr\/wp-json\/wp\/v2\/users\/1"}],"replies":[{"embeddable":true,"href":"https:\/\/thuisbatterijoutlet.eu\/fr\/wp-json\/wp\/v2\/comments?post=6275"}],"version-history":[{"count":6,"href":"https:\/\/thuisbatterijoutlet.eu\/fr\/wp-json\/wp\/v2\/pages\/6275\/revisions"}],"predecessor-version":[{"id":28932,"href":"https:\/\/thuisbatterijoutlet.eu\/fr\/wp-json\/wp\/v2\/pages\/6275\/revisions\/28932"}],"wp:attachment":[{"href":"https:\/\/thuisbatterijoutlet.eu\/fr\/wp-json\/wp\/v2\/media?parent=6275"}],"curies":[{"name":"wp","href":"https:\/\/api.w.org\/{rel}","templated":true}]}}