{"id":27833,"date":"2024-12-20T18:31:56","date_gmt":"2024-12-20T18:31:56","guid":{"rendered":"https:\/\/thuisbatterijoutlet.eu\/?post_type=product&#038;p=27833"},"modified":"2025-03-08T07:38:58","modified_gmt":"2025-03-08T07:38:58","slug":"pylontech-battery-box-h3-30-7kwh","status":"publish","type":"product","link":"https:\/\/thuisbatterijoutlet.eu\/fr\/produit\/pylontech-battery-box-h3-30-7kwh\/","title":{"rendered":"Pylontech | Battery-Box H3 30.7kWh"},"content":{"rendered":"<p>La batterie domestique Pylontech Force H3 est le moyen id\u00e9al de stocker votre \u00e9nergie \u00e0 la maison. Avec une capacit\u00e9 de 30,7 Wh, cette batterie offre un stockage fiable et efficace de l'\u00e9nergie renouvelable. La technologie avanc\u00e9e du phosphate de fer lithi\u00e9 garantit une longue dur\u00e9e de vie et une s\u00e9curit\u00e9 \u00e9lev\u00e9e.<\/p>\n<p><strong>Ce bo\u00eetier de batterie Pylontech H3-30.7 est compos\u00e9 de :<\/strong><\/p>\n<ul class=\"wp-block-list\">\n<li>6X Pylontech Force H3 batterie de 5,12 kWh<\/li>\n<li>1X Pylontech Force H3 Base &amp; Cover<\/li>\n<li>1X Jeu de c\u00e2bles - HV rouge et noir (3 m\u00e8tres)<\/li>\n<\/ul>\n<h2 class=\"wp-block-heading\">Caract\u00e9ristiques du Force H3 30.7kWh<\/h2>\n<ul class=\"wp-block-list\">\n<li>30,7 kWh<\/li>\n<li>Tension nominale 512Vdc<\/li>\n<li>Haute tension<\/li>\n<li>IP55<\/li>\n<li>Dimensions 540 x 350 x 1210 mm<\/li>\n<li>248 kg<\/li>\n<\/ul>","protected":false},"excerpt":{"rendered":"<p>La batterie domestique Pylontech Force H3 est le moyen id\u00e9al pour stocker votre \u00e9nergie \u00e0 la maison. Cette batterie a<\/p>","protected":false},"featured_media":27867,"comment_status":"open","ping_status":"closed","template":"","meta":[],"pwb-brand":[155],"product_brand":[],"product_cat":[389],"product_tag":[],"class_list":{"0":"post-27833","1":"product","2":"type-product","3":"status-publish","4":"has-post-thumbnail","6":"pwb-brand-pylontech","7":"product_cat-thuisbatterij-systemen","9":"first","10":"instock","11":"shipping-taxable","12":"purchasable","13":"product-type-simple"},"brands":[{"id":155,"name":"Pylontech","slug":"pylontech"}],"_links":{"self":[{"href":"https:\/\/thuisbatterijoutlet.eu\/fr\/wp-json\/wp\/v2\/product\/27833","targetHints":{"allow":["GET"]}}],"collection":[{"href":"https:\/\/thuisbatterijoutlet.eu\/fr\/wp-json\/wp\/v2\/product"}],"about":[{"href":"https:\/\/thuisbatterijoutlet.eu\/fr\/wp-json\/wp\/v2\/types\/product"}],"replies":[{"embeddable":true,"href":"https:\/\/thuisbatterijoutlet.eu\/fr\/wp-json\/wp\/v2\/comments?post=27833"}],"version-history":[{"count":1,"href":"https:\/\/thuisbatterijoutlet.eu\/fr\/wp-json\/wp\/v2\/product\/27833\/revisions"}],"predecessor-version":[{"id":27868,"href":"https:\/\/thuisbatterijoutlet.eu\/fr\/wp-json\/wp\/v2\/product\/27833\/revisions\/27868"}],"wp:featuredmedia":[{"embeddable":true,"href":"https:\/\/thuisbatterijoutlet.eu\/fr\/wp-json\/wp\/v2\/media\/27867"}],"wp:attachment":[{"href":"https:\/\/thuisbatterijoutlet.eu\/fr\/wp-json\/wp\/v2\/media?parent=27833"}],"wp:term":[{"taxonomy":"pwb-brand","embeddable":true,"href":"https:\/\/thuisbatterijoutlet.eu\/fr\/wp-json\/wp\/v2\/pwb-brand?post=27833"},{"taxonomy":"product_brand","embeddable":true,"href":"https:\/\/thuisbatterijoutlet.eu\/fr\/wp-json\/wp\/v2\/product_brand?post=27833"},{"taxonomy":"product_cat","embeddable":true,"href":"https:\/\/thuisbatterijoutlet.eu\/fr\/wp-json\/wp\/v2\/product_cat?post=27833"},{"taxonomy":"product_tag","embeddable":true,"href":"https:\/\/thuisbatterijoutlet.eu\/fr\/wp-json\/wp\/v2\/product_tag?post=27833"}],"curies":[{"name":"wp","href":"https:\/\/api.w.org\/{rel}","templated":true}]}}