{"id":27913,"date":"2024-12-20T18:32:18","date_gmt":"2024-12-20T18:32:18","guid":{"rendered":"https:\/\/thuisbatterijoutlet.eu\/?post_type=product&#038;p=27913"},"modified":"2025-03-08T07:38:47","modified_gmt":"2025-03-08T07:38:47","slug":"enphase-iq-battery-10t","status":"publish","type":"product","link":"https:\/\/thuisbatterijoutlet.eu\/fr\/produit\/batterie-enphase-iq-10t\/","title":{"rendered":"Enphase IQ Battery 10T"},"content":{"rendered":"<p>Vous en avez assez des r\u00e9seaux \u00e9lectriques peu fiables et des factures d'\u00e9lectricit\u00e9 \u00e9lev\u00e9es ? Ne cherchez plus : Enphase IQ Battery 10T 10.5kWh ! Cette batterie r\u00e9volutionnaire va changer votre fa\u00e7on de concevoir le stockage de l'\u00e9nergie. Avec un design \u00e9l\u00e9gant et des performances in\u00e9gal\u00e9es, l'Enphase IQ Battery 10T 10.5kWh est la solution parfaite pour vos besoins en \u00e9nergie. Commandez d\u00e8s maintenant et d\u00e9couvrez la puissance d'Enphase !<\/p>","protected":false},"excerpt":{"rendered":"<p>10,5 kWh<\/p>","protected":false},"featured_media":27980,"comment_status":"open","ping_status":"closed","template":"","meta":[],"pwb-brand":[151],"product_brand":[],"product_cat":[77],"product_tag":[],"class_list":{"0":"post-27913","1":"product","2":"type-product","3":"status-publish","4":"has-post-thumbnail","6":"pwb-brand-enphase","7":"product_cat-thuisbatterijen","9":"first","10":"instock","11":"shipping-taxable","12":"purchasable","13":"product-type-simple"},"brands":[{"id":151,"name":"Enphase","slug":"enphase"}],"_links":{"self":[{"href":"https:\/\/thuisbatterijoutlet.eu\/fr\/wp-json\/wp\/v2\/product\/27913","targetHints":{"allow":["GET"]}}],"collection":[{"href":"https:\/\/thuisbatterijoutlet.eu\/fr\/wp-json\/wp\/v2\/product"}],"about":[{"href":"https:\/\/thuisbatterijoutlet.eu\/fr\/wp-json\/wp\/v2\/types\/product"}],"replies":[{"embeddable":true,"href":"https:\/\/thuisbatterijoutlet.eu\/fr\/wp-json\/wp\/v2\/comments?post=27913"}],"version-history":[{"count":2,"href":"https:\/\/thuisbatterijoutlet.eu\/fr\/wp-json\/wp\/v2\/product\/27913\/revisions"}],"predecessor-version":[{"id":29104,"href":"https:\/\/thuisbatterijoutlet.eu\/fr\/wp-json\/wp\/v2\/product\/27913\/revisions\/29104"}],"wp:featuredmedia":[{"embeddable":true,"href":"https:\/\/thuisbatterijoutlet.eu\/fr\/wp-json\/wp\/v2\/media\/27980"}],"wp:attachment":[{"href":"https:\/\/thuisbatterijoutlet.eu\/fr\/wp-json\/wp\/v2\/media?parent=27913"}],"wp:term":[{"taxonomy":"pwb-brand","embeddable":true,"href":"https:\/\/thuisbatterijoutlet.eu\/fr\/wp-json\/wp\/v2\/pwb-brand?post=27913"},{"taxonomy":"product_brand","embeddable":true,"href":"https:\/\/thuisbatterijoutlet.eu\/fr\/wp-json\/wp\/v2\/product_brand?post=27913"},{"taxonomy":"product_cat","embeddable":true,"href":"https:\/\/thuisbatterijoutlet.eu\/fr\/wp-json\/wp\/v2\/product_cat?post=27913"},{"taxonomy":"product_tag","embeddable":true,"href":"https:\/\/thuisbatterijoutlet.eu\/fr\/wp-json\/wp\/v2\/product_tag?post=27913"}],"curies":[{"name":"wp","href":"https:\/\/api.w.org\/{rel}","templated":true}]}}