{"id":27952,"date":"2024-12-20T18:32:47","date_gmt":"2024-12-20T18:32:47","guid":{"rendered":"https:\/\/thuisbatterijoutlet.eu\/?post_type=product&#038;p=27952"},"modified":"2025-03-08T07:38:38","modified_gmt":"2025-03-08T07:38:38","slug":"enphase-ac-gekoppeld-batterijsysteem-384kw-10kwh","status":"publish","type":"product","link":"https:\/\/thuisbatterijoutlet.eu\/fr\/produit\/systeme-de-batteries-couplees-enphase-ac-384kw-10kwh\/","title":{"rendered":"Enphase - Syst\u00e8me de batteries coupl\u00e9es AC 3.84kW, 10kWh"},"content":{"rendered":"<p>Important : certification de l'installateur requise ! Visitez l'Universit\u00e9 Enphase pour obtenir votre certification.<\/p>\n<p>Important : Prolongation de la date de mise sous tension de la batterieVoir le document sur la prolongation de la date de mise sous tension dans la section de t\u00e9l\u00e9chargement de cette page.Syst\u00e8me coupl\u00e9 AC Enphase avec IQ-Battery 10T<br \/> Ce kit contient tout le mat\u00e9riel n\u00e9cessaire pour un syst\u00e8me de batteries qui peut \u00eatre install\u00e9 en parall\u00e8le avec un syst\u00e8me photovolta\u00efque existant, quelle que soit la marque.<br \/> Avantages de la batterie Enphase IQ-Battery 10T :<\/p>\n<p>Syst\u00e8me de batterie CA enti\u00e8rement int\u00e9gr\u00e9 avec micro-onduleurs IQ 8X-BAT int\u00e9gr\u00e9s<br \/> Peut \u00eatre facilement raccord\u00e9 au courant alternatif d'une installation domestique standard<br \/> Ajuste le syst\u00e8me de mani\u00e8re optimale \u00e0 la situation de l'utilisateur<br \/> Contr\u00f4le et mesure pratiques via l'application mobile<br \/> Refroidissement passif (pas de pi\u00e8ces mobiles\/ventilateurs)<br \/> Longue dur\u00e9e de vie, garantie de 10 ans<br \/> Pour installer la batterie, votre installateur doit \u00eatre certifi\u00e9. Vous pouvez contacter le gestionnaire de compte Enphase \u00e0 ce sujet.<\/p>","protected":false},"excerpt":{"rendered":"<p>1-phase | 3-phase<\/p>","protected":false},"featured_media":27986,"comment_status":"open","ping_status":"closed","template":"","meta":[],"pwb-brand":[151],"product_brand":[],"product_cat":[389],"product_tag":[],"class_list":{"0":"post-27952","1":"product","2":"type-product","3":"status-publish","4":"has-post-thumbnail","6":"pwb-brand-enphase","7":"product_cat-thuisbatterij-systemen","9":"first","10":"instock","11":"shipping-taxable","12":"purchasable","13":"product-type-simple"},"brands":[{"id":151,"name":"Enphase","slug":"enphase"}],"_links":{"self":[{"href":"https:\/\/thuisbatterijoutlet.eu\/fr\/wp-json\/wp\/v2\/product\/27952","targetHints":{"allow":["GET"]}}],"collection":[{"href":"https:\/\/thuisbatterijoutlet.eu\/fr\/wp-json\/wp\/v2\/product"}],"about":[{"href":"https:\/\/thuisbatterijoutlet.eu\/fr\/wp-json\/wp\/v2\/types\/product"}],"replies":[{"embeddable":true,"href":"https:\/\/thuisbatterijoutlet.eu\/fr\/wp-json\/wp\/v2\/comments?post=27952"}],"version-history":[{"count":1,"href":"https:\/\/thuisbatterijoutlet.eu\/fr\/wp-json\/wp\/v2\/product\/27952\/revisions"}],"predecessor-version":[{"id":27987,"href":"https:\/\/thuisbatterijoutlet.eu\/fr\/wp-json\/wp\/v2\/product\/27952\/revisions\/27987"}],"wp:featuredmedia":[{"embeddable":true,"href":"https:\/\/thuisbatterijoutlet.eu\/fr\/wp-json\/wp\/v2\/media\/27986"}],"wp:attachment":[{"href":"https:\/\/thuisbatterijoutlet.eu\/fr\/wp-json\/wp\/v2\/media?parent=27952"}],"wp:term":[{"taxonomy":"pwb-brand","embeddable":true,"href":"https:\/\/thuisbatterijoutlet.eu\/fr\/wp-json\/wp\/v2\/pwb-brand?post=27952"},{"taxonomy":"product_brand","embeddable":true,"href":"https:\/\/thuisbatterijoutlet.eu\/fr\/wp-json\/wp\/v2\/product_brand?post=27952"},{"taxonomy":"product_cat","embeddable":true,"href":"https:\/\/thuisbatterijoutlet.eu\/fr\/wp-json\/wp\/v2\/product_cat?post=27952"},{"taxonomy":"product_tag","embeddable":true,"href":"https:\/\/thuisbatterijoutlet.eu\/fr\/wp-json\/wp\/v2\/product_tag?post=27952"}],"curies":[{"name":"wp","href":"https:\/\/api.w.org\/{rel}","templated":true}]}}